{"id":165273,"date":"2026-05-05T14:27:29","date_gmt":"2026-05-05T12:27:29","guid":{"rendered":"https:\/\/secureus.se\/hid-omnikey-3121-smart-card-reader-r31210320-01\/"},"modified":"2026-05-05T17:10:46","modified_gmt":"2026-05-05T15:10:46","slug":"hid-omnikey-3121-smart-card-reader-r31210320-01","status":"publish","type":"product","link":"https:\/\/secureus.se\/pl\/hid-omnikey-3121-smart-card-reader-r31210320-01\/","title":{"rendered":"Czytnik kart inteligentnych HID Omnikey 3121 R31210320-01"},"content":{"rendered":"<p>Czytnik kart inteligentnych HID Omnikey 3121 to wydajny czytnik kart do u\u017cytku stacjonarnego, dost\u0119pny z r\u00f3\u017cnymi podstawkami do pracy w pionie i poziomie. Ten \u0142atwy w instalacji czytnik kart USB jest odpowiedni do wszystkich zastosowa\u0144 kart zbli\u017ceniowych i jest dostarczany z uchwytem umo\u017cliwiaj\u0105cym monta\u017c na sta\u0142e (np. na monitorze komputera).<\/p>\n<ul>\n<li>Solidna obudowa i d\u0142ugi kabel USB<\/li>\n<li>Szybka transmisja danych<\/li>\n<li>Obs\u0142ugiwane s\u0105 wszystkie g\u0142\u00f3wne systemy operacyjne<\/li>\n<li>Numer cz\u0119\u015bci producenta: R31210320-01<\/li>\n<\/ul>\n<p>\n <strong><br \/>\n Waga produktu:<br \/>\n 0,20 kg<br \/>\n <\/strong>\n <\/p>","protected":false},"excerpt":{"rendered":"<p>The HID Omnikey 3121 Smart Card Reader is a high-performance\u00a0card reader for desktop use and comes with different standing base options for both vertical and horizontal use. This easy-to-install USB<\/p>","protected":false},"featured_media":165272,"template":"","meta":{"_acf_changed":false},"product_brand":[],"product_cat":[5132],"product_tag":[],"class_list":{"0":"post-165273","1":"product","2":"type-product","3":"status-publish","4":"has-post-thumbnail","6":"product_cat-lasare-passersystem","7":"tm-no-options","9":"first","10":"instock","11":"sale","12":"taxable","13":"shipping-taxable","14":"purchasable","15":"product-type-simple"},"acf":[],"_links":{"self":[{"href":"https:\/\/secureus.se\/pl\/wp-json\/wp\/v2\/product\/165273","targetHints":{"allow":["GET"]}}],"collection":[{"href":"https:\/\/secureus.se\/pl\/wp-json\/wp\/v2\/product"}],"about":[{"href":"https:\/\/secureus.se\/pl\/wp-json\/wp\/v2\/types\/product"}],"wp:featuredmedia":[{"embeddable":true,"href":"https:\/\/secureus.se\/pl\/wp-json\/wp\/v2\/media\/165272"}],"wp:attachment":[{"href":"https:\/\/secureus.se\/pl\/wp-json\/wp\/v2\/media?parent=165273"}],"wp:term":[{"taxonomy":"product_brand","embeddable":true,"href":"https:\/\/secureus.se\/pl\/wp-json\/wp\/v2\/product_brand?post=165273"},{"taxonomy":"product_cat","embeddable":true,"href":"https:\/\/secureus.se\/pl\/wp-json\/wp\/v2\/product_cat?post=165273"},{"taxonomy":"product_tag","embeddable":true,"href":"https:\/\/secureus.se\/pl\/wp-json\/wp\/v2\/product_tag?post=165273"}],"curies":[{"name":"wp","href":"https:\/\/api.w.org\/{rel}","templated":true}]}}