{"id":165277,"date":"2026-05-05T14:27:20","date_gmt":"2026-05-05T12:27:20","guid":{"rendered":"https:\/\/secureus.se\/hid-signo-mechanical-keypad-reader-40t\/"},"modified":"2026-05-05T17:22:17","modified_gmt":"2026-05-05T15:22:17","slug":"hid-signo-mechanical-keypad-reader-40t","status":"publish","type":"product","link":"https:\/\/secureus.se\/pl\/hid-signo-mechanical-keypad-reader-40t\/","title":{"rendered":"HID\u00ae Signo\u2122 Mechanical Keypad Reader 40T"},"content":{"rendered":"<p>Czytnik HID Signo 40T zosta\u0142 zaprojektowany z my\u015bl\u0105 o bezpiecznej kontroli dost\u0119pu za pomoc\u0105 wytrzyma\u0142ej klawiatury mechanicznej. Zaprojektowany z my\u015bl\u0105 o \u015brodowiskach, w kt\u00f3rych opr\u00f3cz uwierzytelniania kart\u0105 lub telefonem kom\u00f3rkowym wymagane jest podanie kodu PIN, czytnik obs\u0142uguje szerok\u0105 gam\u0119 technologii w cz\u0119stotliwo\u015bciach 2,4 GHz, 13,56 MHz i 125 kHz:<\/p>\n<ul>\n<li>iCLASS Seos\u00ae<\/li>\n<li>iCLASS, iCLASS SE\u00ae, CEPAS<\/li>\n<li>MIFARE\u2122 Classic, MIFARE\u2122 DESFire\u2122<\/li>\n<li>HID Prox\u00ae, Indala Prox\u00ae, AWID Prox\u00ae, EM Prox\u00ae<\/li>\n<li>12-klawiszowa klawiatura mechaniczna do uwierzytelniania PIN-em<\/li>\n<\/ul>\n<p><strong>Numer cz\u0119\u015bci producenta: 40TTKS-00-00BMMD<\/strong><\/p>\n<p>\n <strong><br \/>\n Waga produktu:<br \/>\n 0,50 kg<br \/>\n <\/strong>\n <\/p>","protected":false},"excerpt":{"rendered":"<p>The HID Signo 40T Reader is built for secure access control using a durable mechanical keypad. Designed for environments that require PIN entry alongside card or mobile credentials, this reader<\/p>","protected":false},"featured_media":165274,"template":"","meta":{"_acf_changed":false},"product_brand":[],"product_cat":[5132],"product_tag":[],"class_list":{"0":"post-165277","1":"product","2":"type-product","3":"status-publish","4":"has-post-thumbnail","6":"product_cat-lasare-passersystem","7":"tm-no-options","9":"first","10":"outofstock","11":"sale","12":"taxable","13":"shipping-taxable","14":"purchasable","15":"product-type-simple"},"acf":[],"_links":{"self":[{"href":"https:\/\/secureus.se\/pl\/wp-json\/wp\/v2\/product\/165277","targetHints":{"allow":["GET"]}}],"collection":[{"href":"https:\/\/secureus.se\/pl\/wp-json\/wp\/v2\/product"}],"about":[{"href":"https:\/\/secureus.se\/pl\/wp-json\/wp\/v2\/types\/product"}],"wp:featuredmedia":[{"embeddable":true,"href":"https:\/\/secureus.se\/pl\/wp-json\/wp\/v2\/media\/165274"}],"wp:attachment":[{"href":"https:\/\/secureus.se\/pl\/wp-json\/wp\/v2\/media?parent=165277"}],"wp:term":[{"taxonomy":"product_brand","embeddable":true,"href":"https:\/\/secureus.se\/pl\/wp-json\/wp\/v2\/product_brand?post=165277"},{"taxonomy":"product_cat","embeddable":true,"href":"https:\/\/secureus.se\/pl\/wp-json\/wp\/v2\/product_cat?post=165277"},{"taxonomy":"product_tag","embeddable":true,"href":"https:\/\/secureus.se\/pl\/wp-json\/wp\/v2\/product_tag?post=165277"}],"curies":[{"name":"wp","href":"https:\/\/api.w.org\/{rel}","templated":true}]}}