{"id":165279,"date":"2026-05-05T14:27:29","date_gmt":"2026-05-05T12:27:29","guid":{"rendered":"https:\/\/secureus.se\/msr100-usb-magnetic-card-swipe-reader\/"},"modified":"2026-05-05T17:44:56","modified_gmt":"2026-05-05T15:44:56","slug":"msr100-usb-magnetic-card-swipe-reader","status":"publish","type":"product","link":"https:\/\/secureus.se\/pl\/msr100-usb-magnetic-card-swipe-reader\/","title":{"rendered":"Czytnik kart magnetycznych USB MSR100"},"content":{"rendered":"<p>Nasz wszechstronny czytnik kart magnetycznych USB MSR100 typu plug and play jest przeznaczony do punkt\u00f3w sprzeda\u017cy, gromadzenia danych i kontroli dost\u0119pu. Jest dwukierunkowy i zasilany przez USB.<\/p>\n<ul>\n<li>\u017bywotno\u015b\u0107 g\u0142owy wynosi oko\u0142o 300 000 przej\u015b\u0107.<\/li>\n<li>\u00a0Odczytuje do 3 \u015bcie\u017cek danych, np. dekodowanie\/kodowanie.<\/li>\n<li>Weryfikuje do 3 \u015bcie\u017cek danych jednocze\u015bnie.<\/li>\n<\/ul>\n<p>\n <strong><br \/>\n Waga produktu:<br \/>\n 0,13 kg<br \/>\n <\/strong>\n <\/p>","protected":false},"excerpt":{"rendered":"<p>Our versatile plug and play MSR100 USB Magnetic Card Swipe Reader is used for point of sale, data collection and access control. It is bi-directional and USB-powered. Lifespan of head<\/p>","protected":false},"featured_media":165278,"template":"","meta":{"_acf_changed":false},"product_brand":[],"product_cat":[5132],"product_tag":[],"class_list":{"0":"post-165279","1":"product","2":"type-product","3":"status-publish","4":"has-post-thumbnail","6":"product_cat-lasare-passersystem","7":"pa_brands-msr","8":"tm-no-options","10":"first","11":"instock","12":"sale","13":"taxable","14":"shipping-taxable","15":"purchasable","16":"product-type-simple"},"acf":[],"_links":{"self":[{"href":"https:\/\/secureus.se\/pl\/wp-json\/wp\/v2\/product\/165279","targetHints":{"allow":["GET"]}}],"collection":[{"href":"https:\/\/secureus.se\/pl\/wp-json\/wp\/v2\/product"}],"about":[{"href":"https:\/\/secureus.se\/pl\/wp-json\/wp\/v2\/types\/product"}],"wp:featuredmedia":[{"embeddable":true,"href":"https:\/\/secureus.se\/pl\/wp-json\/wp\/v2\/media\/165278"}],"wp:attachment":[{"href":"https:\/\/secureus.se\/pl\/wp-json\/wp\/v2\/media?parent=165279"}],"wp:term":[{"taxonomy":"product_brand","embeddable":true,"href":"https:\/\/secureus.se\/pl\/wp-json\/wp\/v2\/product_brand?post=165279"},{"taxonomy":"product_cat","embeddable":true,"href":"https:\/\/secureus.se\/pl\/wp-json\/wp\/v2\/product_cat?post=165279"},{"taxonomy":"product_tag","embeddable":true,"href":"https:\/\/secureus.se\/pl\/wp-json\/wp\/v2\/product_tag?post=165279"}],"curies":[{"name":"wp","href":"https:\/\/api.w.org\/{rel}","templated":true}]}}