{"id":165281,"date":"2026-05-05T14:27:29","date_gmt":"2026-05-05T12:27:29","guid":{"rendered":"https:\/\/secureus.se\/hid-r10-900ntntek00000-iclass-card-reader\/"},"modified":"2026-05-05T17:10:49","modified_gmt":"2026-05-05T15:10:49","slug":"hid-r10-900ntntek00000-iclass-card-reader","status":"publish","type":"product","link":"https:\/\/secureus.se\/pl\/hid-r10-900ntntek00000-iclass-card-reader\/","title":{"rendered":"Czytnik kart HID R10 900NTNTEK00000 iCLASS"},"content":{"rendered":"<p>Zdob\u0105d\u017a nasz przyjazny dla u\u017cytkownika CZYTNIK KART HID R10 900NTNTEK00000 iCLASS, kt\u00f3ry oferuje niezwykle elastyczn\u0105 platform\u0119 czytnika. Jego otwarta architektura sprawia, \u017ce jest kompatybilny z najpopularniejszymi kartami dost\u0119pnymi na rynku.<\/p>\n<ul>\n<li>\u00a0Czytnik kart inteligentnych Mullion<\/li>\n<li>\u00a0Te same po\u0142\u0105czenia okablowania.<\/li>\n<li>\u00a0Praca 5 lub 12 V, tak jak w przypadku naszych czytnik\u00f3w Prox.<\/li>\n<\/ul>\n<p>Numer cz\u0119\u015bci producenta: 900NTNTEK00000<\/p>\n<p>\n <strong><br \/>\n Waga produktu:<br \/>\n 0,50 kg<br \/>\n <\/strong>\n <\/p>","protected":false},"excerpt":{"rendered":"<p>Get our user-friendly HID R10 900NTNTEK00000 iCLASS CARD READER which offers a highly flexible reader platform. Its open architecture design makes it compatible with the most popular cards in the<\/p>","protected":false},"featured_media":165280,"template":"","meta":{"_acf_changed":false},"product_brand":[],"product_cat":[5132],"product_tag":[],"class_list":{"0":"post-165281","1":"product","2":"type-product","3":"status-publish","4":"has-post-thumbnail","6":"product_cat-lasare-passersystem","7":"tm-no-options","9":"first","10":"outofstock","11":"sale","12":"taxable","13":"shipping-taxable","14":"purchasable","15":"product-type-simple"},"acf":[],"_links":{"self":[{"href":"https:\/\/secureus.se\/pl\/wp-json\/wp\/v2\/product\/165281","targetHints":{"allow":["GET"]}}],"collection":[{"href":"https:\/\/secureus.se\/pl\/wp-json\/wp\/v2\/product"}],"about":[{"href":"https:\/\/secureus.se\/pl\/wp-json\/wp\/v2\/types\/product"}],"wp:featuredmedia":[{"embeddable":true,"href":"https:\/\/secureus.se\/pl\/wp-json\/wp\/v2\/media\/165280"}],"wp:attachment":[{"href":"https:\/\/secureus.se\/pl\/wp-json\/wp\/v2\/media?parent=165281"}],"wp:term":[{"taxonomy":"product_brand","embeddable":true,"href":"https:\/\/secureus.se\/pl\/wp-json\/wp\/v2\/product_brand?post=165281"},{"taxonomy":"product_cat","embeddable":true,"href":"https:\/\/secureus.se\/pl\/wp-json\/wp\/v2\/product_cat?post=165281"},{"taxonomy":"product_tag","embeddable":true,"href":"https:\/\/secureus.se\/pl\/wp-json\/wp\/v2\/product_tag?post=165281"}],"curies":[{"name":"wp","href":"https:\/\/api.w.org\/{rel}","templated":true}]}}