{"id":165286,"date":"2026-05-05T14:27:20","date_gmt":"2026-05-05T12:27:20","guid":{"rendered":"https:\/\/secureus.se\/stid-architect-modular-mifare-desfire-bluetooth-touchscreen-reader\/"},"modified":"2026-05-05T17:48:48","modified_gmt":"2026-05-05T15:48:48","slug":"stid-architect-modular-mifare-desfire-bluetooth-touchscreen-reader","status":"publish","type":"product","link":"https:\/\/secureus.se\/pl\/stid-architect-modular-mifare-desfire-bluetooth-touchscreen-reader\/","title":{"rendered":"STid Architect\u00ae Modular MIFARE\u00ae, DESFire\u00ae &amp; Bluetooth Touchscreen Reader"},"content":{"rendered":"<p>Czytnik z ekranem dotykowym STid Architect\u00ae Modular zawiera kolorowy ekran dotykowy, kt\u00f3ry wy\u015bwietla klawiatur\u0119 lub dodatkowe informacje. Czytnik posiada r\u00f3wnie\u017c funkcj\u0119 \u2018scramble pad\u2019 dla klawiatury, co zwi\u0119ksza bezpiecze\u0144stwo. Tryb ten losowo miesza cyfry na wy\u015bwietlaczu, zapobiegaj\u0105c kradzie\u017cy kod\u00f3w dost\u0119pu i zwi\u0119kszaj\u0105c bezpiecze\u0144stwo.<\/p>\n<ul>\n<li>Bezpieczny czytnik RFID i NFC HCE z kolorowym ekranem dotykowym do klawiatury<\/li>\n<li>Zawiera bezpieczn\u0105 funkcj\u0119 \u2018scramble pad\u2019<\/li>\n<li>Zasi\u0119g odczytu do 4 cm<\/li>\n<\/ul>\n<p>Numer cz\u0119\u015bci producenta: ARC-R31-C\/PH5-3i\/1<\/p>\n<p>\n <strong><br \/>\n Waga produktu:<br \/>\n 1,00 kg<br \/>\n <\/strong>\n <\/p>","protected":false},"excerpt":{"rendered":"<p>The STid Architect\u00ae Modular touchscreen reader contains a colour touch screen to display a keypad or additional information. The reader also contains a \u2018scramble pad\u2019 function for the keypad to<\/p>","protected":false},"featured_media":165282,"template":"","meta":{"_acf_changed":false},"product_brand":[],"product_cat":[5132],"product_tag":[],"class_list":{"0":"post-165286","1":"product","2":"type-product","3":"status-publish","4":"has-post-thumbnail","6":"product_cat-lasare-passersystem","7":"pa_brands-stid","8":"tm-no-options","10":"first","11":"outofstock","12":"sale","13":"taxable","14":"shipping-taxable","15":"purchasable","16":"product-type-simple"},"acf":[],"_links":{"self":[{"href":"https:\/\/secureus.se\/pl\/wp-json\/wp\/v2\/product\/165286","targetHints":{"allow":["GET"]}}],"collection":[{"href":"https:\/\/secureus.se\/pl\/wp-json\/wp\/v2\/product"}],"about":[{"href":"https:\/\/secureus.se\/pl\/wp-json\/wp\/v2\/types\/product"}],"wp:featuredmedia":[{"embeddable":true,"href":"https:\/\/secureus.se\/pl\/wp-json\/wp\/v2\/media\/165282"}],"wp:attachment":[{"href":"https:\/\/secureus.se\/pl\/wp-json\/wp\/v2\/media?parent=165286"}],"wp:term":[{"taxonomy":"product_brand","embeddable":true,"href":"https:\/\/secureus.se\/pl\/wp-json\/wp\/v2\/product_brand?post=165286"},{"taxonomy":"product_cat","embeddable":true,"href":"https:\/\/secureus.se\/pl\/wp-json\/wp\/v2\/product_cat?post=165286"},{"taxonomy":"product_tag","embeddable":true,"href":"https:\/\/secureus.se\/pl\/wp-json\/wp\/v2\/product_tag?post=165286"}],"curies":[{"name":"wp","href":"https:\/\/api.w.org\/{rel}","templated":true}]}}