{"id":165316,"date":"2026-05-05T14:27:28","date_gmt":"2026-05-05T12:27:28","guid":{"rendered":"https:\/\/secureus.se\/honeywell-voyager-1202g-cordless-laser-usb-scanner-kit\/"},"modified":"2026-05-05T17:10:54","modified_gmt":"2026-05-05T15:10:54","slug":"honeywell-voyager-1202g-cordless-laser-usb-scanner-kit","status":"publish","type":"product","link":"https:\/\/secureus.se\/pl\/honeywell-voyager-1202g-cordless-laser-usb-scanner-kit\/","title":{"rendered":"Honeywell Voyager 1202G Cordless Laser USB Scanner Kit"},"content":{"rendered":"<p>Skaner jednoliniowy Honeywell Voyager 1202G USB wykorzystuje bezprzewodow\u0105 technologi\u0119 Bluetooth 2.1, oferuj\u0105c pe\u0142n\u0105 elastyczno\u015b\u0107 w zakresie wydajnego skanowania bez u\u017cycia r\u0105k i z r\u0119ki. Model 1202G mo\u017ce \u2018agresywnie\u2019 skanowa\u0107 praktycznie wszystkie liniowe kody kreskowe, od wysokiej g\u0119sto\u015bci do 3,5 mil, a wymienn\u0105 bateri\u0119 mo\u017cna szybko i \u0142atwo wymieni\u0107, aby kontynuowa\u0107 u\u017cytkowanie.<\/p>\n<ul>\n<li>Stojak w zestawie<\/li>\n<li>Nieograniczone poruszanie si\u0119 w promieniu 10 m od bazy<\/li>\n<li>Wymiary: 7,1\u201d x 3,6\u201d x 2,6\u201d (wys. x szer. x g\u0142.)<\/li>\n<li>Obs\u0142ugiwane interfejsy: USB, RS232, Keyboard Wedge, IBM 46xx (RS485)<\/li>\n<li>Cz\u0119stotliwo\u015b\u0107 skanowania: do 45 000 skan\u00f3w na jednym \u0142adowaniu<\/li>\n<\/ul>\n<p>\n <strong><br \/>\n Waga produktu:<br \/>\n 1,00 kg<br \/>\n <\/strong>\n <\/p>","protected":false},"excerpt":{"rendered":"<p>The Honeywell Voyager 1202G USB single-line scanner incorporates the freedom of Bluetooth 2.1 wireless technology to offer complete flexibility for high-performance, hands-free and handheld scanning. The 1202G can \u2018aggressively\u2019 scan<\/p>","protected":false},"featured_media":165315,"template":"","meta":{"_acf_changed":false},"product_brand":[],"product_cat":[5132],"product_tag":[],"class_list":{"0":"post-165316","1":"product","2":"type-product","3":"status-publish","4":"has-post-thumbnail","6":"product_cat-lasare-passersystem","7":"tm-no-options","9":"first","10":"outofstock","11":"sale","12":"taxable","13":"shipping-taxable","14":"purchasable","15":"product-type-simple"},"acf":[],"_links":{"self":[{"href":"https:\/\/secureus.se\/pl\/wp-json\/wp\/v2\/product\/165316","targetHints":{"allow":["GET"]}}],"collection":[{"href":"https:\/\/secureus.se\/pl\/wp-json\/wp\/v2\/product"}],"about":[{"href":"https:\/\/secureus.se\/pl\/wp-json\/wp\/v2\/types\/product"}],"wp:featuredmedia":[{"embeddable":true,"href":"https:\/\/secureus.se\/pl\/wp-json\/wp\/v2\/media\/165315"}],"wp:attachment":[{"href":"https:\/\/secureus.se\/pl\/wp-json\/wp\/v2\/media?parent=165316"}],"wp:term":[{"taxonomy":"product_brand","embeddable":true,"href":"https:\/\/secureus.se\/pl\/wp-json\/wp\/v2\/product_brand?post=165316"},{"taxonomy":"product_cat","embeddable":true,"href":"https:\/\/secureus.se\/pl\/wp-json\/wp\/v2\/product_cat?post=165316"},{"taxonomy":"product_tag","embeddable":true,"href":"https:\/\/secureus.se\/pl\/wp-json\/wp\/v2\/product_tag?post=165316"}],"curies":[{"name":"wp","href":"https:\/\/api.w.org\/{rel}","templated":true}]}}