{"id":165338,"date":"2026-05-05T14:27:27","date_gmt":"2026-05-05T12:27:27","guid":{"rendered":"https:\/\/secureus.se\/hid-5365egt00-miniprox-proximity-card-reader\/"},"modified":"2026-05-05T17:10:57","modified_gmt":"2026-05-05T15:10:57","slug":"hid-5365egt00-miniprox-proximity-card-reader","status":"publish","type":"product","link":"https:\/\/secureus.se\/pl\/hid-5365egt00-miniprox-proximity-card-reader\/","title":{"rendered":"HID 5365EGT00 MiniProx Proximity Card Reader"},"content":{"rendered":"<p>Czytnik kart zbli\u017ceniowych Miniprox HID 5365EGT00 z zamkni\u0119t\u0105 elektronik\u0105 oraz smuk\u0142ym i atrakcyjnym wygl\u0105dem idealnie nadaje si\u0119 do monta\u017cu i stosowania wewn\u0105trz lub na zewn\u0105trz budynk\u00f3w.<\/p>\n<ul>\n<li>Szpros 125kHx.<\/li>\n<li>Dost\u0119pne z kablem typu pigtail lub listw\u0105 zaciskow\u0105 (listwa zaciskowa tylko dla wersji do stref niebezpiecznych).<\/li>\n<li>Dost\u0119pne z interfejsem Wiegand lub Clock-and-Data.<\/li>\n<\/ul>\n<p>\n <strong><br \/>\n Waga produktu:<br \/>\n 0,22 kg<br \/>\n <\/strong>\n <\/p>","protected":false},"excerpt":{"rendered":"<p>The HID 5365EGT00 Miniprox Proximity Card Reader\u2019s potted electronics and slim, attractive design make it ideal for indoor or outdoor use and mounting. 125kHx Mullion. Available with either pigtail or<\/p>","protected":false},"featured_media":165337,"template":"","meta":{"_acf_changed":false},"product_brand":[],"product_cat":[5132],"product_tag":[],"class_list":{"0":"post-165338","1":"product","2":"type-product","3":"status-publish","4":"has-post-thumbnail","6":"product_cat-lasare-passersystem","7":"tm-no-options","9":"first","10":"outofstock","11":"sale","12":"taxable","13":"shipping-taxable","14":"purchasable","15":"product-type-simple"},"acf":[],"_links":{"self":[{"href":"https:\/\/secureus.se\/pl\/wp-json\/wp\/v2\/product\/165338","targetHints":{"allow":["GET"]}}],"collection":[{"href":"https:\/\/secureus.se\/pl\/wp-json\/wp\/v2\/product"}],"about":[{"href":"https:\/\/secureus.se\/pl\/wp-json\/wp\/v2\/types\/product"}],"wp:featuredmedia":[{"embeddable":true,"href":"https:\/\/secureus.se\/pl\/wp-json\/wp\/v2\/media\/165337"}],"wp:attachment":[{"href":"https:\/\/secureus.se\/pl\/wp-json\/wp\/v2\/media?parent=165338"}],"wp:term":[{"taxonomy":"product_brand","embeddable":true,"href":"https:\/\/secureus.se\/pl\/wp-json\/wp\/v2\/product_brand?post=165338"},{"taxonomy":"product_cat","embeddable":true,"href":"https:\/\/secureus.se\/pl\/wp-json\/wp\/v2\/product_cat?post=165338"},{"taxonomy":"product_tag","embeddable":true,"href":"https:\/\/secureus.se\/pl\/wp-json\/wp\/v2\/product_tag?post=165338"}],"curies":[{"name":"wp","href":"https:\/\/api.w.org\/{rel}","templated":true}]}}