{"id":165347,"date":"2026-05-05T14:27:18","date_gmt":"2026-05-05T12:27:18","guid":{"rendered":"https:\/\/secureus.se\/stid-architect-modular-mifare-desfire-bluetooth-standard-reader\/"},"modified":"2026-05-05T17:23:39","modified_gmt":"2026-05-05T15:23:39","slug":"stid-architect-modular-mifare-desfire-bluetooth-standard-reader","status":"publish","type":"product","link":"https:\/\/secureus.se\/pl\/stid-architect-modular-mifare-desfire-bluetooth-standard-reader\/","title":{"rendered":"STid Architect\u00ae Modular MIFARE\u00ae, DESFire\u00ae &amp; Bluetooth Standard Reader"},"content":{"rendered":"<p>Standardowy czytnik dost\u0119pu STid Architect Modular zapewnia wyj\u0105tkowe wra\u017cenia u\u017cytkownika, zachowuj\u0105c jednocze\u015bnie wysoki poziom bezpiecze\u0144stwa. Czytnik ten jest wysoce odporny na akty wandalizmu, odporny na trudne warunki zewn\u0119trzne i dzia\u0142a na cz\u0119stotliwo\u015bci 13,56 MHz. Jako cz\u0119\u015b\u0107 wielokrotnie nagradzanej serii STid Architect, czytnik ten stanowi idealne po\u0142\u0105czenie wysokiego poziomu bezpiecze\u0144stwa i skalowalno\u015bci.<\/p>\n<ul>\n<li>Bezpieczny czytnik RFID i NFC<\/li>\n<li>Wytrzyma\u0142o\u015b\u0107 w trudnych warunkach zewn\u0119trznych<\/li>\n<li>Zasi\u0119g odczytu do 8 cm<\/li>\n<\/ul>\n<p>Numer cz\u0119\u015bci producenta: ARC-R31-A\/PH5-3i\/1<\/p>\n<p>\n <strong><br \/>\n Waga produktu:<br \/>\n 1,00 kg<br \/>\n <\/strong>\n <\/p>","protected":false},"excerpt":{"rendered":"<p>The STid Architect Modular standard access reader delivers a spectacular user experience while maintaining high levels of security. This reader is highly resistant to vandalism, tough in harsh outdoor environments<\/p>","protected":false},"featured_media":165343,"template":"","meta":{"_acf_changed":false},"product_brand":[],"product_cat":[5132],"product_tag":[],"class_list":{"0":"post-165347","1":"product","2":"type-product","3":"status-publish","4":"has-post-thumbnail","6":"product_cat-lasare-passersystem","7":"tm-no-options","9":"first","10":"instock","11":"sale","12":"taxable","13":"shipping-taxable","14":"purchasable","15":"product-type-simple"},"acf":[],"_links":{"self":[{"href":"https:\/\/secureus.se\/pl\/wp-json\/wp\/v2\/product\/165347","targetHints":{"allow":["GET"]}}],"collection":[{"href":"https:\/\/secureus.se\/pl\/wp-json\/wp\/v2\/product"}],"about":[{"href":"https:\/\/secureus.se\/pl\/wp-json\/wp\/v2\/types\/product"}],"wp:featuredmedia":[{"embeddable":true,"href":"https:\/\/secureus.se\/pl\/wp-json\/wp\/v2\/media\/165343"}],"wp:attachment":[{"href":"https:\/\/secureus.se\/pl\/wp-json\/wp\/v2\/media?parent=165347"}],"wp:term":[{"taxonomy":"product_brand","embeddable":true,"href":"https:\/\/secureus.se\/pl\/wp-json\/wp\/v2\/product_brand?post=165347"},{"taxonomy":"product_cat","embeddable":true,"href":"https:\/\/secureus.se\/pl\/wp-json\/wp\/v2\/product_cat?post=165347"},{"taxonomy":"product_tag","embeddable":true,"href":"https:\/\/secureus.se\/pl\/wp-json\/wp\/v2\/product_tag?post=165347"}],"curies":[{"name":"wp","href":"https:\/\/api.w.org\/{rel}","templated":true}]}}