{"id":165349,"date":"2026-05-05T14:27:27","date_gmt":"2026-05-05T12:27:27","guid":{"rendered":"https:\/\/secureus.se\/hid-5355agn00-proxpro-terminal-strip-card-reader\/"},"modified":"2026-05-05T17:11:00","modified_gmt":"2026-05-05T15:11:00","slug":"hid-5355agn00-proxpro-terminal-strip-card-reader","status":"publish","type":"product","link":"https:\/\/secureus.se\/pl\/hid-5355agn00-proxpro-terminal-strip-card-reader\/","title":{"rendered":"HID 5355AGN00 ProxPro Terminal Strip Card Reader"},"content":{"rendered":"<p>Wybierz nasz czytnik kart HID 5355AGN00 ProxPro Terminal Strip do zastosowa\u0144 \u015bredniego zasi\u0119gu. Ten czytnik kart jest \u0142atwy w instalacji i wyposa\u017cony w interfejs Wiegand lub Clock-and-Data.<\/p>\n<ul>\n<li>Konstrukcja odporna na warunki atmosferyczne, do u\u017cytku wewn\u0105trz i na zewn\u0105trz.<\/li>\n<li>Reads cards at 5&#8243; &#8211; 9&#8243; proximity, Terminal Strip &amp; Keypad.<\/li>\n<li>Prze\u0142\u0105cznik \u015bcienny 125 kHz, zakres napi\u0119cia sta\u0142ego 10\u201328 V.<\/li>\n<\/ul>\n<p>\n <strong><br \/>\n Waga produktu:<br \/>\n 0,12 kg<br \/>\n <\/strong>\n <\/p>","protected":false},"excerpt":{"rendered":"<p>Get our HID 5355AGN00 ProxPro Terminal Strip Card Reader for your medium range applications. This card reader is easy to install and comes with Wiegand or Clock-and-Data interface. Weatherproof Indoor\/Outdoor<\/p>","protected":false},"featured_media":165348,"template":"","meta":{"_acf_changed":false},"product_brand":[],"product_cat":[5132],"product_tag":[],"class_list":{"0":"post-165349","1":"product","2":"type-product","3":"status-publish","4":"has-post-thumbnail","6":"product_cat-lasare-passersystem","7":"tm-no-options","9":"first","10":"outofstock","11":"sale","12":"taxable","13":"shipping-taxable","14":"purchasable","15":"product-type-simple"},"acf":[],"_links":{"self":[{"href":"https:\/\/secureus.se\/pl\/wp-json\/wp\/v2\/product\/165349","targetHints":{"allow":["GET"]}}],"collection":[{"href":"https:\/\/secureus.se\/pl\/wp-json\/wp\/v2\/product"}],"about":[{"href":"https:\/\/secureus.se\/pl\/wp-json\/wp\/v2\/types\/product"}],"wp:featuredmedia":[{"embeddable":true,"href":"https:\/\/secureus.se\/pl\/wp-json\/wp\/v2\/media\/165348"}],"wp:attachment":[{"href":"https:\/\/secureus.se\/pl\/wp-json\/wp\/v2\/media?parent=165349"}],"wp:term":[{"taxonomy":"product_brand","embeddable":true,"href":"https:\/\/secureus.se\/pl\/wp-json\/wp\/v2\/product_brand?post=165349"},{"taxonomy":"product_cat","embeddable":true,"href":"https:\/\/secureus.se\/pl\/wp-json\/wp\/v2\/product_cat?post=165349"},{"taxonomy":"product_tag","embeddable":true,"href":"https:\/\/secureus.se\/pl\/wp-json\/wp\/v2\/product_tag?post=165349"}],"curies":[{"name":"wp","href":"https:\/\/api.w.org\/{rel}","templated":true}]}}