{"id":165353,"date":"2026-05-05T14:27:27","date_gmt":"2026-05-05T12:27:27","guid":{"rendered":"https:\/\/secureus.se\/zebra-ls1203-sr-scanner-usb-kit\/"},"modified":"2026-05-05T17:45:52","modified_gmt":"2026-05-05T15:45:52","slug":"zebra-ls1203-sr-scanner-usb-kit","status":"publish","type":"product","link":"https:\/\/secureus.se\/pl\/zebra-ls1203-sr-scanner-usb-kit\/","title":{"rendered":"Zebra LS1203 SR Scanner USB Kit"},"content":{"rendered":"<p>Skaner Zebra LS1203 SR zapewnia funkcjonalno\u015b\u0107, niezawodno\u015b\u0107 i znacz\u0105co redukuje b\u0142\u0119dy wprowadzania danych, zwi\u0119kszaj\u0105c produktywno\u015b\u0107 w miejscu pracy. Zaprojektowany dla ma\u0142ych firm, ten dwukierunkowy skaner r\u0119czny odczytuje wszystkie kody kreskowe 1D, a konstrukcja typu plug-and-play umo\u017cliwia natychmiastow\u0105 konfiguracj\u0119. Zasi\u0119g skanera laserowego SR wynosi od 10 cali do 25 cm (10 cali) i jest odporny na upadek z wysoko\u015bci 1,5 m na beton.<\/p>\n<ul>\n<li>Zawiera kabel USB i podstawk\u0119<\/li>\n<li>Przewodowy interfejs wielointerfejsowy<\/li>\n<li>Wymiary: 7,1\u201d x 2,4\u201d x 2,4\u201d (wys. x szer. x g\u0142.)<\/li>\n<li>Obs\u0142ugiwane interfejsy: USB, RS232, Keyboard Wedge<\/li>\n<li>Cz\u0119stotliwo\u015b\u0107 skanowania: 100 skan\u00f3w na sekund\u0119<\/li>\n<\/ul>\n<p>\n <strong><br \/>\n Waga produktu:<br \/>\n 1,00 kg<br \/>\n <\/strong>\n <\/p>","protected":false},"excerpt":{"rendered":"<p>The Zebra LS1203 SR scanner delivers functionality, reliability and significantly reduces data entry errors to improve productivity in the workplace. Designed for small businesses, this bi-directional handheld scanner reads all<\/p>","protected":false},"featured_media":165350,"template":"","meta":{"_acf_changed":false},"product_brand":[],"product_cat":[5132],"product_tag":[],"class_list":{"0":"post-165353","1":"product","2":"type-product","3":"status-publish","4":"has-post-thumbnail","6":"product_cat-lasare-passersystem","7":"pa_brands-zebra-2","8":"tm-no-options","10":"first","11":"outofstock","12":"sale","13":"taxable","14":"shipping-taxable","15":"purchasable","16":"product-type-simple"},"acf":[],"_links":{"self":[{"href":"https:\/\/secureus.se\/pl\/wp-json\/wp\/v2\/product\/165353","targetHints":{"allow":["GET"]}}],"collection":[{"href":"https:\/\/secureus.se\/pl\/wp-json\/wp\/v2\/product"}],"about":[{"href":"https:\/\/secureus.se\/pl\/wp-json\/wp\/v2\/types\/product"}],"wp:featuredmedia":[{"embeddable":true,"href":"https:\/\/secureus.se\/pl\/wp-json\/wp\/v2\/media\/165350"}],"wp:attachment":[{"href":"https:\/\/secureus.se\/pl\/wp-json\/wp\/v2\/media?parent=165353"}],"wp:term":[{"taxonomy":"product_brand","embeddable":true,"href":"https:\/\/secureus.se\/pl\/wp-json\/wp\/v2\/product_brand?post=165353"},{"taxonomy":"product_cat","embeddable":true,"href":"https:\/\/secureus.se\/pl\/wp-json\/wp\/v2\/product_cat?post=165353"},{"taxonomy":"product_tag","embeddable":true,"href":"https:\/\/secureus.se\/pl\/wp-json\/wp\/v2\/product_tag?post=165353"}],"curies":[{"name":"wp","href":"https:\/\/api.w.org\/{rel}","templated":true}]}}