{"id":165360,"date":"2026-05-05T14:27:18","date_gmt":"2026-05-05T12:27:18","guid":{"rendered":"https:\/\/secureus.se\/pac-black-20119-oneprox-gs3-hf-panel-mount-reader\/"},"modified":"2026-05-05T17:23:22","modified_gmt":"2026-05-05T15:23:22","slug":"pac-black-20119-oneprox-gs3-hf-panel-mount-reader","status":"publish","type":"product","link":"https:\/\/secureus.se\/pl\/pac-black-20119-oneprox-gs3-hf-panel-mount-reader\/","title":{"rendered":"PAC Black 20119 OneProx GS3 HF Panel Mount Reader"},"content":{"rendered":"<p>Czytnik panelowy PAC Black OneProx GS3 o wysokiej cz\u0119stotliwo\u015bci zosta\u0142 zaprojektowany do monta\u017cu w panelach wej\u015bciowych OEM, co czyni go \u0142atw\u0105 opcj\u0105 modernizacji i integracji z domofonami i innymi systemami. Zaprojektowany do pracy w najbardziej wymagaj\u0105cych warunkach, czytnik posiada stopie\u0144 ochrony IP65, co zapewnia odporno\u015b\u0107 na warunki atmosferyczne zar\u00f3wno wewn\u0105trz, jak i na zewn\u0105trz. Jest to wersja panelowa czytnika OneProx GS3 o wysokiej cz\u0119stotliwo\u015bci.<\/p>\n<ul>\n<li>Kompatybilny z PAC Ops, PAC Ops Lite i wieloma wariantami Wiegand<\/li>\n<li>Zakres odczytu 20 mm<\/li>\n<li>Do\u017cywotnia gwarancja na awarie elektroniczne<\/li>\n<\/ul>\n<p>\n <strong><br \/>\n Waga produktu:<br \/>\n 0,50 kg<br \/>\n <\/strong>\n <\/p>\n<p>\n <strong>Cena od 277,20 \u20ac<\/strong>\n <\/p>","protected":false},"excerpt":{"rendered":"<p>The PAC black OneProx GS3 high-frequency panel mount reader.is designed to fit OEM door entry panels which makes it an easy retrofit reader option for integration with intercoms and other<\/p>","protected":false},"featured_media":165359,"template":"","meta":{"_acf_changed":false},"product_brand":[],"product_cat":[5132],"product_tag":[],"class_list":{"0":"post-165360","1":"product","2":"type-product","3":"status-publish","4":"has-post-thumbnail","6":"product_cat-lasare-passersystem","7":"tm-no-options","9":"first","10":"outofstock","11":"sale","12":"taxable","13":"shipping-taxable","14":"purchasable","15":"product-type-simple"},"acf":[],"_links":{"self":[{"href":"https:\/\/secureus.se\/pl\/wp-json\/wp\/v2\/product\/165360","targetHints":{"allow":["GET"]}}],"collection":[{"href":"https:\/\/secureus.se\/pl\/wp-json\/wp\/v2\/product"}],"about":[{"href":"https:\/\/secureus.se\/pl\/wp-json\/wp\/v2\/types\/product"}],"wp:featuredmedia":[{"embeddable":true,"href":"https:\/\/secureus.se\/pl\/wp-json\/wp\/v2\/media\/165359"}],"wp:attachment":[{"href":"https:\/\/secureus.se\/pl\/wp-json\/wp\/v2\/media?parent=165360"}],"wp:term":[{"taxonomy":"product_brand","embeddable":true,"href":"https:\/\/secureus.se\/pl\/wp-json\/wp\/v2\/product_brand?post=165360"},{"taxonomy":"product_cat","embeddable":true,"href":"https:\/\/secureus.se\/pl\/wp-json\/wp\/v2\/product_cat?post=165360"},{"taxonomy":"product_tag","embeddable":true,"href":"https:\/\/secureus.se\/pl\/wp-json\/wp\/v2\/product_tag?post=165360"}],"curies":[{"name":"wp","href":"https:\/\/api.w.org\/{rel}","templated":true}]}}