{"id":165362,"date":"2026-05-05T14:27:27","date_gmt":"2026-05-05T12:27:27","guid":{"rendered":"https:\/\/secureus.se\/hid-omnikey-a50210001-mounting-accessory-pack-pack-of-10\/"},"modified":"2026-05-05T17:45:58","modified_gmt":"2026-05-05T15:45:58","slug":"hid-omnikey-a50210001-mounting-accessory-pack-pack-of-10","status":"publish","type":"product","link":"https:\/\/secureus.se\/pl\/hid-omnikey-a50210001-mounting-accessory-pack-pack-of-10\/","title":{"rendered":"HID Omnikey A50210001 Mounting Accessory Pack (Pack of 10)"},"content":{"rendered":"<p>Zestaw akcesori\u00f3w monta\u017cowych HID Omnikey A50210001 to idealne narz\u0119dzie do bezpiecznego monta\u017cu czytnik\u00f3w HID Omnikey w miejscu pracy. Zestaw idealnie nadaje si\u0119 do monta\u017cu na kioskach, panelach, \u015bcianach i innych zastosowaniach wewn\u0119trznych.<\/p>\n<ul>\n<li>Zestaw monta\u017cowy do czytnik\u00f3w HID Omnikey<\/li>\n<li>Zawiera 10 x os\u0142on\u0119 monta\u017cow\u0105, \u015brub\u0119 monta\u017cow\u0105 (nakr\u0119tk\u0119 sze\u015bciok\u0105tn\u0105), pasek klej\u0105cy<\/li>\n<li>Kompatybilny z czytnikami HID Omnikey 5021, 5022, 5023, 5025, 5027, 5421, 5422, 5427<\/li>\n<li>Numer cz\u0119\u015bci producenta: A50210001<\/li>\n<\/ul>\n<p>\n <strong><br \/>\n Waga produktu:<br \/>\n 0,50 kg<br \/>\n <\/strong>\n <\/p>","protected":false},"excerpt":{"rendered":"<p>The HID Omnikey A50210001 Mounting Accessory Pack is the ideal tool for securely mounting HID Omnikey readers in the workplace. This kit is perfect for mounting to kiosks, panels, walls<\/p>","protected":false},"featured_media":165361,"template":"","meta":{"_acf_changed":false},"product_brand":[],"product_cat":[5132],"product_tag":[],"class_list":{"0":"post-165362","1":"product","2":"type-product","3":"status-publish","4":"has-post-thumbnail","6":"product_cat-lasare-passersystem","7":"pa_brands-hid","8":"tm-no-options","10":"first","11":"outofstock","12":"sale","13":"taxable","14":"shipping-taxable","15":"purchasable","16":"product-type-simple"},"acf":[],"_links":{"self":[{"href":"https:\/\/secureus.se\/pl\/wp-json\/wp\/v2\/product\/165362","targetHints":{"allow":["GET"]}}],"collection":[{"href":"https:\/\/secureus.se\/pl\/wp-json\/wp\/v2\/product"}],"about":[{"href":"https:\/\/secureus.se\/pl\/wp-json\/wp\/v2\/types\/product"}],"wp:featuredmedia":[{"embeddable":true,"href":"https:\/\/secureus.se\/pl\/wp-json\/wp\/v2\/media\/165361"}],"wp:attachment":[{"href":"https:\/\/secureus.se\/pl\/wp-json\/wp\/v2\/media?parent=165362"}],"wp:term":[{"taxonomy":"product_brand","embeddable":true,"href":"https:\/\/secureus.se\/pl\/wp-json\/wp\/v2\/product_brand?post=165362"},{"taxonomy":"product_cat","embeddable":true,"href":"https:\/\/secureus.se\/pl\/wp-json\/wp\/v2\/product_cat?post=165362"},{"taxonomy":"product_tag","embeddable":true,"href":"https:\/\/secureus.se\/pl\/wp-json\/wp\/v2\/product_tag?post=165362"}],"curies":[{"name":"wp","href":"https:\/\/api.w.org\/{rel}","templated":true}]}}