{"id":165364,"date":"2026-05-05T14:27:18","date_gmt":"2026-05-05T12:27:18","guid":{"rendered":"https:\/\/secureus.se\/tdsi-5002-0449-em4200-mifare-keyboard-wedge-reader\/"},"modified":"2026-05-05T17:49:39","modified_gmt":"2026-05-05T15:49:39","slug":"tdsi-5002-0449-em4200-mifare-keyboard-wedge-reader","status":"publish","type":"product","link":"https:\/\/secureus.se\/pl\/tdsi-5002-0449-em4200-mifare-keyboard-wedge-reader\/","title":{"rendered":"TDSi 5002-0449 EM4200\/Mifare Keyboard Wedge Reader"},"content":{"rendered":"<p>The TDSI 5002-0449 EM4200\/Mifare Keyboard Wedge Reader provides an easy way of enrolling cards onto your customer&#8217;s Access Management Software. Utilising a USB connection, this reader is\u00a0simple to use on the PC keyboard entry when a card is presented to the reader.\u00a0<\/p>\n<ul>\n<li>Cz\u0119stotliwo\u015b\u0107 robocza 13,56 MHz<\/li>\n<li>Kompatybilny z EM4102 \/ Mifare<\/li>\n<li>Zasi\u0119g odczytu: 80 mm z kart\u0105 ISO, 30 mm z tagiem<\/li>\n<li>Numer cz\u0119\u015bci producenta \u2013 5002-0449<\/li>\n<\/ul>\n<p>\n <strong><br \/>\n Waga produktu:<br \/>\n 0,60 kg<br \/>\n <\/strong>\n <\/p>","protected":false},"excerpt":{"rendered":"<p>The TDSI 5002-0449 EM4200\/Mifare Keyboard Wedge Reader provides an easy way of enrolling cards onto your customer&#8217;s Access Management Software. Utilising a USB connection, this reader is\u00a0simple to use on<\/p>","protected":false},"featured_media":165363,"template":"","meta":{"_acf_changed":false},"product_brand":[],"product_cat":[5132],"product_tag":[],"class_list":{"0":"post-165364","1":"product","2":"type-product","3":"status-publish","4":"has-post-thumbnail","6":"product_cat-lasare-passersystem","7":"pa_brands-tdsi","8":"tm-no-options","10":"first","11":"instock","12":"sale","13":"taxable","14":"shipping-taxable","15":"purchasable","16":"product-type-simple"},"acf":[],"_links":{"self":[{"href":"https:\/\/secureus.se\/pl\/wp-json\/wp\/v2\/product\/165364","targetHints":{"allow":["GET"]}}],"collection":[{"href":"https:\/\/secureus.se\/pl\/wp-json\/wp\/v2\/product"}],"about":[{"href":"https:\/\/secureus.se\/pl\/wp-json\/wp\/v2\/types\/product"}],"wp:featuredmedia":[{"embeddable":true,"href":"https:\/\/secureus.se\/pl\/wp-json\/wp\/v2\/media\/165363"}],"wp:attachment":[{"href":"https:\/\/secureus.se\/pl\/wp-json\/wp\/v2\/media?parent=165364"}],"wp:term":[{"taxonomy":"product_brand","embeddable":true,"href":"https:\/\/secureus.se\/pl\/wp-json\/wp\/v2\/product_brand?post=165364"},{"taxonomy":"product_cat","embeddable":true,"href":"https:\/\/secureus.se\/pl\/wp-json\/wp\/v2\/product_cat?post=165364"},{"taxonomy":"product_tag","embeddable":true,"href":"https:\/\/secureus.se\/pl\/wp-json\/wp\/v2\/product_tag?post=165364"}],"curies":[{"name":"wp","href":"https:\/\/api.w.org\/{rel}","templated":true}]}}