{"id":165372,"date":"2026-05-05T14:27:24","date_gmt":"2026-05-05T12:27:24","guid":{"rendered":"https:\/\/secureus.se\/hid-signo-express-20-reader-x3\/"},"modified":"2026-05-05T17:47:02","modified_gmt":"2026-05-05T15:47:02","slug":"hid-signo-express-20-reader-x3","status":"publish","type":"product","link":"https:\/\/secureus.se\/pl\/hid-signo-express-20-reader-x3\/","title":{"rendered":"HID\u00ae Signo\u2122 Express 20 Reader X3"},"content":{"rendered":"<p>Przedstawiamy czytnik HID\u00ae Signo\u2122 Express 20 X3: Twoje udoskonalone rozwi\u0105zanie do bezpiecznej kontroli dost\u0119pu fizycznego. Zaprojektowany z my\u015bl\u0105 o elastyczno\u015bci i przyst\u0119pnej cenie, oferuje niezb\u0119dne funkcje dopasowane do Twoich potrzeb.<\/p>\n<p>Rozpocznij prac\u0119 w kilka minut dzi\u0119ki wst\u0119pnie skonfigurowanym opcjom od razu po wyj\u0119ciu z pude\u0142ka. Skorzystaj z wyj\u0105tkowej wydajno\u015bci Seos\u00ae, kt\u00f3ra gwarantuje najlepsze wra\u017cenia u\u017cytkownika, niezale\u017cnie od tego, czy korzysta z kart fizycznych, czy z danych uwierzytelniaj\u0105cych na urz\u0105dzeniach mobilnych.<\/p>\n<p>With support for industry-leading Seos\u00ae credential technology, enjoy robust encryption and unrivaled privacy protection. Seamlessly integrate mobile access via Bluetooth LE and NFC technologies, meeting the demands of today&#8217;s mobile-first world.<\/p>\n<p>Standardowe wyj\u015bcie Wiegand i z\u0142\u0105cza terminalowe upraszczaj\u0105 instalacj\u0119, a obs\u0142uga technologii Bluetooth LE umo\u017cliwia \u0142atw\u0105 aktualizacj\u0119 i zarz\u0105dzanie. Kompatybilno\u015b\u0107 z programem HID Reader Manager zapewnia wygodn\u0105 konfiguracj\u0119 i aktualizacj\u0119 oprogramowania sprz\u0119towego w terenie.<\/p>\n<p>Numer cz\u0119\u015bci producenta: 20XTKK-X3-000000<\/p>\n<p>\n <strong><br \/>\n Waga produktu:<br \/>\n 0,50 kg<br \/>\n <\/strong>\n <\/p>\n<p>\n <strong>Cena od 107,99 \u20ac<\/strong>\n <\/p>","protected":false},"excerpt":{"rendered":"<p>Przedstawiamy czytnik HID\u00ae Signo\u2122 Express 20 X3: Twoje udoskonalone rozwi\u0105zanie do bezpiecznej kontroli dost\u0119pu fizycznego. Zaprojektowany z my\u015bl\u0105 o elastyczno\u015bci i przyst\u0119pnej cenie, oferuje niezb\u0119dne funkcje dopasowane do Twoich potrzeb.<\/p>","protected":false},"featured_media":165371,"template":"","meta":{"_acf_changed":false},"product_brand":[],"product_cat":[5132],"product_tag":[],"class_list":{"0":"post-165372","1":"product","2":"type-product","3":"status-publish","4":"has-post-thumbnail","6":"product_cat-lasare-passersystem","7":"pa_brands-hid","8":"tm-no-options","10":"first","11":"outofstock","12":"sale","13":"taxable","14":"shipping-taxable","15":"purchasable","16":"product-type-simple"},"acf":[],"_links":{"self":[{"href":"https:\/\/secureus.se\/pl\/wp-json\/wp\/v2\/product\/165372","targetHints":{"allow":["GET"]}}],"collection":[{"href":"https:\/\/secureus.se\/pl\/wp-json\/wp\/v2\/product"}],"about":[{"href":"https:\/\/secureus.se\/pl\/wp-json\/wp\/v2\/types\/product"}],"wp:featuredmedia":[{"embeddable":true,"href":"https:\/\/secureus.se\/pl\/wp-json\/wp\/v2\/media\/165371"}],"wp:attachment":[{"href":"https:\/\/secureus.se\/pl\/wp-json\/wp\/v2\/media?parent=165372"}],"wp:term":[{"taxonomy":"product_brand","embeddable":true,"href":"https:\/\/secureus.se\/pl\/wp-json\/wp\/v2\/product_brand?post=165372"},{"taxonomy":"product_cat","embeddable":true,"href":"https:\/\/secureus.se\/pl\/wp-json\/wp\/v2\/product_cat?post=165372"},{"taxonomy":"product_tag","embeddable":true,"href":"https:\/\/secureus.se\/pl\/wp-json\/wp\/v2\/product_tag?post=165372"}],"curies":[{"name":"wp","href":"https:\/\/api.w.org\/{rel}","templated":true}]}}