{"id":165374,"date":"2026-05-05T14:27:25","date_gmt":"2026-05-05T12:27:25","guid":{"rendered":"https:\/\/secureus.se\/pac-12182-ds1-reader\/"},"modified":"2026-05-05T17:11:23","modified_gmt":"2026-05-05T15:11:23","slug":"pac-12182-ds1-reader","status":"publish","type":"product","link":"https:\/\/secureus.se\/pl\/pac-12182-ds1-reader\/","title":{"rendered":"PAC 12182 DS1 Reader"},"content":{"rendered":"<p>Czytnik wysokocz\u0119stotliwo\u015bciowy PAC DS1 \u0142\u0105czy unikaln\u0105 technologi\u0119 One prox smart (Ops) firmy PAC z wiod\u0105cymi w bran\u017cy protoko\u0142ami szyfrowania urz\u0105dze\u0144 identyfikacyjnych MIFARE i DESFIRE EV1, aby osi\u0105gn\u0105\u0107 najwy\u017cszy standard bezpiecze\u0144stwa kontroli dost\u0119pu RFID. To po\u0142\u0105czenie zapewnia niezr\u00f3wnane bezpiecze\u0144stwo, poniewa\u017c urz\u0105dzenie identyfikacyjne nie jest klonowalne, jak wiele urz\u0105dze\u0144 ID o niskiej cz\u0119stotliwo\u015bci. Czytnik jest przeznaczony wy\u0142\u0105cznie do u\u017cytku wewn\u0119trznego.<\/p>\n<ul>\n<li>Zgodno\u015b\u0107 z PAC Ops, PAC Ops Lite i po\u015bwiadczeniami stron trzecich (za po\u015brednictwem Wiegand)<\/li>\n<li>Zasi\u0119g odczytu 45 mm<\/li>\n<li>1 rok gwarancji na awarie elektroniczne<\/li>\n<\/ul>\n<p>\n <strong><br \/>\n Waga produktu:<br \/>\n 0,50 kg<br \/>\n <\/strong>\n <\/p>\n<p>\n <strong>Cena od 153,30 \u20ac<\/strong>\n <\/p>","protected":false},"excerpt":{"rendered":"<p>The high-frequency PAC DS1 reader combines PACs unique One prox smart (Ops) technology with industry-leading MIFARE and DESFIRE EV1 ID device encryption protocols to achieve the highest standard of RFID<\/p>","protected":false},"featured_media":165373,"template":"","meta":{"_acf_changed":false},"product_brand":[],"product_cat":[5132],"product_tag":[],"class_list":{"0":"post-165374","1":"product","2":"type-product","3":"status-publish","4":"has-post-thumbnail","6":"product_cat-lasare-passersystem","7":"tm-no-options","9":"first","10":"outofstock","11":"sale","12":"taxable","13":"shipping-taxable","14":"purchasable","15":"product-type-simple"},"acf":[],"_links":{"self":[{"href":"https:\/\/secureus.se\/pl\/wp-json\/wp\/v2\/product\/165374","targetHints":{"allow":["GET"]}}],"collection":[{"href":"https:\/\/secureus.se\/pl\/wp-json\/wp\/v2\/product"}],"about":[{"href":"https:\/\/secureus.se\/pl\/wp-json\/wp\/v2\/types\/product"}],"wp:featuredmedia":[{"embeddable":true,"href":"https:\/\/secureus.se\/pl\/wp-json\/wp\/v2\/media\/165373"}],"wp:attachment":[{"href":"https:\/\/secureus.se\/pl\/wp-json\/wp\/v2\/media?parent=165374"}],"wp:term":[{"taxonomy":"product_brand","embeddable":true,"href":"https:\/\/secureus.se\/pl\/wp-json\/wp\/v2\/product_brand?post=165374"},{"taxonomy":"product_cat","embeddable":true,"href":"https:\/\/secureus.se\/pl\/wp-json\/wp\/v2\/product_cat?post=165374"},{"taxonomy":"product_tag","embeddable":true,"href":"https:\/\/secureus.se\/pl\/wp-json\/wp\/v2\/product_tag?post=165374"}],"curies":[{"name":"wp","href":"https:\/\/api.w.org\/{rel}","templated":true}]}}