{"id":165376,"date":"2026-05-05T14:27:18","date_gmt":"2026-05-05T12:27:18","guid":{"rendered":"https:\/\/secureus.se\/wavelynx-apex-ax-20-ascent-single-gang-access-reader\/"},"modified":"2026-05-05T17:22:53","modified_gmt":"2026-05-05T15:22:53","slug":"wavelynx-apex-ax-20-ascent-single-gang-access-reader","status":"publish","type":"product","link":"https:\/\/secureus.se\/pl\/wavelynx-apex-ax-20-ascent-single-gang-access-reader\/","title":{"rendered":"Wavelynx APEX AX-20 Ascent Single Gang Access Reader"},"content":{"rendered":"<p>AX-20 Ascent \u0142\u0105czy nowoczesn\u0105 technologi\u0119 dost\u0119pu z obs\u0142ug\u0105 starszych urz\u0105dze\u0144 w eleganckiej, jednocz\u0119\u015bciowej obudowie. Oferuje kompatybilno\u015b\u0107 z urz\u0105dzeniami mobilnymi, kartami i urz\u0105dzeniami przeno\u015bnymi, zaawansowane szyfrowanie oraz funkcj\u0119 automatycznego wykrywania OSDP, co u\u0142atwia aktualizacj\u0119.<\/p>\n<ul>\n<li>Ascent obs\u0142uguje wy\u0142\u0105cznie po\u015bwiadczenia HF i BLE\u00a0<\/li>\n<li>Dzia\u0142a na cz\u0119stotliwo\u015bci 13,56 MHz<\/li>\n<li>Zasi\u0119g odczytu 2 cale<\/li>\n<li>Listwa \u015bwietlna LED u g\u00f3ry czytnika<\/li>\n<\/ul>\n<p>Numer cz\u0119\u015bci producenta: AX-20-A-ST-CWL1<\/p>\n<p>\n <strong><br \/>\n Waga produktu:<br \/>\n 0.38 kg<br \/>\n <\/strong>\n <\/p>","protected":false},"excerpt":{"rendered":"<p>The AX-20 Ascent combines modern access tech with legacy support in a sleek, single gang design. It offers mobile, card, and wearable credential compatibility, advanced encryption, and OSDP Autodetect for<\/p>","protected":false},"featured_media":165375,"template":"","meta":{"_acf_changed":false},"product_brand":[],"product_cat":[5132],"product_tag":[],"class_list":{"0":"post-165376","1":"product","2":"type-product","3":"status-publish","4":"has-post-thumbnail","6":"product_cat-lasare-passersystem","7":"tm-no-options","9":"first","10":"instock","11":"sale","12":"taxable","13":"shipping-taxable","14":"purchasable","15":"product-type-simple"},"acf":[],"_links":{"self":[{"href":"https:\/\/secureus.se\/pl\/wp-json\/wp\/v2\/product\/165376","targetHints":{"allow":["GET"]}}],"collection":[{"href":"https:\/\/secureus.se\/pl\/wp-json\/wp\/v2\/product"}],"about":[{"href":"https:\/\/secureus.se\/pl\/wp-json\/wp\/v2\/types\/product"}],"wp:featuredmedia":[{"embeddable":true,"href":"https:\/\/secureus.se\/pl\/wp-json\/wp\/v2\/media\/165375"}],"wp:attachment":[{"href":"https:\/\/secureus.se\/pl\/wp-json\/wp\/v2\/media?parent=165376"}],"wp:term":[{"taxonomy":"product_brand","embeddable":true,"href":"https:\/\/secureus.se\/pl\/wp-json\/wp\/v2\/product_brand?post=165376"},{"taxonomy":"product_cat","embeddable":true,"href":"https:\/\/secureus.se\/pl\/wp-json\/wp\/v2\/product_cat?post=165376"},{"taxonomy":"product_tag","embeddable":true,"href":"https:\/\/secureus.se\/pl\/wp-json\/wp\/v2\/product_tag?post=165376"}],"curies":[{"name":"wp","href":"https:\/\/api.w.org\/{rel}","templated":true}]}}