{"id":165382,"date":"2026-05-05T14:27:18","date_gmt":"2026-05-05T12:27:18","guid":{"rendered":"https:\/\/secureus.se\/wavelynx-ethos-et10-standard-mullion-reader-w-hfproxble\/"},"modified":"2026-05-05T17:49:46","modified_gmt":"2026-05-05T15:49:46","slug":"wavelynx-ethos-et10-standard-mullion-reader-w-hfproxble","status":"publish","type":"product","link":"https:\/\/secureus.se\/pl\/wavelynx-ethos-et10-standard-mullion-reader-w-hfproxble\/","title":{"rendered":"Wavelynx Ethos ET10 Standard Mullion Reader w\/ HF+Prox+BLE"},"content":{"rendered":"<p>Wavelynx Ethos ET10 to kompaktowy, wysoce bezpieczny czytnik s\u0142upkowy, zaprojektowany z my\u015bl\u0105 o nowoczesnych systemach kontroli dost\u0119pu. Dzi\u0119ki zaawansowanemu szyfrowaniu i obs\u0142udze wielu rodzaj\u00f3w uprawnie\u0144, w tym dost\u0119pu mobilnego przez NFC i Bluetooth\u00ae, oferuje przysz\u0142o\u015bciowe rozwi\u0105zanie zapewniaj\u0105ce bezpieczne wej\u015bcie.<\/p>\n<p>G\u0142\u00f3wne cechy:<\/p>\n<ul>\n<li>Smuk\u0142a konstrukcja s\u0142upka umo\u017cliwiaj\u0105ca bezproblemowy monta\u017c na o\u015bcie\u017cnicach drzwi i w w\u0105skich przestrzeniach<\/li>\n<li>Obs\u0142uguje karty zbli\u017ceniowe, karty inteligentne i uwierzytelnianie mobilne<\/li>\n<li>Gotowy do u\u017cycia na urz\u0105dzeniach mobilnych dzi\u0119ki kompatybilno\u015bci z NFC i Bluetooth\u00ae, co umo\u017cliwia bezdotykowy dost\u0119p<\/li>\n<li>Odporno\u015b\u0107 na warunki atmosferyczne (stopie\u0144 ochrony IP65) zapewnia niezawodn\u0105 prac\u0119 wewn\u0105trz i na zewn\u0105trz<\/li>\n<li>Zgodno\u015b\u0107 z protoko\u0142ami OSDP i Wiegand dla \u0142atwej integracji<\/li>\n<\/ul>\n<p>Numer cz\u0119\u015bci producenta: ET10-7WS-CWL1<\/p>\n<p>\n <strong><br \/>\n Waga produktu:<br \/>\n 0,50 kg<br \/>\n <\/strong>\n <\/p>","protected":false},"excerpt":{"rendered":"<p>The Wavelynx Ethos ET10 is a compact, high-security mullion reader designed for modern access control systems. With advanced encryption and support for multiple credential types, including mobile access via NFC<\/p>","protected":false},"featured_media":165381,"template":"","meta":{"_acf_changed":false},"product_brand":[],"product_cat":[5132],"product_tag":[],"class_list":{"0":"post-165382","1":"product","2":"type-product","3":"status-publish","4":"has-post-thumbnail","6":"product_cat-lasare-passersystem","7":"pa_brands-wavelynx","8":"tm-no-options","10":"first","11":"instock","12":"sale","13":"taxable","14":"shipping-taxable","15":"purchasable","16":"product-type-simple"},"acf":[],"_links":{"self":[{"href":"https:\/\/secureus.se\/pl\/wp-json\/wp\/v2\/product\/165382","targetHints":{"allow":["GET"]}}],"collection":[{"href":"https:\/\/secureus.se\/pl\/wp-json\/wp\/v2\/product"}],"about":[{"href":"https:\/\/secureus.se\/pl\/wp-json\/wp\/v2\/types\/product"}],"wp:featuredmedia":[{"embeddable":true,"href":"https:\/\/secureus.se\/pl\/wp-json\/wp\/v2\/media\/165381"}],"wp:attachment":[{"href":"https:\/\/secureus.se\/pl\/wp-json\/wp\/v2\/media?parent=165382"}],"wp:term":[{"taxonomy":"product_brand","embeddable":true,"href":"https:\/\/secureus.se\/pl\/wp-json\/wp\/v2\/product_brand?post=165382"},{"taxonomy":"product_cat","embeddable":true,"href":"https:\/\/secureus.se\/pl\/wp-json\/wp\/v2\/product_cat?post=165382"},{"taxonomy":"product_tag","embeddable":true,"href":"https:\/\/secureus.se\/pl\/wp-json\/wp\/v2\/product_tag?post=165382"}],"curies":[{"name":"wp","href":"https:\/\/api.w.org\/{rel}","templated":true}]}}