{"id":165392,"date":"2026-05-05T14:27:24","date_gmt":"2026-05-05T12:27:24","guid":{"rendered":"https:\/\/secureus.se\/hid-multiclass-se-rp10-reader\/"},"modified":"2026-05-05T17:46:59","modified_gmt":"2026-05-05T15:46:59","slug":"hid-multiclass-se-rp10-reader","status":"publish","type":"product","link":"https:\/\/secureus.se\/pl\/hid-multiclass-se-rp10-reader\/","title":{"rendered":"HID\u00ae multiCLASS SE\u00ae RP10 Reader"},"content":{"rendered":"<p>Czytnik HID multiCLASS SE RP10 jest przeznaczony do monta\u017cu na p\u0142askiej powierzchni lub s\u0142upku i jest kompatybilny z brelokami, oryginalnymi kartami HID oraz mobilnymi programami kontroli dost\u0119pu. Dzia\u0142aj\u0105c w cz\u0119stotliwo\u015bciach 13,56 MHz i 125 kHz, czytnik ten jest kompatybilny z poni\u017cszymi technologiami:<\/p>\n<ul>\n<li>iCLASS Seos\u00ae<\/li>\n<li>iCLASS, iCLASS SE\u00ae<\/li>\n<li>MIFARE\u2122 Classic, MIFARE\u2122 DESFire\u2122<\/li>\n<li>HID Prox\u00ae, AWID Prox\u00ae, EM4102<\/li>\n<\/ul>\n<p>Numer cz\u0119\u015bci producenta: 900PTNNEK00000<\/p>\n<p>\n <strong><br \/>\n Waga produktu:<br \/>\n 0,50 kg<br \/>\n <\/strong>\n <\/p>","protected":false},"excerpt":{"rendered":"<p>The HID multiCLASS SE RP10 Reader is designed to flat surface or mullion-mount and is compatible with key fobs, genuine HID cards and mobile access control programs. Operating at both<\/p>","protected":false},"featured_media":165389,"template":"","meta":{"_acf_changed":false},"product_brand":[],"product_cat":[5132],"product_tag":[],"class_list":{"0":"post-165392","1":"product","2":"type-product","3":"status-publish","4":"has-post-thumbnail","6":"product_cat-lasare-passersystem","7":"pa_brands-hid","8":"tm-no-options","10":"first","11":"instock","12":"sale","13":"taxable","14":"shipping-taxable","15":"purchasable","16":"product-type-simple"},"acf":[],"_links":{"self":[{"href":"https:\/\/secureus.se\/pl\/wp-json\/wp\/v2\/product\/165392","targetHints":{"allow":["GET"]}}],"collection":[{"href":"https:\/\/secureus.se\/pl\/wp-json\/wp\/v2\/product"}],"about":[{"href":"https:\/\/secureus.se\/pl\/wp-json\/wp\/v2\/types\/product"}],"wp:featuredmedia":[{"embeddable":true,"href":"https:\/\/secureus.se\/pl\/wp-json\/wp\/v2\/media\/165389"}],"wp:attachment":[{"href":"https:\/\/secureus.se\/pl\/wp-json\/wp\/v2\/media?parent=165392"}],"wp:term":[{"taxonomy":"product_brand","embeddable":true,"href":"https:\/\/secureus.se\/pl\/wp-json\/wp\/v2\/product_brand?post=165392"},{"taxonomy":"product_cat","embeddable":true,"href":"https:\/\/secureus.se\/pl\/wp-json\/wp\/v2\/product_cat?post=165392"},{"taxonomy":"product_tag","embeddable":true,"href":"https:\/\/secureus.se\/pl\/wp-json\/wp\/v2\/product_tag?post=165392"}],"curies":[{"name":"wp","href":"https:\/\/api.w.org\/{rel}","templated":true}]}}