{"id":165403,"date":"2026-05-05T14:27:25","date_gmt":"2026-05-05T12:27:25","guid":{"rendered":"https:\/\/secureus.se\/stid-arc-one-mullion-mifare-desfire-reader\/"},"modified":"2026-05-05T17:11:27","modified_gmt":"2026-05-05T15:11:27","slug":"stid-arc-one-mullion-mifare-desfire-reader","status":"publish","type":"product","link":"https:\/\/secureus.se\/pl\/stid-arc-one-mullion-mifare-desfire-reader\/","title":{"rendered":"STid Arc One Mullion MIFARE\u00ae &amp; DESFire\u00ae Reader"},"content":{"rendered":"<p>Zaprojektowany specjalnie z my\u015bl\u0105 o ma\u0142ych przestrzeniach, takich jak o\u015bcie\u017cnice drzwi lub w\u0105skie otwory monta\u017cowe, czytnik Arc One Mullion mo\u017cna \u0142atwo zintegrowa\u0107 z dowolnym \u015brodowiskiem instalacyjnym. Czytnik jest odporny na warunki atmosferyczne dzi\u0119ki wodoodpornej elektronice i idealnie nadaje si\u0119 zar\u00f3wno do zastosowa\u0144 wewn\u0119trznych, jak i zewn\u0119trznych. Czytnik Arc One Mullion dzia\u0142a na cz\u0119stotliwo\u015bci 13,56 MHz i jest jednym z najbezpieczniejszych i najbardziej kompaktowych czytnik\u00f3w na rynku.<\/p>\n<ul>\n<li>Najcz\u0119\u015bciej nagradzany czytnik kontroli dost\u0119pu na \u015bwiecie<\/li>\n<li>Zaprojektowane do ma\u0142ych przestrzeni<\/li>\n<li>Zasi\u0119g odczytu do 6 cm<\/li>\n<\/ul>\n<p>Numer cz\u0119\u015bci producenta: ARC1-R31-B\/PH5-3i\/1<\/p>\n<p>\n <strong><br \/>\n Waga produktu:<br \/>\n 1,00 kg<br \/>\n <\/strong>\n <\/p>\n<p>\n <strong>Cena od 138,00 \u20ac<\/strong>\n <\/p>","protected":false},"excerpt":{"rendered":"<p>Specifically designed to fit into small spaces such as door frames or narrow mounting, the Arc One Mullion reader is easy to incorporate into any installation environment. The reader is<\/p>","protected":false},"featured_media":165399,"template":"","meta":{"_acf_changed":false},"product_brand":[],"product_cat":[5132],"product_tag":[],"class_list":{"0":"post-165403","1":"product","2":"type-product","3":"status-publish","4":"has-post-thumbnail","6":"product_cat-lasare-passersystem","7":"tm-no-options","9":"first","10":"instock","11":"sale","12":"taxable","13":"shipping-taxable","14":"purchasable","15":"product-type-simple"},"acf":[],"_links":{"self":[{"href":"https:\/\/secureus.se\/pl\/wp-json\/wp\/v2\/product\/165403","targetHints":{"allow":["GET"]}}],"collection":[{"href":"https:\/\/secureus.se\/pl\/wp-json\/wp\/v2\/product"}],"about":[{"href":"https:\/\/secureus.se\/pl\/wp-json\/wp\/v2\/types\/product"}],"wp:featuredmedia":[{"embeddable":true,"href":"https:\/\/secureus.se\/pl\/wp-json\/wp\/v2\/media\/165399"}],"wp:attachment":[{"href":"https:\/\/secureus.se\/pl\/wp-json\/wp\/v2\/media?parent=165403"}],"wp:term":[{"taxonomy":"product_brand","embeddable":true,"href":"https:\/\/secureus.se\/pl\/wp-json\/wp\/v2\/product_brand?post=165403"},{"taxonomy":"product_cat","embeddable":true,"href":"https:\/\/secureus.se\/pl\/wp-json\/wp\/v2\/product_cat?post=165403"},{"taxonomy":"product_tag","embeddable":true,"href":"https:\/\/secureus.se\/pl\/wp-json\/wp\/v2\/product_tag?post=165403"}],"curies":[{"name":"wp","href":"https:\/\/api.w.org\/{rel}","templated":true}]}}