{"id":165414,"date":"2026-05-05T14:27:21","date_gmt":"2026-05-05T12:27:21","guid":{"rendered":"https:\/\/secureus.se\/hid-signo-40-keypad-reader-pigtail-connection\/"},"modified":"2026-05-05T17:48:00","modified_gmt":"2026-05-05T15:48:00","slug":"hid-signo-40-keypad-reader-pigtail-connection","status":"publish","type":"product","link":"https:\/\/secureus.se\/pl\/hid-signo-40-keypad-reader-pigtail-connection\/","title":{"rendered":"HID\u00ae Signo\u2122 40 Keypad Reader &#8211; Pigtail Connection"},"content":{"rendered":"<p>Czytnik klawiatury HID Signo 40 idealnie nadaje si\u0119 do firm o wysokim poziomie bezpiecze\u0144stwa, oferuj\u0105c uwierzytelnianie wielosk\u0142adnikowe dla zwi\u0119kszenia bezpiecze\u0144stwa. Ten czytnik montowany w puszce \u015bciennej zapewnia dodatkow\u0105 ochron\u0119 dzi\u0119ki po\u0142\u0105czeniu klawiatury i czytnika zbli\u017ceniowego w nast\u0119puj\u0105cych technologiach: 2,4 GHz, 13,56 MHz i 125 kHz:<\/p>\n<ul>\n<li>iCLASS Seos\u00ae<\/li>\n<li>iCLASS, iCLASS SE\u00ae, CEPAS<\/li>\n<li>MIFARE\u2122 Classic, MIFARE\u2122 DESFire\u2122<\/li>\n<li>HID Prox\u00ae, Indala Prox\u00ae, AWID Prox\u00ae, EM Prox\u00ae<\/li>\n<\/ul>\n<p>Po\u0142\u0105czenie warkoczowe<\/p>\n<p>Numer cz\u0119\u015bci producenta: 40KNKS-00-000000<\/p>\n<p>\n <strong><br \/>\n Waga produktu:<br \/>\n 0,50 kg<br \/>\n <\/strong>\n <\/p>\n<p>\n <strong>Cena od 420,00 \u20ac<\/strong>\n <\/p>","protected":false},"excerpt":{"rendered":"<p>The HID Signo 40 Keypad Reader is ideal for high security businesses, offering multi-factor authentication for increased security. This wall switch box mounted reader provides added protection using keypad and<\/p>","protected":false},"featured_media":165409,"template":"","meta":{"_acf_changed":false},"product_brand":[],"product_cat":[5132],"product_tag":[],"class_list":{"0":"post-165414","1":"product","2":"type-product","3":"status-publish","4":"has-post-thumbnail","6":"product_cat-lasare-passersystem","7":"pa_brands-hid","8":"tm-no-options","10":"first","11":"instock","12":"sale","13":"taxable","14":"shipping-taxable","15":"purchasable","16":"product-type-simple"},"acf":[],"_links":{"self":[{"href":"https:\/\/secureus.se\/pl\/wp-json\/wp\/v2\/product\/165414","targetHints":{"allow":["GET"]}}],"collection":[{"href":"https:\/\/secureus.se\/pl\/wp-json\/wp\/v2\/product"}],"about":[{"href":"https:\/\/secureus.se\/pl\/wp-json\/wp\/v2\/types\/product"}],"wp:featuredmedia":[{"embeddable":true,"href":"https:\/\/secureus.se\/pl\/wp-json\/wp\/v2\/media\/165409"}],"wp:attachment":[{"href":"https:\/\/secureus.se\/pl\/wp-json\/wp\/v2\/media?parent=165414"}],"wp:term":[{"taxonomy":"product_brand","embeddable":true,"href":"https:\/\/secureus.se\/pl\/wp-json\/wp\/v2\/product_brand?post=165414"},{"taxonomy":"product_cat","embeddable":true,"href":"https:\/\/secureus.se\/pl\/wp-json\/wp\/v2\/product_cat?post=165414"},{"taxonomy":"product_tag","embeddable":true,"href":"https:\/\/secureus.se\/pl\/wp-json\/wp\/v2\/product_tag?post=165414"}],"curies":[{"name":"wp","href":"https:\/\/api.w.org\/{rel}","templated":true}]}}