{"id":165424,"date":"2026-05-05T14:27:23","date_gmt":"2026-05-05T12:27:23","guid":{"rendered":"https:\/\/secureus.se\/hid-omnikey-5027-usb-smart-card-reader\/"},"modified":"2026-05-05T17:47:20","modified_gmt":"2026-05-05T15:47:20","slug":"hid-omnikey-5027-usb-smart-card-reader","status":"publish","type":"product","link":"https:\/\/secureus.se\/pl\/hid-omnikey-5027-usb-smart-card-reader\/","title":{"rendered":"HID Omnikey 5027 USB Smart Card Reader"},"content":{"rendered":"<p>\u00a0<\/p>\n<p>Czytnik kart inteligentnych USB HID Omnikey 5027 to \u0142atwy w integracji i konfiguracji czytnik kart zbli\u017ceniowych. Obs\u0142uguje on uwierzytelnianie 13,56 MHz i Seos poprzez zintegrowany modu\u0142 kryptograficzny i jest wst\u0119pnie skonfigurowany do obs\u0142ugi standardowych uwierzytelnia\u0144, co umo\u017cliwia inteligentn\u0105 migracj\u0119 uwierzytelniania i szybk\u0105 konfiguracj\u0119.<\/p>\n<ul>\n<li>Interfejs klawiatury klinowej<\/li>\n<li>Obs\u0142uguje iCLASS Seos, iCLASS SE, MIFARE, DESFire i NFC<\/li>\n<li>\u0141\u0105czno\u015b\u0107 USB<\/li>\n<li>Interfejs karty inteligentnej bezdotykowej<\/li>\n<li>Numer cz\u0119\u015bci producenta: R5027001<\/li>\n<\/ul>\n<p>\n <strong><br \/>\n Waga produktu:<br \/>\n 1.20 kg<br \/>\n <\/strong>\n <\/p>","protected":false},"excerpt":{"rendered":"<p>\u00a0 The HID Omnikey 5027 USB Smart Card Reader is an easy to integrate and set up contactless card reader. This reader supports 13.56MHz credentials and Seos through an integrated<\/p>","protected":false},"featured_media":165423,"template":"","meta":{"_acf_changed":false},"product_brand":[],"product_cat":[5132],"product_tag":[],"class_list":{"0":"post-165424","1":"product","2":"type-product","3":"status-publish","4":"has-post-thumbnail","6":"product_cat-lasare-passersystem","7":"pa_brands-hid","8":"tm-no-options","10":"first","11":"instock","12":"sale","13":"taxable","14":"shipping-taxable","15":"purchasable","16":"product-type-simple"},"acf":[],"_links":{"self":[{"href":"https:\/\/secureus.se\/pl\/wp-json\/wp\/v2\/product\/165424","targetHints":{"allow":["GET"]}}],"collection":[{"href":"https:\/\/secureus.se\/pl\/wp-json\/wp\/v2\/product"}],"about":[{"href":"https:\/\/secureus.se\/pl\/wp-json\/wp\/v2\/types\/product"}],"wp:featuredmedia":[{"embeddable":true,"href":"https:\/\/secureus.se\/pl\/wp-json\/wp\/v2\/media\/165423"}],"wp:attachment":[{"href":"https:\/\/secureus.se\/pl\/wp-json\/wp\/v2\/media?parent=165424"}],"wp:term":[{"taxonomy":"product_brand","embeddable":true,"href":"https:\/\/secureus.se\/pl\/wp-json\/wp\/v2\/product_brand?post=165424"},{"taxonomy":"product_cat","embeddable":true,"href":"https:\/\/secureus.se\/pl\/wp-json\/wp\/v2\/product_cat?post=165424"},{"taxonomy":"product_tag","embeddable":true,"href":"https:\/\/secureus.se\/pl\/wp-json\/wp\/v2\/product_tag?post=165424"}],"curies":[{"name":"wp","href":"https:\/\/api.w.org\/{rel}","templated":true}]}}