{"id":165430,"date":"2026-05-05T14:27:23","date_gmt":"2026-05-05T12:27:23","guid":{"rendered":"https:\/\/secureus.se\/hid-multiclass-se-rp40-reader-920ptnnek00000\/"},"modified":"2026-05-05T17:47:29","modified_gmt":"2026-05-05T15:47:29","slug":"hid-multiclass-se-rp40-reader-920ptnnek00000","status":"publish","type":"product","link":"https:\/\/secureus.se\/pl\/hid-multiclass-se-rp40-reader-920ptnnek00000\/","title":{"rendered":"HID multiCLASS SE RP40 Reader &#8211; 920PTNNEK00000"},"content":{"rendered":"<p>Czytnik HID multiCLASS SE RP40 umo\u017cliwia kontrol\u0119 dost\u0119pu na miejscu, na r\u00f3\u017cnych cz\u0119stotliwo\u015bciach, za pomoc\u0105 oryginalnych kart HID, aplikacji mobilnych i brelok\u00f3w. Czytnik jest \u0142atwy w instalacji i obs\u0142uguje pojedyncze skrzynki rozdzielcze, a prosta kontrola dost\u0119pu wykorzystuje cz\u0119stotliwo\u015bci 13,56 MHz i 125 kHz:<\/p>\n<ul>\n<li>iCLASS Seos\u00ae<\/li>\n<li>iCLASS, iCLASS SE\u00ae<\/li>\n<li>MIFARE\u2122 Classic, MIFARE\u2122 DESFire\u2122<\/li>\n<li>HID Prox\u00ae, AWID Prox\u00ae, EM4102<\/li>\n<\/ul>\n<p>Numer cz\u0119\u015bci producenta: 920PTNNEK00000<\/p>\n<p>\n <strong><br \/>\n Waga produktu:<br \/>\n 0,50 kg<br \/>\n <\/strong>\n <\/p>","protected":false},"excerpt":{"rendered":"<p>The HID multiCLASS SE RP40 Reader allows on-site access control over a variety of frequencies and through genuine HID cards, mobile applications and fobs. This reader is easy to install<\/p>","protected":false},"featured_media":165427,"template":"","meta":{"_acf_changed":false},"product_brand":[],"product_cat":[5132],"product_tag":[],"class_list":{"0":"post-165430","1":"product","2":"type-product","3":"status-publish","4":"has-post-thumbnail","6":"product_cat-lasare-passersystem","7":"pa_brands-hid","8":"tm-no-options","10":"first","11":"outofstock","12":"sale","13":"taxable","14":"shipping-taxable","15":"purchasable","16":"product-type-simple"},"acf":[],"_links":{"self":[{"href":"https:\/\/secureus.se\/pl\/wp-json\/wp\/v2\/product\/165430","targetHints":{"allow":["GET"]}}],"collection":[{"href":"https:\/\/secureus.se\/pl\/wp-json\/wp\/v2\/product"}],"about":[{"href":"https:\/\/secureus.se\/pl\/wp-json\/wp\/v2\/types\/product"}],"wp:featuredmedia":[{"embeddable":true,"href":"https:\/\/secureus.se\/pl\/wp-json\/wp\/v2\/media\/165427"}],"wp:attachment":[{"href":"https:\/\/secureus.se\/pl\/wp-json\/wp\/v2\/media?parent=165430"}],"wp:term":[{"taxonomy":"product_brand","embeddable":true,"href":"https:\/\/secureus.se\/pl\/wp-json\/wp\/v2\/product_brand?post=165430"},{"taxonomy":"product_cat","embeddable":true,"href":"https:\/\/secureus.se\/pl\/wp-json\/wp\/v2\/product_cat?post=165430"},{"taxonomy":"product_tag","embeddable":true,"href":"https:\/\/secureus.se\/pl\/wp-json\/wp\/v2\/product_tag?post=165430"}],"curies":[{"name":"wp","href":"https:\/\/api.w.org\/{rel}","templated":true}]}}