{"id":165445,"date":"2026-05-05T14:27:17","date_gmt":"2026-05-05T12:27:17","guid":{"rendered":"https:\/\/secureus.se\/hid-signo-20-white-reader-pigtail-connection\/"},"modified":"2026-05-05T17:19:48","modified_gmt":"2026-05-05T15:19:48","slug":"hid-signo-20-white-reader-pigtail-connection","status":"publish","type":"product","link":"https:\/\/secureus.se\/pl\/hid-signo-20-white-reader-pigtail-connection\/","title":{"rendered":"HID\u00ae Signo\u2122 20 White Reader &#8211; Pigtail Connection"},"content":{"rendered":"<p>Czytnik HID Signo 20 White mo\u017cna szybko zainstalowa\u0107 na p\u0142askiej powierzchni lub na s\u0142upku, a zarz\u0105dzanie nim jest proste i centralne za pomoc\u0105 HID Mobile Access\u00ae. Ten czytnik zbli\u017ceniowy to wszechstronne rozwi\u0105zanie kontroli dost\u0119pu dla du\u017cych firm, dzia\u0142aj\u0105ce w nast\u0119puj\u0105cych cz\u0119stotliwo\u015bciach: 2,4 GHz, 13,56 MHz i 125 kHz:<\/p>\n<ul>\n<li>iCLASS Seos\u00ae<\/li>\n<li>iCLASS, iCLASS SE\u00ae, CEPAS<\/li>\n<li>MIFARE\u2122 Classic, MIFARE\u2122 DESFire\u2122<\/li>\n<li>HID Prox\u00ae, Indala Prox\u00ae, AWID Prox\u00ae, EM Prox\u00ae<\/li>\n<li>Dost\u0119pne r\u00f3wnie\u017c w kolorze czarnym<\/li>\n<\/ul>\n<p>Po\u0142\u0105czenie warkoczowe<\/p>\n<p>Numer cz\u0119\u015bci producenta: 20NWS-00-000000<\/p>\n<p>\n <strong><br \/>\n Waga produktu:<br \/>\n 1,00 kg<br \/>\n <\/strong>\n <\/p>\n<p>\n <strong>Cena od 163,20 \u20ac<\/strong>\n <\/p>","protected":false},"excerpt":{"rendered":"<p>The HID Signo 20 White Reader is quick to install on a flat surface or mullion-mounted, and simple to manage centrally through HID Mobile Access\u00ae. This contactless reader is a<\/p>","protected":false},"featured_media":165442,"template":"","meta":{"_acf_changed":false},"product_brand":[],"product_cat":[5132],"product_tag":[],"class_list":{"0":"post-165445","1":"product","2":"type-product","3":"status-publish","4":"has-post-thumbnail","6":"product_cat-lasare-passersystem","7":"tm-no-options","9":"first","10":"outofstock","11":"sale","12":"taxable","13":"shipping-taxable","14":"purchasable","15":"product-type-simple"},"acf":[],"_links":{"self":[{"href":"https:\/\/secureus.se\/pl\/wp-json\/wp\/v2\/product\/165445","targetHints":{"allow":["GET"]}}],"collection":[{"href":"https:\/\/secureus.se\/pl\/wp-json\/wp\/v2\/product"}],"about":[{"href":"https:\/\/secureus.se\/pl\/wp-json\/wp\/v2\/types\/product"}],"wp:featuredmedia":[{"embeddable":true,"href":"https:\/\/secureus.se\/pl\/wp-json\/wp\/v2\/media\/165442"}],"wp:attachment":[{"href":"https:\/\/secureus.se\/pl\/wp-json\/wp\/v2\/media?parent=165445"}],"wp:term":[{"taxonomy":"product_brand","embeddable":true,"href":"https:\/\/secureus.se\/pl\/wp-json\/wp\/v2\/product_brand?post=165445"},{"taxonomy":"product_cat","embeddable":true,"href":"https:\/\/secureus.se\/pl\/wp-json\/wp\/v2\/product_cat?post=165445"},{"taxonomy":"product_tag","embeddable":true,"href":"https:\/\/secureus.se\/pl\/wp-json\/wp\/v2\/product_tag?post=165445"}],"curies":[{"name":"wp","href":"https:\/\/api.w.org\/{rel}","templated":true}]}}