{"id":165447,"date":"2026-05-05T14:27:17","date_gmt":"2026-05-05T12:27:17","guid":{"rendered":"https:\/\/secureus.se\/hid-omnikey-5427-ck-dual-frequency-card-reader-with-ble-apple-wallet\/"},"modified":"2026-05-05T17:50:01","modified_gmt":"2026-05-05T15:50:01","slug":"hid-omnikey-5427-ck-dual-frequency-card-reader-with-ble-apple-wallet","status":"publish","type":"product","link":"https:\/\/secureus.se\/pl\/hid-omnikey-5427-ck-dual-frequency-card-reader-with-ble-apple-wallet\/","title":{"rendered":"HID Omnikey 5427 CK Dual Frequency Card Reader with BLE &amp; Apple Wallet"},"content":{"rendered":"<p>Dwucz\u0119stotliwo\u015bciowy czytnik kart HID Omnikey 5427CK z interfejsem Bluetooth i funkcj\u0105 portfela Apple optymalizuje odczyt danych uwierzytelniaj\u0105cych dzi\u0119ki obs\u0142udze CCID, z\u0142\u0105cza klawiatury i interfejs\u00f3w Bluetooth, umo\u017cliwiaj\u0105c zintegrowany odczyt danych uwierzytelniaj\u0105cych. Czytnik zapewnia wielowarstwowe zabezpieczenia z jednoczesn\u0105 obs\u0142ug\u0105 uwierzytelniania iCLASS, Seos i HID Mobile Access.<\/p>\n<ul>\n<li>Interfejs klawiatury klinowej<\/li>\n<li>Interfejs Bluetooth<\/li>\n<li>Kompatybilny z portfelem Apple<\/li>\n<li>Dost\u0119pna jako p\u0142ytka czytnika do aplikacji wbudowanych<\/li>\n<li>Elastyczna konfiguracja struktur danych i tryb\u00f3w wyj\u015bciowych<\/li>\n<li>\u0141\u0105czno\u015b\u0107 USB<\/li>\n<li>Numer cz\u0119\u015bci producenta: R54270111-UNI<\/li>\n<\/ul>\n<p>\n <strong><br \/>\n Waga produktu:<br \/>\n 0,20 kg<br \/>\n <\/strong>\n <\/p>","protected":false},"excerpt":{"rendered":"<p>The HID Omnikey 5427CK Dual-Frequency Card Reader with Bluetooth Interface &amp; Apple wallet functionality\u00a0optimises credential reading with CCID support, keyboard wedge and Bluetooth interfaces for integrated credential reading. This reader<\/p>","protected":false},"featured_media":165446,"template":"","meta":{"_acf_changed":false},"product_brand":[],"product_cat":[5132],"product_tag":[],"class_list":{"0":"post-165447","1":"product","2":"type-product","3":"status-publish","4":"has-post-thumbnail","6":"product_cat-lasare-passersystem","7":"pa_brands-hid","8":"tm-no-options","10":"first","11":"instock","12":"sale","13":"taxable","14":"shipping-taxable","15":"purchasable","16":"product-type-simple"},"acf":[],"_links":{"self":[{"href":"https:\/\/secureus.se\/pl\/wp-json\/wp\/v2\/product\/165447","targetHints":{"allow":["GET"]}}],"collection":[{"href":"https:\/\/secureus.se\/pl\/wp-json\/wp\/v2\/product"}],"about":[{"href":"https:\/\/secureus.se\/pl\/wp-json\/wp\/v2\/types\/product"}],"wp:featuredmedia":[{"embeddable":true,"href":"https:\/\/secureus.se\/pl\/wp-json\/wp\/v2\/media\/165446"}],"wp:attachment":[{"href":"https:\/\/secureus.se\/pl\/wp-json\/wp\/v2\/media?parent=165447"}],"wp:term":[{"taxonomy":"product_brand","embeddable":true,"href":"https:\/\/secureus.se\/pl\/wp-json\/wp\/v2\/product_brand?post=165447"},{"taxonomy":"product_cat","embeddable":true,"href":"https:\/\/secureus.se\/pl\/wp-json\/wp\/v2\/product_cat?post=165447"},{"taxonomy":"product_tag","embeddable":true,"href":"https:\/\/secureus.se\/pl\/wp-json\/wp\/v2\/product_tag?post=165447"}],"curies":[{"name":"wp","href":"https:\/\/api.w.org\/{rel}","templated":true}]}}