{"id":165455,"date":"2026-05-05T14:27:17","date_gmt":"2026-05-05T12:27:17","guid":{"rendered":"https:\/\/secureus.se\/pac-20117-black-oneprox-gs3-lf-panel-mount-reader\/"},"modified":"2026-05-05T17:50:11","modified_gmt":"2026-05-05T15:50:11","slug":"pac-20117-black-oneprox-gs3-lf-panel-mount-reader","status":"publish","type":"product","link":"https:\/\/secureus.se\/pl\/pac-20117-black-oneprox-gs3-lf-panel-mount-reader\/","title":{"rendered":"PAC 20117 Black OneProx GS3 LF Panel Mount Reader"},"content":{"rendered":"<p>Czytnik niskocz\u0119stotliwo\u015bciowy PAC Black OneProx GS3 do monta\u017cu panelowego to \u0142atwa w modernizacji opcja, poniewa\u017c zosta\u0142 zaprojektowany do monta\u017cu na panelach wej\u015bciowych OEM. Zaprojektowany do pracy w najbardziej wymagaj\u0105cych warunkach, czytnik ten posiada stopie\u0144 ochrony IP65, co zapewnia odporno\u015b\u0107 na warunki atmosferyczne wewn\u0105trz i na zewn\u0105trz.<\/p>\n<ul>\n<li>Kompatybilny z PAC, KeyPAC i wieloma wariantami Wiegand<\/li>\n<li>Zasi\u0119g odczytu 45 mm<\/li>\n<li>Do\u017cywotnia gwarancja na awarie elektroniczne<\/li>\n<\/ul>\n<p>\n <strong><br \/>\n Waga produktu:<br \/>\n 0,10 kg<br \/>\n <\/strong>\n <\/p>\n<p>\n <strong>Cena od 293,40 \u20ac<\/strong>\n <\/p>","protected":false},"excerpt":{"rendered":"<p>The PAC black OneProx GS3 low-frequency panel mount reader is an easy retrofit reader option, as it\u2019s designed to fit OEM door entry panels. Also designed to work in the<\/p>","protected":false},"featured_media":165454,"template":"","meta":{"_acf_changed":false},"product_brand":[],"product_cat":[5132],"product_tag":[],"class_list":{"0":"post-165455","1":"product","2":"type-product","3":"status-publish","4":"has-post-thumbnail","6":"product_cat-lasare-passersystem","7":"pa_brands-pac","8":"tm-no-options","10":"first","11":"outofstock","12":"sale","13":"taxable","14":"shipping-taxable","15":"purchasable","16":"product-type-simple"},"acf":[],"_links":{"self":[{"href":"https:\/\/secureus.se\/pl\/wp-json\/wp\/v2\/product\/165455","targetHints":{"allow":["GET"]}}],"collection":[{"href":"https:\/\/secureus.se\/pl\/wp-json\/wp\/v2\/product"}],"about":[{"href":"https:\/\/secureus.se\/pl\/wp-json\/wp\/v2\/types\/product"}],"wp:featuredmedia":[{"embeddable":true,"href":"https:\/\/secureus.se\/pl\/wp-json\/wp\/v2\/media\/165454"}],"wp:attachment":[{"href":"https:\/\/secureus.se\/pl\/wp-json\/wp\/v2\/media?parent=165455"}],"wp:term":[{"taxonomy":"product_brand","embeddable":true,"href":"https:\/\/secureus.se\/pl\/wp-json\/wp\/v2\/product_brand?post=165455"},{"taxonomy":"product_cat","embeddable":true,"href":"https:\/\/secureus.se\/pl\/wp-json\/wp\/v2\/product_cat?post=165455"},{"taxonomy":"product_tag","embeddable":true,"href":"https:\/\/secureus.se\/pl\/wp-json\/wp\/v2\/product_tag?post=165455"}],"curies":[{"name":"wp","href":"https:\/\/api.w.org\/{rel}","templated":true}]}}