{"id":165474,"date":"2026-05-05T14:27:21","date_gmt":"2026-05-05T12:27:21","guid":{"rendered":"https:\/\/secureus.se\/hid-signo-20-keypad-reader-terminal-connection\/"},"modified":"2026-05-05T17:48:11","modified_gmt":"2026-05-05T15:48:11","slug":"hid-signo-20-keypad-reader-terminal-connection","status":"publish","type":"product","link":"https:\/\/secureus.se\/pl\/hid-signo-20-keypad-reader-terminal-connection\/","title":{"rendered":"HID\u00ae Signo\u2122 20 Keypad Reader &#8211; Terminal Connection"},"content":{"rendered":"<p>Czytnik z klawiatur\u0105 HID Signo 20 zapewnia \u0142atwe w zarz\u0105dzaniu, wielowarstwowe zabezpieczenia dzi\u0119ki podw\u00f3jnej funkcjonalno\u015bci czytnika zbli\u017ceniowego i klawiatury. Czytnik, montowany na p\u0142askiej powierzchni lub na s\u0142upku, z \u0142atwo\u015bci\u0105 odczytuje breloki, karty i aplikacje mobilne 2,4 GHz, 13,56 MHz i 125 kHz:<\/p>\n<ul>\n<li>iCLASS Seos\u00ae<\/li>\n<li>iCLASS, iCLASS SE\u00ae, CEPAS<\/li>\n<li>MIFARE\u2122 Classic, MIFARE\u2122 DESFire\u2122<\/li>\n<li>HID Prox\u00ae, Indala Prox\u00ae, AWID Prox\u00ae, EM Prox\u00ae<\/li>\n<\/ul>\n<p>Po\u0142\u0105czenie terminalowe<\/p>\n<p>Numer cz\u0119\u015bci producenta: 20KTKS-00-00000<\/p>\n<p>\n <strong><br \/>\n Waga produktu:<br \/>\n 0,50 kg<br \/>\n <\/strong>\n <\/p>\n<p>\n <strong>Cena od 420,00 \u20ac<\/strong>\n <\/p>","protected":false},"excerpt":{"rendered":"<p>The HID Signo 20 Keypad Reader provides easy to manage multi-layered security thanks to the dual contactless reader and keypad functionality. Flat surface or mullion-mounted, this reader easily reads 2.4GHz,<\/p>","protected":false},"featured_media":165472,"template":"","meta":{"_acf_changed":false},"product_brand":[],"product_cat":[5132],"product_tag":[],"class_list":{"0":"post-165474","1":"product","2":"type-product","3":"status-publish","4":"has-post-thumbnail","6":"product_cat-lasare-passersystem","7":"pa_brands-hid","8":"tm-no-options","10":"first","11":"instock","12":"sale","13":"taxable","14":"shipping-taxable","15":"purchasable","16":"product-type-simple"},"acf":[],"_links":{"self":[{"href":"https:\/\/secureus.se\/pl\/wp-json\/wp\/v2\/product\/165474","targetHints":{"allow":["GET"]}}],"collection":[{"href":"https:\/\/secureus.se\/pl\/wp-json\/wp\/v2\/product"}],"about":[{"href":"https:\/\/secureus.se\/pl\/wp-json\/wp\/v2\/types\/product"}],"wp:featuredmedia":[{"embeddable":true,"href":"https:\/\/secureus.se\/pl\/wp-json\/wp\/v2\/media\/165472"}],"wp:attachment":[{"href":"https:\/\/secureus.se\/pl\/wp-json\/wp\/v2\/media?parent=165474"}],"wp:term":[{"taxonomy":"product_brand","embeddable":true,"href":"https:\/\/secureus.se\/pl\/wp-json\/wp\/v2\/product_brand?post=165474"},{"taxonomy":"product_cat","embeddable":true,"href":"https:\/\/secureus.se\/pl\/wp-json\/wp\/v2\/product_cat?post=165474"},{"taxonomy":"product_tag","embeddable":true,"href":"https:\/\/secureus.se\/pl\/wp-json\/wp\/v2\/product_tag?post=165474"}],"curies":[{"name":"wp","href":"https:\/\/api.w.org\/{rel}","templated":true}]}}