{"id":165509,"date":"2026-05-05T14:27:15","date_gmt":"2026-05-05T12:27:15","guid":{"rendered":"https:\/\/secureus.se\/pac-20122-oneprox-gs3-hf-pin-prox-reader\/"},"modified":"2026-05-05T17:51:37","modified_gmt":"2026-05-05T15:51:37","slug":"pac-20122-oneprox-gs3-hf-pin-prox-reader","status":"publish","type":"product","link":"https:\/\/secureus.se\/pl\/pac-20122-oneprox-gs3-hf-pin-prox-reader\/","title":{"rendered":"PAC 20122 OneProx GS3 HF PIN &amp; Prox Reader"},"content":{"rendered":"<p>Czytnik kart PIN i zbli\u017ceniowych PAC OneProx GS3 o wysokiej cz\u0119stotliwo\u015bci dzia\u0142a jako klawiatura i czytnik kart RFID, co czyni go idealnym rozwi\u0105zaniem dla lokalizacji wymagaj\u0105cych r\u00f3\u017cnych rodzaj\u00f3w identyfikacji. Czytnik mo\u017cna zainstalowa\u0107 w wi\u0119kszo\u015bci podtynkowych puszek elektrycznych.<\/p>\n<ul>\n<li>Kompatybilny z PAC Ops, PAC Ops Lite i wieloma wariantami Wiegand<\/li>\n<li>Zasi\u0119g odczytu 45 mm<\/li>\n<li>Do\u017cywotnia gwarancja na awarie elektroniczne<\/li>\n<\/ul>\n<p>\n <strong><br \/>\n Waga produktu:<br \/>\n 0,50 kg<br \/>\n <\/strong>\n <\/p>\n<p>\n <strong>Cena od 346,80 \u20ac<\/strong>\n <\/p>","protected":false},"excerpt":{"rendered":"<p>The PAC OneProx GS3 high-frequency PIN &amp; Proximity card reader works as a keypad and RFID card reader, making it ideal for sites that require multiple types of ID. This<\/p>","protected":false},"featured_media":165508,"template":"","meta":{"_acf_changed":false},"product_brand":[],"product_cat":[5132],"product_tag":[],"class_list":{"0":"post-165509","1":"product","2":"type-product","3":"status-publish","4":"has-post-thumbnail","6":"product_cat-lasare-passersystem","7":"pa_brands-pac","8":"tm-no-options","10":"first","11":"outofstock","12":"sale","13":"taxable","14":"shipping-taxable","15":"purchasable","16":"product-type-simple"},"acf":[],"_links":{"self":[{"href":"https:\/\/secureus.se\/pl\/wp-json\/wp\/v2\/product\/165509","targetHints":{"allow":["GET"]}}],"collection":[{"href":"https:\/\/secureus.se\/pl\/wp-json\/wp\/v2\/product"}],"about":[{"href":"https:\/\/secureus.se\/pl\/wp-json\/wp\/v2\/types\/product"}],"wp:featuredmedia":[{"embeddable":true,"href":"https:\/\/secureus.se\/pl\/wp-json\/wp\/v2\/media\/165508"}],"wp:attachment":[{"href":"https:\/\/secureus.se\/pl\/wp-json\/wp\/v2\/media?parent=165509"}],"wp:term":[{"taxonomy":"product_brand","embeddable":true,"href":"https:\/\/secureus.se\/pl\/wp-json\/wp\/v2\/product_brand?post=165509"},{"taxonomy":"product_cat","embeddable":true,"href":"https:\/\/secureus.se\/pl\/wp-json\/wp\/v2\/product_cat?post=165509"},{"taxonomy":"product_tag","embeddable":true,"href":"https:\/\/secureus.se\/pl\/wp-json\/wp\/v2\/product_tag?post=165509"}],"curies":[{"name":"wp","href":"https:\/\/api.w.org\/{rel}","templated":true}]}}