{"id":165608,"date":"2026-05-08T10:36:56","date_gmt":"2026-05-08T08:36:56","guid":{"rendered":"https:\/\/secureus.se\/dc-dc-omvandlare-12v-till-24v-ip67\/"},"modified":"2026-05-08T11:39:41","modified_gmt":"2026-05-08T09:39:41","slug":"dc-dc-omvandlare-12v-till-24v-ip67","status":"publish","type":"product","link":"https:\/\/secureus.se\/pl\/dc-dc-omvandlare-12v-till-24v-ip67\/","title":{"rendered":"Przetwornica DC-DC 12 V na 24 V 2,5 A 60 W IP67 | Przetwornica napi\u0119cia"},"content":{"rendered":"<h2 data-section-id=\"pdg5ak\" data-start=\"138\" data-end=\"242\"><span role=\"text\"><strong data-start=\"141\" data-end=\"242\">DC-DC Omvandlare 12V till 24V 2.5A (60W) IP67 \u2013 Sp\u00e4nningsomvandlare f\u00f6r CCTV, Larm &amp; Passersystem<\/strong><\/span><\/h2>\n<p data-start=\"244\" data-end=\"334\"><strong data-start=\"244\" data-end=\"334\">Effektiv DC-DC omvandlare 12V till 24V f\u00f6r s\u00e4kerhetsinstallationer och tekniska system<\/strong><\/p>\n<p data-start=\"336\" data-end=\"619\">Ten <strong data-start=\"342\" data-end=\"375\">DC-DC omvandlare 12V till 24V<\/strong> \u00e4r en kompakt och kraftfull l\u00f6sning f\u00f6r att konvertera liksp\u00e4nning i b\u00e5de professionella och industriella installationer.<\/p>\n<p data-start=\"336\" data-end=\"619\">Med st\u00f6d f\u00f6r insp\u00e4nning <strong data-start=\"522\" data-end=\"535\">10\u201323V DC<\/strong> levererar den en stabil <strong data-start=\"560\" data-end=\"590\">24V utsp\u00e4nning (23\u201325V DC)<\/strong> z maksymalnie <strong data-start=\"604\" data-end=\"618\">2.5A \/ 60W<\/strong>.<\/p>\n<p data-start=\"621\" data-end=\"749\">Perfekt f\u00f6r dig som s\u00f6ker en <strong data-start=\"650\" data-end=\"748\">sp\u00e4nningsomvandlare 12V till 24V f\u00f6r kamera\u00f6vervakning (CCTV), passersystem, larm eller fordon<\/strong>.<\/p>\n<hr data-start=\"751\" data-end=\"754\" \/>\n<h2 data-section-id=\"5rza6m\" data-start=\"756\" data-end=\"779\"><span role=\"text\"><strong data-start=\"759\" data-end=\"779\">Kluczowe funkcje<\/strong><\/span><\/h2>\n<ul data-start=\"780\" data-end=\"1047\">\n<li data-section-id=\"1qk9388\" data-start=\"780\" data-end=\"815\">DC-DC omvandlare <strong data-start=\"799\" data-end=\"815\">12V till 24V<\/strong><\/li>\n<li data-section-id=\"1cp7r8m\" data-start=\"816\" data-end=\"856\">A\u017c do <strong data-start=\"827\" data-end=\"856\">2.5A utstr\u00f6m \/ 60W effekt<\/strong><\/li>\n<li data-section-id=\"1mg9jf4\" data-start=\"857\" data-end=\"899\"><strong data-start=\"859\" data-end=\"875\">Stopie\u0144 ochrony IP67<\/strong> \u2013 vattent\u00e4t och dammt\u00e4t<\/li>\n<li data-section-id=\"uz4465\" data-start=\"900\" data-end=\"948\">Stabil och s\u00e4ker drift \u00e4ven i kr\u00e4vande milj\u00f6er<\/li>\n<li data-section-id=\"v0mdp1\" data-start=\"949\" data-end=\"1009\">Inbyggda skydd: \u00f6verstr\u00f6m, \u00f6versp\u00e4nning och \u00f6vertemperatur<\/li>\n<li data-section-id=\"1wqi0hv\" data-start=\"1010\" data-end=\"1047\">Kompakt design med monteringsf\u00e4sten<\/li>\n<\/ul>\n<hr data-start=\"1049\" data-end=\"1052\" \/>\n<h2 data-section-id=\"4wkmjn\" data-start=\"1054\" data-end=\"1085\"><span role=\"text\"><strong data-start=\"1057\" data-end=\"1085\">Specyfikacje techniczne<\/strong><\/span><\/h2>\n<ul data-start=\"1086\" data-end=\"1330\">\n<li data-section-id=\"1txqzmk\" data-start=\"1086\" data-end=\"1136\"><strong data-start=\"1088\" data-end=\"1096\">Typ:<\/strong> DC-DC converter \/ sp\u00e4nningsomvandlare<\/li>\n<li data-section-id=\"1sl2o1c\" data-start=\"1137\" data-end=\"1166\"><strong data-start=\"1139\" data-end=\"1154\">Napi\u0119cie wej\u015bciowe:<\/strong> 10\u201323V DC<\/li>\n<li data-section-id=\"9zxz2z\" data-start=\"1167\" data-end=\"1212\"><strong data-start=\"1169\" data-end=\"1184\">Napi\u0119cie wyj\u015bciowe:<\/strong> 23\u201325V DC (24V nominellt)<\/li>\n<li data-section-id=\"1afwxit\" data-start=\"1213\" data-end=\"1234\"><strong data-start=\"1215\" data-end=\"1227\">Utstr\u00f6m:<\/strong> 2.5A<\/li>\n<li data-section-id=\"16j7wy0\" data-start=\"1235\" data-end=\"1258\"><strong data-start=\"1237\" data-end=\"1252\">Max effekt:<\/strong> 60 W<\/li>\n<li data-section-id=\"1a256ze\" data-start=\"1259\" data-end=\"1287\"><strong data-start=\"1261\" data-end=\"1280\">Klasa ochrony:<\/strong> IP67<\/li>\n<li data-section-id=\"14ulixi\" data-start=\"1288\" data-end=\"1330\"><strong data-start=\"1290\" data-end=\"1311\">Temperatura pracy:<\/strong> -20\u00b0C till +70\u00b0C<\/li>\n<\/ul>\n<hr data-start=\"1332\" data-end=\"1335\" \/>\n<h2 data-section-id=\"hn49o5\" data-start=\"1337\" data-end=\"1362\"><span role=\"text\"><strong data-start=\"1340\" data-end=\"1362\">Obszary zastosowa\u0144<\/strong><\/span><\/h2>\n<p data-start=\"1363\" data-end=\"1415\">Ten <strong data-start=\"1369\" data-end=\"1396\">12V till 24V omvandlare<\/strong> anv\u00e4nds ofta inom:<\/p>\n<ul data-start=\"1416\" data-end=\"1616\">\n<li data-section-id=\"1tc4akp\" data-start=\"1416\" data-end=\"1457\">Kamera\u00f6vervakning (CCTV \/ IP-kameror)<\/li>\n<li data-section-id=\"17vu8h\" data-start=\"1458\" data-end=\"1500\">Larmsystem och s\u00e4kerhetsinstallationer<\/li>\n<li data-section-id=\"1uplhvi\" data-start=\"1501\" data-end=\"1534\">Passersystem och d\u00f6rrkontroll<\/li>\n<li data-section-id=\"lyrewg\" data-start=\"1535\" data-end=\"1577\">Fordon, lastbilar och mobila l\u00f6sningar<\/li>\n<li data-section-id=\"4u7j94\" data-start=\"1578\" data-end=\"1616\">Industriella system och automation<\/li>\n<\/ul>\n<hr data-start=\"1618\" data-end=\"1621\" \/>\n<h2 data-section-id=\"rb1pzk\" data-start=\"1623\" data-end=\"1648\"><span role=\"text\"><strong data-start=\"1626\" data-end=\"1648\">\u0141atwa instalacja<\/strong><\/span><\/h2>\n<p data-start=\"1649\" data-end=\"1705\">F\u00f6rmonterade kablar g\u00f6r installationen snabb och smidig:<\/p>\n<ul data-start=\"1706\" data-end=\"1803\">\n<li data-section-id=\"1l76vve\" data-start=\"1706\" data-end=\"1738\"><strong data-start=\"1708\" data-end=\"1722\">Czerwony kabel:<\/strong> + (input 12V)<\/li>\n<li data-section-id=\"5en4mt\" data-start=\"1739\" data-end=\"1769\"><strong data-start=\"1741\" data-end=\"1757\">Czarny kabel:<\/strong> \u2013 (input)<\/li>\n<li data-section-id=\"a3f8a0\" data-start=\"1770\" data-end=\"1803\"><strong data-start=\"1772\" data-end=\"1786\">Gul kabel:<\/strong> + (output 24V)<\/li>\n<\/ul>\n<hr data-start=\"1805\" data-end=\"1808\" \/>\n<h2 data-section-id=\"buxhc0\" data-start=\"1810\" data-end=\"1853\"><span role=\"text\"><strong data-start=\"1813\" data-end=\"1853\">Varf\u00f6r v\u00e4lja denna DC-DC omvandlare?<\/strong><\/span><\/h2>\n<p data-start=\"1854\" data-end=\"2111\">Beh\u00f6ver du h\u00f6ja sp\u00e4nningen fr\u00e5n <strong data-start=\"1886\" data-end=\"1933\">12V till 24V p\u00e5 ett s\u00e4kert och stabilt s\u00e4tt<\/strong>, \u00e4r detta en optimal l\u00f6sning. Den h\u00f6ga kapslingsklassen (IP67) g\u00f6r den s\u00e4rskilt l\u00e4mplig f\u00f6r utomhusbruk och installationer d\u00e4r fukt, damm eller temperaturvariationer f\u00f6rekommer.<\/p>","protected":false},"excerpt":{"rendered":"<p>Przetwornica DC-DC 12V do 24V (2,5A, 60W) o stopniu ochrony IP67.<\/p>\n<p>Doskonale nadaje si\u0119 do monitoringu CCTV, alarm\u00f3w, system\u00f3w kontroli dost\u0119pu i pojazd\u00f3w.<\/p>\n<p>Stabilny i wodoodporny przetwornik napi\u0119cia.<\/p>","protected":false},"featured_media":165607,"template":"","meta":{"_acf_changed":false},"product_brand":[],"product_cat":[3198,4150],"product_tag":[],"class_list":{"0":"post-165608","1":"product","2":"type-product","3":"status-publish","4":"has-post-thumbnail","6":"product_cat-omvandlare-12-24v","7":"product_cat-omvandlare-dc-dc","8":"product_shipping_class-postnord-varubrev","9":"pa_brands-stonehouse-security","10":"tm-no-options","12":"first","13":"instock","14":"taxable","15":"shipping-taxable","16":"purchasable","17":"product-type-simple"},"acf":[],"_links":{"self":[{"href":"https:\/\/secureus.se\/pl\/wp-json\/wp\/v2\/product\/165608","targetHints":{"allow":["GET"]}}],"collection":[{"href":"https:\/\/secureus.se\/pl\/wp-json\/wp\/v2\/product"}],"about":[{"href":"https:\/\/secureus.se\/pl\/wp-json\/wp\/v2\/types\/product"}],"wp:featuredmedia":[{"embeddable":true,"href":"https:\/\/secureus.se\/pl\/wp-json\/wp\/v2\/media\/165607"}],"wp:attachment":[{"href":"https:\/\/secureus.se\/pl\/wp-json\/wp\/v2\/media?parent=165608"}],"wp:term":[{"taxonomy":"product_brand","embeddable":true,"href":"https:\/\/secureus.se\/pl\/wp-json\/wp\/v2\/product_brand?post=165608"},{"taxonomy":"product_cat","embeddable":true,"href":"https:\/\/secureus.se\/pl\/wp-json\/wp\/v2\/product_cat?post=165608"},{"taxonomy":"product_tag","embeddable":true,"href":"https:\/\/secureus.se\/pl\/wp-json\/wp\/v2\/product_tag?post=165608"}],"curies":[{"name":"wp","href":"https:\/\/api.w.org\/{rel}","templated":true}]}}