{"id":41442,"date":"2022-08-24T14:54:40","date_gmt":"2022-08-24T12:54:40","guid":{"rendered":"https:\/\/secureus.se\/produkt\/pclink-5wp-usb\/"},"modified":"2026-01-06T20:50:34","modified_gmt":"2026-01-06T19:50:34","slug":"dsc-programming-interface-usb-pclink","status":"publish","type":"product","link":"https:\/\/secureus.se\/pl\/dsc-programming-interface-usb-pclink\/","title":{"rendered":"Interfejs programowania DSC USB PCLINK-5WP USB"},"content":{"rendered":"<p><strong>Interfejs programowania DSC USB PCLINK-5WP<\/strong> to wydajny i \u0142atwy w obs\u0142udze kabel USB, kt\u00f3ry u\u0142atwia pod\u0142\u0105czenie system\u00f3w alarmowych DSC do komputera w celu programowania i monitorowania.<\/p>\n<p>Kabel ten jest kompatybilny ze wszystkimi jednostkami centralnymi i nadajnikami alarmowymi DSC, w tym z BGSM-120, co czyni go uniwersalnym rozwi\u0105zaniem zar\u00f3wno dla nowych instalacji, jak i istniej\u0105cych system\u00f3w.<\/p>\n<p>Dzi\u0119ki interfejsowi programowania DSC USB u\u017cytkownicy mog\u0105 skutecznie zarz\u0105dza\u0107 i dostosowywa\u0107 swoje systemy bezpiecze\u0144stwa za pomoc\u0105 komputera, zwi\u0119kszaj\u0105c wygod\u0119 i efektywno\u015b\u0107 programowania i zdalnego monitorowania.<\/p>\n<p>Kabel umo\u017cliwia tak\u017ce \u0142atw\u0105 integracj\u0119 z oprogramowaniem do weryfikacji alarm\u00f3w i monitorowania systemu.<\/p>\n<p>PowerSeries Neo oferuje wyj\u0105tkow\u0105 elastyczno\u015b\u0107 dzi\u0119ki mo\u017cliwo\u015bci bezprzewodowego i sprz\u0119towego monitorowania do 128 stref oraz mo\u017cliwo\u015bci wykorzystania do 8 partycji dostosowanych do r\u00f3\u017cnych rozwi\u0105za\u0144 bezpiecze\u0144stwa.<\/p>\n<p>Dzi\u0119ki interfejsowi programowania DSC USB otrzymujesz nie tylko praktyczne rozwi\u0105zanie do programowania, ale tak\u017ce wa\u017cny element wydajnego i elastycznego systemu bezpiecze\u0144stwa.<\/p>","protected":false},"excerpt":{"rendered":"<p>Interfejs programowania DSC USB PCLINK-5WP to kabel USB do pod\u0142\u0105czenia do komputera PC, kompatybilny ze wszystkimi urz\u0105dzeniami centralnymi DSC i nadajnikami alarmowymi.<\/p>","protected":false},"featured_media":141729,"template":"","meta":{"_acf_changed":false},"product_brand":[],"product_cat":[3332,1322],"product_tag":[3311,3031],"class_list":{"0":"post-41442","1":"product","2":"type-product","3":"status-publish","4":"has-post-thumbnail","6":"product_cat-tillbehor","7":"product_cat-dsc-larm-neo-power-hybridlarm","8":"product_tag-dsc-neo-svensk-manual","9":"product_tag-neo-ovriga-tillbehor","10":"product_shipping_class-postnord-varubrev","11":"pa_brands-4dsc","12":"pa_dsc-neo-hybridlarm-ovriga-tillbehor","13":"tm-has-options","15":"first","16":"outofstock","17":"sale","18":"featured","19":"taxable","20":"shipping-taxable","21":"purchasable","22":"product-type-simple"},"acf":[],"_links":{"self":[{"href":"https:\/\/secureus.se\/pl\/wp-json\/wp\/v2\/product\/41442","targetHints":{"allow":["GET"]}}],"collection":[{"href":"https:\/\/secureus.se\/pl\/wp-json\/wp\/v2\/product"}],"about":[{"href":"https:\/\/secureus.se\/pl\/wp-json\/wp\/v2\/types\/product"}],"wp:featuredmedia":[{"embeddable":true,"href":"https:\/\/secureus.se\/pl\/wp-json\/wp\/v2\/media\/141729"}],"wp:attachment":[{"href":"https:\/\/secureus.se\/pl\/wp-json\/wp\/v2\/media?parent=41442"}],"wp:term":[{"taxonomy":"product_brand","embeddable":true,"href":"https:\/\/secureus.se\/pl\/wp-json\/wp\/v2\/product_brand?post=41442"},{"taxonomy":"product_cat","embeddable":true,"href":"https:\/\/secureus.se\/pl\/wp-json\/wp\/v2\/product_cat?post=41442"},{"taxonomy":"product_tag","embeddable":true,"href":"https:\/\/secureus.se\/pl\/wp-json\/wp\/v2\/product_tag?post=41442"}],"curies":[{"name":"wp","href":"https:\/\/api.w.org\/{rel}","templated":true}]}}