{"id":41443,"date":"2022-08-17T12:51:07","date_gmt":"2022-08-17T10:51:07","guid":{"rendered":"https:\/\/secureus.se\/produkt\/larmdekal-nookbox-matt-47x73-mm\/"},"modified":"2026-03-14T22:14:00","modified_gmt":"2026-03-14T21:14:00","slug":"larmdekal-nookbox-matt-47x73-mm","status":"publish","type":"product","link":"https:\/\/secureus.se\/pl\/larmdekal-nookbox-matt-47x73-mm\/","title":{"rendered":"Naklejka alarmowa \u2013 NookBox Wymiary: 47\u00d773 mm"},"content":{"rendered":"<p>Naklejka alarmowa do systemu antyw\u0142amaniowego NookBox, samoprzylepna, dwustronna, do mocowania np. na oknach i drzwiach. Drukowane po obu stronach, umo\u017cliwiaj\u0105ce ogl\u0105danie zar\u00f3wno od wewn\u0105trz, jak i od zewn\u0105trz.<\/p>\n<p>Wymiary: 47\u00d773 mm<\/p>","protected":false},"excerpt":{"rendered":"<p>Naklejka alarmowa do systemu antyw\u0142amaniowego NookBox, samoprzylepna, dwustronna, do mocowania np. na oknach i drzwiach. Drukowane po obu stronach, umo\u017cliwiaj\u0105ce ogl\u0105danie zar\u00f3wno od wewn\u0105trz, jak i od zewn\u0105trz.<\/p>\n<p>Wymiary: 47\u00d773 mm<\/p>","protected":false},"featured_media":134580,"template":"","meta":{"_acf_changed":false},"product_brand":[],"product_cat":[1323],"product_tag":[],"class_list":{"0":"post-41443","1":"product","2":"type-product","3":"status-publish","4":"has-post-thumbnail","6":"product_cat-larmdekaler","7":"product_shipping_class-dekaler-skyltar","8":"tm-no-options","10":"first","11":"instock","12":"sale","13":"featured","14":"taxable","15":"shipping-taxable","16":"purchasable","17":"product-type-simple"},"acf":[],"_links":{"self":[{"href":"https:\/\/secureus.se\/pl\/wp-json\/wp\/v2\/product\/41443","targetHints":{"allow":["GET"]}}],"collection":[{"href":"https:\/\/secureus.se\/pl\/wp-json\/wp\/v2\/product"}],"about":[{"href":"https:\/\/secureus.se\/pl\/wp-json\/wp\/v2\/types\/product"}],"wp:featuredmedia":[{"embeddable":true,"href":"https:\/\/secureus.se\/pl\/wp-json\/wp\/v2\/media\/134580"}],"wp:attachment":[{"href":"https:\/\/secureus.se\/pl\/wp-json\/wp\/v2\/media?parent=41443"}],"wp:term":[{"taxonomy":"product_brand","embeddable":true,"href":"https:\/\/secureus.se\/pl\/wp-json\/wp\/v2\/product_brand?post=41443"},{"taxonomy":"product_cat","embeddable":true,"href":"https:\/\/secureus.se\/pl\/wp-json\/wp\/v2\/product_cat?post=41443"},{"taxonomy":"product_tag","embeddable":true,"href":"https:\/\/secureus.se\/pl\/wp-json\/wp\/v2\/product_tag?post=41443"}],"curies":[{"name":"wp","href":"https:\/\/api.w.org\/{rel}","templated":true}]}}