{"id":41463,"date":"2022-07-14T16:26:04","date_gmt":"2022-07-14T14:26:04","guid":{"rendered":"https:\/\/secureus.se\/produkt\/tagg-nyckelbricka-merkurius-mifare1k\/"},"modified":"2026-01-06T20:50:24","modified_gmt":"2026-01-06T19:50:24","slug":"tagg-nyckelbricka-merkurius-mifare1k","status":"publish","type":"product","link":"https:\/\/secureus.se\/pl\/tagg-nyckelbricka-merkurius-mifare1k\/","title":{"rendered":"Przywieszka\/breloczek Mercury Mifare1k"},"content":{"rendered":"<p>Tag RFID &quot;Merkurius&quot; to elastyczny i niewielki tag o wymiarach 31x40x4,4 mm. Wykonana jest z twardego materia\u0142u ABS o \u0142adnej powierzchni, kt\u00f3ra idealnie nadaje si\u0119 zar\u00f3wno do grawerowania, jak i kolorowych logo.<\/p>\n<p>Zale\u017cy nam na szybkich dostawach i je\u015bli przywieszki znajduj\u0105 si\u0119 na magazynie, jeste\u015bmy w stanie dostarczy\u0107 je w ci\u0105gu 1-3 dni. Je\u015bli przywieszki wymagaj\u0105 indywidualnego dostosowania do Twojego zam\u00f3wienia, czas dostawy wyniesie oko\u0142o 2 tygodni. Chcemy mie\u0107 pewno\u015b\u0107, \u017ce ka\u017cdy tag spe\u0142nia Twoje specyficzne potrzeby i wymagania, dlatego po\u015bwi\u0119camy czas na stworzenie dla Ciebie niestandardowego rozwi\u0105zania.<\/p>\n<p>Skontaktuj si\u0119 z nami ju\u017c dzi\u015b, aby om\u00f3wi\u0107 pomys\u0142y na projekt i uzyska\u0107 rozwi\u0105zanie w zakresie znacznik\u00f3w RFID, kt\u00f3re odpowiada Twoim potrzebom. Dzi\u0119ki znacznikowi RFID \u201eMerkurius\u201d przenosisz swoje bezpiecze\u0144stwo i identyfikacj\u0119 na wy\u017cszy poziom. Zam\u00f3w ju\u017c teraz i poznaj zalety naszego niezawodnego produktu zaprojektowanego z my\u015bl\u0105 o Twoich konkretnych potrzebach.<\/p>\n<p>Znacznik RFID \u201eMerkurius\u201d mo\u017ce by\u0107 wyposa\u017cony z jednej strony w bia\u0142y \u201epier\u015bcie\u0144\u201d na np. logo lub numer, lub mo\u017ce by\u0107 ca\u0142kowicie tego samego koloru, ale tak\u017ce tutaj z mo\u017cliwo\u015bci\u0105 nadruku logo i numeru .<\/p>\n<p>Zale\u017cy nam na szybkich dostawach i je\u015bli przywieszki znajduj\u0105 si\u0119 na magazynie, jeste\u015bmy w stanie dostarczy\u0107 je w ci\u0105gu 1-3 dni. Je\u015bli przywieszki wymagaj\u0105 indywidualnego dostosowania do Twojego zam\u00f3wienia, czas dostawy wyniesie oko\u0142o 2 tygodni. Chcemy mie\u0107 pewno\u015b\u0107, \u017ce ka\u017cdy tag spe\u0142nia Twoje specyficzne potrzeby i wymagania, dlatego po\u015bwi\u0119camy czas na stworzenie dla Ciebie niestandardowego rozwi\u0105zania.<\/p>\n<p>Skontaktuj si\u0119 z nami ju\u017c dzi\u015b, aby om\u00f3wi\u0107 pomys\u0142y na projekt i uzyska\u0107 rozwi\u0105zanie w zakresie znacznik\u00f3w RFID, kt\u00f3re odpowiada Twoim potrzebom. Dzi\u0119ki znacznikowi RFID \u201eMerkurius\u201d przenosisz swoje bezpiecze\u0144stwo i identyfikacj\u0119 na wy\u017cszy poziom. Zam\u00f3w ju\u017c teraz i poznaj zalety naszego niezawodnego produktu zaprojektowanego z my\u015bl\u0105 o Twoich konkretnych potrzebach.<\/p>\n<p>Tagi RFID mo\u017cna wykorzysta\u0107 do:<br \/>\nSystem przepustek<br \/>\nSystem go\u015bci<br \/>\nRezerwacja pralni<br \/>\nAlarm i bezpiecze\u0144stwo<\/p>\n<p>Zalety znacznik\u00f3w RFID \u201eMerkurius\u201d:<br \/>\nCa\u0142kowicie opcjonalny projekt i bezp\u0142atna korekta do momentu, a\u017c b\u0119dziesz usatysfakcjonowany<br \/>\nMo\u017cliwo\u015b\u0107 wygrawerowania standardowego numeru lub do\u0142\u0105czenia logo<br \/>\nMa\u0142a, elastyczna zawieszka, kt\u00f3ra jest niezawodna i jest dost\u0119pna od d\u0142ugiego czasu.<br \/>\nDu\u017cy wyb\u00f3r wariant\u00f3w chip\u00f3w dostosowanych do r\u00f3\u017cnych potrzeb i zawsze dost\u0119pnych w magazynie.<\/p>","protected":false},"excerpt":{"rendered":"<p>Tag RFID &quot;Merkurius&quot; to elastyczny i niewielki tag o wymiarach 31x40x4,4 mm. Wykonany jest z twardego materia\u0142u ABS o \u0142adnej powierzchni, kt\u00f3ra idealnie nadaje si\u0119 zar\u00f3wno do grawerowania, jak i<\/p>","protected":false},"featured_media":142030,"template":"","meta":{"_acf_changed":false},"product_brand":[],"product_cat":[1324,4784,2354],"product_tag":[2958],"class_list":{"0":"post-41463","1":"product","2":"type-product","3":"status-publish","4":"has-post-thumbnail","6":"product_cat-outlet","7":"product_cat-mifare1k","8":"product_cat-rfid-taggar","9":"product_tag-stonehouse-produkt","10":"product_shipping_class-postnord-varubrev","11":"pa_brands-stonehouse-security","12":"pa_farg-bla","13":"tm-no-options","15":"first","16":"outofstock","17":"sale","18":"featured","19":"taxable","20":"shipping-taxable","21":"purchasable","22":"product-type-simple"},"acf":[],"_links":{"self":[{"href":"https:\/\/secureus.se\/pl\/wp-json\/wp\/v2\/product\/41463","targetHints":{"allow":["GET"]}}],"collection":[{"href":"https:\/\/secureus.se\/pl\/wp-json\/wp\/v2\/product"}],"about":[{"href":"https:\/\/secureus.se\/pl\/wp-json\/wp\/v2\/types\/product"}],"wp:featuredmedia":[{"embeddable":true,"href":"https:\/\/secureus.se\/pl\/wp-json\/wp\/v2\/media\/142030"}],"wp:attachment":[{"href":"https:\/\/secureus.se\/pl\/wp-json\/wp\/v2\/media?parent=41463"}],"wp:term":[{"taxonomy":"product_brand","embeddable":true,"href":"https:\/\/secureus.se\/pl\/wp-json\/wp\/v2\/product_brand?post=41463"},{"taxonomy":"product_cat","embeddable":true,"href":"https:\/\/secureus.se\/pl\/wp-json\/wp\/v2\/product_cat?post=41463"},{"taxonomy":"product_tag","embeddable":true,"href":"https:\/\/secureus.se\/pl\/wp-json\/wp\/v2\/product_tag?post=41463"}],"curies":[{"name":"wp","href":"https:\/\/api.w.org\/{rel}","templated":true}]}}