{"id":41469,"date":"2022-07-14T16:25:51","date_gmt":"2022-07-14T14:25:51","guid":{"rendered":"https:\/\/secureus.se\/produkt\/tagg-nyckelbricka-saturnus-em4200-std-nr\/"},"modified":"2025-12-31T20:24:24","modified_gmt":"2025-12-31T19:24:24","slug":"tagg-nyckelbricka-saturnus-em4200-std-nr","status":"publish","type":"product","link":"https:\/\/secureus.se\/pl\/tagg-nyckelbricka-saturnus-em4200-std-nr\/","title":{"rendered":"Przywieszka\/breloczek Saturnus EM4200 Std"},"content":{"rendered":"<p>Saturnus to wszechstronna przywieszka wykonana z elastycznego materia\u0142u ABS o \u0142adnej powierzchni, kt\u00f3ra doskonale nadaje si\u0119 zar\u00f3wno do grawerowania, jak i kolorowych logo.<\/p>\n<p>Jedna strona jest bia\u0142a, a na drugiej wygrawerowane s\u0105 cyfry B, R, S i A.<\/p>\n<p>Dzia\u0142a we wszystkich systemach wykorzystuj\u0105cych technologi\u0119 EM, w tym RCO, Bewator\/Vanderbilt, Aptus, ASSA ARX i innych typach system\u00f3w, np. systemach go\u015bci czy logowaniu do komputer\u00f3w\/drukarek.<\/p>\n<p>Wi\u0119cej o artykule przeczytasz w Karcie Produktu - Karta Produktu Saturnus<\/p>\n<p>Stonehouse Saturnus to tani i dobry produkt z oryginalnym chipem do wszelkich zastosowa\u0144.<\/p>","protected":false},"excerpt":{"rendered":"<p>Saturnus to uniwersalny tag wykonany z elastycznego materia\u0142u ABS o eleganckiej powierzchni, kt\u00f3ra doskonale nadaje si\u0119 zar\u00f3wno do grawerowania, jak i nanoszenia kolorowych logotyp\u00f3w. Jedna strona jest bia\u0142a, a druga strona jest<\/p>","protected":false},"featured_media":147281,"template":"","meta":{"_acf_changed":false},"product_brand":[],"product_cat":[1324],"product_tag":[2958],"class_list":{"0":"post-41469","1":"product","2":"type-product","3":"status-publish","4":"has-post-thumbnail","6":"product_cat-outlet","7":"product_tag-stonehouse-produkt","8":"product_shipping_class-postnord-varubrev","9":"pa_brands-stonehouse-security","10":"pa_chip-teknik-em4200","11":"pa_farg-bla","12":"tm-no-options","14":"first","15":"outofstock","16":"sale","17":"featured","18":"taxable","19":"shipping-taxable","20":"purchasable","21":"product-type-simple"},"acf":[],"_links":{"self":[{"href":"https:\/\/secureus.se\/pl\/wp-json\/wp\/v2\/product\/41469","targetHints":{"allow":["GET"]}}],"collection":[{"href":"https:\/\/secureus.se\/pl\/wp-json\/wp\/v2\/product"}],"about":[{"href":"https:\/\/secureus.se\/pl\/wp-json\/wp\/v2\/types\/product"}],"wp:featuredmedia":[{"embeddable":true,"href":"https:\/\/secureus.se\/pl\/wp-json\/wp\/v2\/media\/147281"}],"wp:attachment":[{"href":"https:\/\/secureus.se\/pl\/wp-json\/wp\/v2\/media?parent=41469"}],"wp:term":[{"taxonomy":"product_brand","embeddable":true,"href":"https:\/\/secureus.se\/pl\/wp-json\/wp\/v2\/product_brand?post=41469"},{"taxonomy":"product_cat","embeddable":true,"href":"https:\/\/secureus.se\/pl\/wp-json\/wp\/v2\/product_cat?post=41469"},{"taxonomy":"product_tag","embeddable":true,"href":"https:\/\/secureus.se\/pl\/wp-json\/wp\/v2\/product_tag?post=41469"}],"curies":[{"name":"wp","href":"https:\/\/api.w.org\/{rel}","templated":true}]}}