{"id":41471,"date":"2022-07-14T16:25:50","date_gmt":"2022-07-14T14:25:50","guid":{"rendered":"https:\/\/secureus.se\/produkt\/tagg-nyckelbricka-saturnus-em4200\/"},"modified":"2026-01-06T20:47:49","modified_gmt":"2026-01-06T19:47:49","slug":"tagg-nyckelbricka-saturnus-em4200","status":"publish","type":"product","link":"https:\/\/secureus.se\/pl\/tagg-nyckelbricka-saturnus-em4200\/","title":{"rendered":"Przywieszka\/breloczek Saturnus EM4200"},"content":{"rendered":"<div>\n<p>Saturnus to wszechstronna przywieszka wykonana z elastycznego materia\u0142u ABS o \u0142adnej powierzchni, kt\u00f3ra doskonale nadaje si\u0119 zar\u00f3wno do grawerowania, jak i kolorowych logo.<\/p>\n<p>Jedna strona jest bia\u0142a na np. logo, druga strona nadaje si\u0119 do grawerowania cyfr.<\/p>\n<p>Je\u015bli wybra\u0142e\u015b tag zawieraj\u0105cy tylko numer, mo\u017cesz wybra\u0107, czy chcesz, aby numery mia\u0142y znajdowa\u0107 si\u0119 z przodu, czy z ty\u0142u tagu.<\/p>\n<p>Dzia\u0142a we wszystkich systemach wykorzystuj\u0105cych technologi\u0119 EM, w tym RCO, Bewator\/Vanderbilt, Aptus, ASSA ARX i innych typach system\u00f3w, np. systemach go\u015bci czy logowaniu do komputer\u00f3w\/drukarek.<\/p>\n<p>Wi\u0119cej o artykule przeczytasz w Karcie Produktu - Karta Produktu Saturnus<\/p>\n<p>Stonehouse Saturnus to tani i dobry produkt z oryginalnym chipem do wszelkich zastosowa\u0144.<\/p>\n<p>&nbsp;<\/p>\n<\/div>","protected":false},"excerpt":{"rendered":"<p>Saturnus to wszechstronna przywieszka wykonana z elastycznego materia\u0142u ABS o \u0142adnej powierzchni, kt\u00f3ra doskonale nadaje si\u0119 zar\u00f3wno do grawerowania, jak i kolorowych logo. Jedna strona jest bia\u0142a, na przyk\u0142ad logo i<\/p>","protected":false},"featured_media":142223,"template":"","meta":{"_acf_changed":false},"product_brand":[],"product_cat":[1324],"product_tag":[2958],"class_list":{"0":"post-41471","1":"product","2":"type-product","3":"status-publish","4":"has-post-thumbnail","6":"product_cat-outlet","7":"product_tag-stonehouse-produkt","8":"product_shipping_class-postnord-varubrev","9":"pa_brands-stonehouse-security","10":"pa_farg-bla","11":"tm-no-options","13":"first","14":"outofstock","15":"sale","16":"featured","17":"taxable","18":"shipping-taxable","19":"purchasable","20":"product-type-simple"},"acf":[],"_links":{"self":[{"href":"https:\/\/secureus.se\/pl\/wp-json\/wp\/v2\/product\/41471","targetHints":{"allow":["GET"]}}],"collection":[{"href":"https:\/\/secureus.se\/pl\/wp-json\/wp\/v2\/product"}],"about":[{"href":"https:\/\/secureus.se\/pl\/wp-json\/wp\/v2\/types\/product"}],"wp:featuredmedia":[{"embeddable":true,"href":"https:\/\/secureus.se\/pl\/wp-json\/wp\/v2\/media\/142223"}],"wp:attachment":[{"href":"https:\/\/secureus.se\/pl\/wp-json\/wp\/v2\/media?parent=41471"}],"wp:term":[{"taxonomy":"product_brand","embeddable":true,"href":"https:\/\/secureus.se\/pl\/wp-json\/wp\/v2\/product_brand?post=41471"},{"taxonomy":"product_cat","embeddable":true,"href":"https:\/\/secureus.se\/pl\/wp-json\/wp\/v2\/product_cat?post=41471"},{"taxonomy":"product_tag","embeddable":true,"href":"https:\/\/secureus.se\/pl\/wp-json\/wp\/v2\/product_tag?post=41471"}],"curies":[{"name":"wp","href":"https:\/\/api.w.org\/{rel}","templated":true}]}}