{"id":41479,"date":"2022-07-14T09:23:45","date_gmt":"2022-07-14T07:23:45","guid":{"rendered":"https:\/\/secureus.se\/produkt\/tagg-nyckelbricka-abs-plus-mifare1k-saltokod-och-salto-inskrift-vit\/"},"modified":"2026-04-07T16:11:12","modified_gmt":"2026-04-07T14:11:12","slug":"salto-tagg-vit-plus","status":"publish","type":"product","link":"https:\/\/secureus.se\/pl\/salto-tagg-vit-plus\/","title":{"rendered":"Salto Tag Mifare1k\u00ae Kod Salto i napis Salto \u2013 Bia\u0142y Plus"},"content":{"rendered":"<h1>Znacznik salta Mifare1k Kod salta \u2013 ABS Plus<\/h1>\n<p>Nasz znacznik RFID \u201eABS Plus\u201d zosta\u0142 stworzony, aby sprosta\u0107 najbardziej wymagaj\u0105cym potrzebom w zakresie bezpiecze\u0144stwa i identyfikacji.<\/p>\n<p>Dzi\u0119ki solidnej konstrukcji z wyj\u0105tkowo stabilnego materia\u0142u ABS o grubo\u015bci 3,9 mm zapewnia idealn\u0105 r\u00f3wnowag\u0119 pomi\u0119dzy trwa\u0142o\u015bci\u0105 i elegancj\u0105.<\/p>\n<p>Eleganckie wyko\u0144czenie sprawia, \u017ce idealnie nadaje si\u0119 do grawerowania standardowych numer\u00f3w lub umieszczania logo za pomoc\u0105 grawerowanego lub kolorowego wyko\u0144czenia.<\/p>\n<p>Niezale\u017cnie od tego, czy potrzebujesz niezawodnego znacznika RFID do system\u00f3w dost\u0119pu, system\u00f3w dla go\u015bci, rezerwacji, alarm\u00f3w czy innych zastosowa\u0144, nasz znacznik RFID \u201eABS Plus\u201d b\u0119dzie idealnym wyborem.<\/p>\n<p>Dzi\u0119ki szerokiej gamie wariant\u00f3w chip\u00f3w, EM4200, Mifare1k, kombinacja Mifare1k i EM4200, Mifare4k, kombinacja Mifare4k i EM4200, a tak\u017ce DESFire, mo\u017cesz dostosowa\u0107 swoje rozwi\u0105zanie do swoich konkretnych potrzeb.<\/p>\n<p>Rozumiemy znaczenie dostarczania wysokiej jako\u015bci znacznik\u00f3w RFID, kt\u00f3re spe\u0142niaj\u0105 dzisiejsze wymagania i oczekiwania.<\/p>\n<p>Dlatego staramy si\u0119 oferowa\u0107 najlepsz\u0105 technologi\u0119 i kompatybilno\u015b\u0107, aby poprawi\u0107 bezpiecze\u0144stwo i wydajno\u015b\u0107 Twoich system\u00f3w.<\/p>\n<h4><strong>Niestandardowy znacznik RFID do unikalnego znacznika salta w projekcie<\/strong><\/h4>\n<p>Zaletami naszych znacznik\u00f3w RFID jest kompatybilno\u015b\u0107 z r\u00f3\u017cnymi systemami\/technologiami oraz mo\u017cliwo\u015b\u0107 dostosowania znacznik\u00f3w do unikalnych projekt\u00f3w.<\/p>\n<p>Mo\u017cemy zaprogramowa\u0107 i zintegrowa\u0107 r\u00f3\u017cne chipy, aby spe\u0142ni\u0107 okre\u015blone wymagania aplikacji i stworzy\u0107 niestandardowe rozwi\u0105zania.<\/p>\n<p>Skontaktuj si\u0119 z nami ju\u017c dzi\u015b, aby om\u00f3wi\u0107 pomys\u0142y na projekt i uzyska\u0107 dostosowane do Twoich potrzeb rozwi\u0105zanie w zakresie znacznik\u00f3w RFID.<\/p>\n<h5><strong>Szybka dostawa i zawsze w magazynie - metka salto<\/strong><\/h5>\n<p>Tagi RFID \u201eABS Plus\u201d s\u0105 zawsze dost\u0119pne w magazynie w liczbie ponad 25 000 sztuk w 6 kolorach i z r\u00f3\u017cnymi chipami.<\/p>\n<p>Za pomoc\u0105 naszych maszyn laserowych i oprogramowania mo\u017cesz wybra\u0107 logo i unikalny numer do grawerowania z dostaw\u0105 w ci\u0105gu 1-3 dni.<\/p>\n<p>Odkryj zalety naszego znacznika RFID \u201eABS Plus\u201d i przenie\u015b swoje bezpiecze\u0144stwo i identyfikacj\u0119 na nowy poziom.<\/p>\n<p>Jak zawsze u nas, oryginalny chip od NXP i EM Microelectronic.<\/p>\n<p>Wszystko po to, aby nasze Tagi RFID dzia\u0142a\u0142y bezpiecznie i przez d\u0142ugi czas, z gwarancj\u0105.<\/p>\n<ul>\n<li><strong>RFID mo\u017cna wykorzysta\u0107 do:<\/strong>\n<ul>\n<li>System przepustek<\/li>\n<li>System go\u015bci<\/li>\n<li>Rezerwacja<\/li>\n<li>Alarm i bezpiecze\u0144stwo<\/li>\n<\/ul>\n<\/li>\n<li><strong>Zalety \u201eABS Plus\u201d:<\/strong>\n<ul>\n<li>Solidna konstrukcja z materia\u0142u ABS<\/li>\n<li>Bardzo wytrzyma\u0142y z ABS 3,9 mm<\/li>\n<li>Mo\u017cliwo\u015b\u0107 wygrawerowania standardowego numeru lub do\u0142\u0105czenia logo<\/li>\n<li>Du\u017cy wyb\u00f3r wariant\u00f3w chip\u00f3w dostosowanych do r\u00f3\u017cnych potrzeb i zawsze dost\u0119pnych w magazynie.<\/li>\n<\/ul>\n<\/li>\n<\/ul>","protected":false},"excerpt":{"rendered":"<p>Nasz klasyczny tag RFID \u201eABS Plus\u201d \u2013 idealne rozwi\u0105zanie dla system\u00f3w bezpiecze\u0144stwa i identyfikacji. Chip Mifare1k zaprogramowany dla systemu dost\u0119pu SALTO. Zawieszka wykonana jest z twardego materia\u0142u ABS o grubo\u015bci 3,9 mm i ma eleganck\u0105 powierzchni\u0119, kt\u00f3ra pasuje wsz\u0119dzie. Ten produkt posiada certyfikowany chip firmy NXP\u00ae, kt\u00f3ra jest globaln\u0105 firm\u0105 technologiczn\u0105 z siedzib\u0105 w Holandii. NXP\u00ae specjalizuje si\u0119 w RFID i NFC i oferuje szerok\u0105 gam\u0119 produkt\u00f3w z zakresu bezpiecze\u0144stwa, \u0142\u0105czno\u015bci i rozwi\u0105za\u0144 wbudowanych<\/p>","protected":false},"featured_media":146503,"template":"","meta":{"_acf_changed":false},"product_brand":[],"product_cat":[4791],"product_tag":[2074,4146,2091,2151,2150,2958,5128],"class_list":{"0":"post-41479","1":"product","2":"type-product","3":"status-publish","4":"has-post-thumbnail","6":"product_cat-salto-tagg","7":"product_tag-ej-lagerfraga","8":"product_tag-nxp","9":"product_tag-rfid-ordervara","10":"product_tag-rfid-salto","11":"product_tag-stonehouse-iloq-salto","12":"product_tag-stonehouse-produkt","13":"product_tag-varumarkesspecifik-tagg","14":"product_shipping_class-postnord-varubrev","15":"pa_brands-salto","16":"pa_chip-teknik-salto","17":"pa_color-vit","18":"pa_farg-vit","19":"pa_rfid-ovriga-system-salto","20":"tm-has-options","22":"first","23":"instock","24":"sale","25":"featured","26":"taxable","27":"shipping-taxable","28":"purchasable","29":"product-type-simple"},"acf":[],"_links":{"self":[{"href":"https:\/\/secureus.se\/pl\/wp-json\/wp\/v2\/product\/41479","targetHints":{"allow":["GET"]}}],"collection":[{"href":"https:\/\/secureus.se\/pl\/wp-json\/wp\/v2\/product"}],"about":[{"href":"https:\/\/secureus.se\/pl\/wp-json\/wp\/v2\/types\/product"}],"wp:featuredmedia":[{"embeddable":true,"href":"https:\/\/secureus.se\/pl\/wp-json\/wp\/v2\/media\/146503"}],"wp:attachment":[{"href":"https:\/\/secureus.se\/pl\/wp-json\/wp\/v2\/media?parent=41479"}],"wp:term":[{"taxonomy":"product_brand","embeddable":true,"href":"https:\/\/secureus.se\/pl\/wp-json\/wp\/v2\/product_brand?post=41479"},{"taxonomy":"product_cat","embeddable":true,"href":"https:\/\/secureus.se\/pl\/wp-json\/wp\/v2\/product_cat?post=41479"},{"taxonomy":"product_tag","embeddable":true,"href":"https:\/\/secureus.se\/pl\/wp-json\/wp\/v2\/product_tag?post=41479"}],"curies":[{"name":"wp","href":"https:\/\/api.w.org\/{rel}","templated":true}]}}