{"id":41491,"date":"2022-07-12T11:34:13","date_gmt":"2022-07-12T09:34:13","guid":{"rendered":"https:\/\/secureus.se\/produkt\/epoxy-em4200-mifare1k-std-nr\/"},"modified":"2026-02-05T10:54:46","modified_gmt":"2026-02-05T09:54:46","slug":"rfid-tagg-epoxy-em4200-mifare1k-std-nr","status":"publish","type":"product","link":"https:\/\/secureus.se\/pl\/rfid-tagg-epoxy-em4200-mifare1k-std-nr\/","title":{"rendered":"Oznacz Epoxy+ EM4200\/Mifare1k opcjonalnymi numerami"},"content":{"rendered":"<h1>Oznacz Epoxy+ EM4200\/Mifare1k opcjonalnymi numerami<\/h1>\n<h3><strong>Unikalny i elegancki design<\/strong><\/h3>\n<p>Nasz wykonany na zam\u00f3wienie znacznik RFID \u201eEpoksydowy\u201d jest dostosowany wy\u0142\u0105cznie dla Ciebie jako klienta, a czas jego produkcji wynosi oko\u0142o 3 tygodnie. Podstawowym materia\u0142em przywieszki jest PCV, kt\u00f3re zapewniamy z warstw\u0105 kleju epoksydowego, co nadaje jej trwa\u0142\u0105 i niezawodn\u0105 konstrukcj\u0119. Dzi\u0119ki imponuj\u0105cej technologii druku fotograficznego mo\u017cesz por\u00f3wna\u0107 wydruk z kart\u0105 kredytow\u0105\/kart\u0105 cz\u0142onkowsk\u0105, a bursztynowy wygl\u0105d dzi\u0119ki twardemu klejowi epoksydowemu sprawi, \u017ce Tw\u00f3j tag RFID b\u0119dzie wyj\u0105tkowy i elegancki.<\/p>\n<p><span style=\"text-decoration: underline\"><strong>Zaspok\u00f3j swoje potrzeby w zakresie bezpiecze\u0144stwa i identyfikacji<\/strong><\/span><\/p>\n<p>Ten niestandardowy znacznik RFID \u201eepoksydowy\u201d idealnie spe\u0142nia Twoje potrzeby w zakresie bezpiecze\u0144stwa i identyfikacji. Niezale\u017cnie od tego, czy chodzi o systemy dost\u0119pu, zarz\u0105dzanie go\u015b\u0107mi, rezerwacj\u0119 pralni, alarmy czy inne aplikacje, nasz tag jest niezawodnym rozwi\u0105zaniem.<\/p>\n<p><span style=\"text-decoration: underline\"><strong>Wysokiej jako\u015bci produkcja zapewniaj\u0105ca jako\u015b\u0107 i funkcjonalno\u015b\u0107<\/strong><\/span><\/p>\n<p>Rozumiemy znaczenie dostarczania produkt\u00f3w wysokiej jako\u015bci, kt\u00f3re spe\u0142niaj\u0105 Twoje oczekiwania. Dlatego te\u017c dok\u0142adamy wszelkich stara\u0144, aby przywieszka by\u0142a wykonana ze staranno\u015bci\u0105 i precyzj\u0105, aby zapewni\u0107 jej jako\u015b\u0107 i funkcjonalno\u015b\u0107.<\/p>\n<p><span style=\"text-decoration: underline\"><strong>Czas produkcji: oko\u0142o 3 tygodni<\/strong><\/span><\/p>\n<p>Nale\u017cy pami\u0119ta\u0107, \u017ce ze wzgl\u0119du na unikalny proces produkcyjny ka\u017cdego klienta, nasza \u201eepoksydowa\u201d etykieta RFID nie mo\u017ce zosta\u0107 szybko wys\u0142ana. Chcemy zaoferowa\u0107 mo\u017cliwie najlepszy produkt, dlatego wyprodukowanie niestandardowej przywieszki zajmuje oko\u0142o 3 tygodni.<\/p>\n<p><span style=\"text-decoration: underline\"><strong>W cenie: Personalizacja i grawer<\/strong><\/span><\/p>\n<p>Wysy\u0142asz nam zdj\u0119cie, logo lub tekst, a my dokonamy cyfrowej korekty do momentu, a\u017c b\u0119dziesz usatysfakcjonowany, a nast\u0119pnie wygrawerujemy Twoje numery systemowe system\u00f3w dost\u0119pu, alarm\u00f3w lub numery seryjne zgodnie z Twoim \u017cyczeniem - Wszystko wliczone w cen\u0119.<\/p>\n<h3>Jak zawsze u nas, oryginalny chip od<a href=\"https:\/\/www.nxp.com\/\" rel=\"noopener\"> NXP<\/a> I <a href=\"https:\/\/www.emmicroelectronic.com\/\" rel=\"noopener\">Mikroelektronika EM.<\/a><\/h3>\n<p><strong>Pasuje do wszystkiego i wszystkich!<\/strong><\/p>\n<ul>\n<li>System przepustek<\/li>\n<li>System go\u015bci<\/li>\n<li>Rezerwacja pralni<\/li>\n<li>System alarmowy i bezpiecze\u0144stwa<\/li>\n<\/ul>","protected":false},"excerpt":{"rendered":"<p>Dzi\u0119ki temu tagowi mo\u017cesz wybra\u0107 dowolny wygl\u0105d, np. logo lub zdj\u0119cie po jednej stronie i numer lub logo po drugiej stronie.<\/p>\n<p>Skontaktuj si\u0119 z nami, a bezp\u0142atnie wykonamy cyfrowe zdj\u0119cia wybranej przez Ciebie stylizacji.<\/p>\n<p>Nasza najbardziej luksusowa zawieszka, kt\u00f3ra cieszy si\u0119 du\u017c\u0105 popularno\u015bci\u0105.<\/p>\n<p>Jest produkowany specjalnie dla Ciebie i dlatego jego minimalna ilo\u015b\u0107 zam\u00f3wienia wynosi 500 sztuk.<\/p>","protected":false},"featured_media":110564,"template":"","meta":{"_acf_changed":false},"product_brand":[],"product_cat":[2354],"product_tag":[2642,2074,2958,2991],"class_list":{"0":"post-41491","1":"product","2":"type-product","3":"status-publish","4":"has-post-thumbnail","6":"product_cat-rfid-taggar","7":"product_tag-500-moq-design-pvc","8":"product_tag-ej-lagerfraga","9":"product_tag-stonehouse-produkt","10":"product_tag-std-nr-taggar","11":"product_shipping_class-postnord-varubrev","12":"pa_brands-stonehouse-security","13":"pa_chip-teknik-kombi-em4200mifare1k","14":"pa_epoxy-med-eller-utan-ring-tagg-epoxy","15":"pa_farg-svart","16":"tm-has-options","18":"first","19":"instock","20":"sale","21":"featured","22":"taxable","23":"shipping-taxable","24":"purchasable","25":"product-type-simple"},"acf":[],"_links":{"self":[{"href":"https:\/\/secureus.se\/pl\/wp-json\/wp\/v2\/product\/41491","targetHints":{"allow":["GET"]}}],"collection":[{"href":"https:\/\/secureus.se\/pl\/wp-json\/wp\/v2\/product"}],"about":[{"href":"https:\/\/secureus.se\/pl\/wp-json\/wp\/v2\/types\/product"}],"wp:featuredmedia":[{"embeddable":true,"href":"https:\/\/secureus.se\/pl\/wp-json\/wp\/v2\/media\/110564"}],"wp:attachment":[{"href":"https:\/\/secureus.se\/pl\/wp-json\/wp\/v2\/media?parent=41491"}],"wp:term":[{"taxonomy":"product_brand","embeddable":true,"href":"https:\/\/secureus.se\/pl\/wp-json\/wp\/v2\/product_brand?post=41491"},{"taxonomy":"product_cat","embeddable":true,"href":"https:\/\/secureus.se\/pl\/wp-json\/wp\/v2\/product_cat?post=41491"},{"taxonomy":"product_tag","embeddable":true,"href":"https:\/\/secureus.se\/pl\/wp-json\/wp\/v2\/product_tag?post=41491"}],"curies":[{"name":"wp","href":"https:\/\/api.w.org\/{rel}","templated":true}]}}