{"id":41515,"date":"2022-07-12T11:20:44","date_gmt":"2022-07-12T09:20:44","guid":{"rendered":"https:\/\/secureus.se\/produkt\/tagg-kombi-glasfiber-hd-em4200-mifare1k-std-nr\/"},"modified":"2026-03-09T14:43:58","modified_gmt":"2026-03-09T13:43:58","slug":"rfid-tagg-kombi-glasfiber-hd-std-nr","status":"publish","type":"product","link":"https:\/\/secureus.se\/pl\/rfid-tagg-kombi-glasfiber-hd-std-nr\/","title":{"rendered":"Tag Combi EM4200 + Mifare1k\u00ae \u2013 System alarmowy dost\u0119pu Czarny \u2013 W\u0142\u00f3kno szklane HD Wandaloodporny"},"content":{"rendered":"<h1>Tag Combi EM4200\/Mifare1k W\u0142\u00f3kno szklane HD<\/h1>\n<h3>Tag dla systemu alarmowego\/przechodniego i rezerwacji.<\/h3>\n<p><strong>Tutaj dodali\u015bmy domy\u015blne numery dla nast\u0119puj\u0105cych system\u00f3w dla:<\/strong><\/p>\n<p><span style=\"text-decoration: underline\"><strong>Dla EM4200: ASSA (S), RCO Security (R), Axema VAKA (V), Bewator\/Vanderbilt (B)<\/strong><\/span><\/p>\n<p><span style=\"text-decoration: underline\"><strong>Mifare: MFR=RCO, MFV=Axema VAKA, MFD=Odczyt dziesi\u0119tny dla innych system\u00f3w na rynku szwedzkim.<\/strong><\/span><\/p>\n<div>\n<p><span style=\"text-decoration: underline\"><strong><span style=\"font-size: 16px\">Ten innowacyjny brelok zosta\u0142 specjalnie zaprojektowany, aby spe\u0142ni\u0107 Twoje potrzeby w zakresie system\u00f3w bezpiecze\u0144stwa i identyfikacji. Dzi\u0119ki solidnej konstrukcji i imponuj\u0105cej funkcjonalno\u015bci znacznik RFUD \u201eGlasfiber HD\u201d zapewnia niezawodne i wydajne rozwi\u0105zanie do r\u00f3\u017cnych zastosowa\u0144.<\/span><\/strong><\/span><\/p>\n<\/div>\n<p>Oferujemy kilka wariant\u00f3w tag\u00f3w Glasfiber HD, aby spe\u0142ni\u0107 Twoje specyficzne wymagania.<\/p>\n<p>Istnieje kilka produkt\u00f3w do wyboru: EM4200, Mifare1k, kombinacja Mifare1k i EM4200, Mifare4k oraz kombinacja Mifare4k i EM4200.<\/p>\n<p>Ka\u017cdy wariant ma swoje unikalne cechy i funkcje, co zapewnia elastyczno\u015b\u0107 i wszechstronno\u015b\u0107.<\/p>\n<p>Aby jeszcze bardziej dostosowa\u0107 brelok do kluczy, oferujemy opcj\u0119 wygrawerowania numer\u00f3w, takich jak numery seryjne lub numery z system\u00f3w dost\u0119pu<\/p>\n<p>(RCO, Vanderbilt, Bewator, Axema Aptus ASSA itp.).<\/p>\n<p>U\u0142atwia to identyfikacj\u0119 i zarz\u0105dzanie tagami, oszcz\u0119dzaj\u0105c czas i zwi\u0119kszaj\u0105c efektywno\u015b\u0107 przep\u0142ywu pracy.<\/p>\n<p>Fibreglass HD jest r\u00f3wnie\u017c dost\u0119pny z gotowymi numerami wygrawerowanymi w naszym sklepie, mo\u017cna r\u00f3wnie\u017c zam\u00f3wi\u0107 500 i wi\u0119cej z w\u0142asnymi numerami.<\/p>\n<h3>Jak zawsze u nas, oryginalny chip od<a href=\"https:\/\/www.nxp.com\/\" rel=\"noopener\"> NXP<\/a> I <a href=\"https:\/\/www.emmicroelectronic.com\/\" rel=\"noopener\">Mikroelektronika EM.<\/a><\/h3>\n<p><strong>Pasuje do wszystkiego i wszystkich!<\/strong><\/p>\n<ul>\n<li>System przepustek<\/li>\n<li>System go\u015bci<\/li>\n<li>Rezerwacja pralni<\/li>\n<li>System alarmowy i bezpiecze\u0144stwa<\/li>\n<\/ul>\n<p>&nbsp;<\/p>","protected":false},"excerpt":{"rendered":"<p>Tag RFID \u201eGlasfiber HD\u201d \u2013 wandaloodporny i wodoodporny \u2013 idealne rozwi\u0105zanie dla system\u00f3w bezpiecze\u0144stwa i identyfikacji. Chip Combi EM4200\/Mifare1k z wygrawerowanymi na etykiecie numerami gotowo\u015bci systemu dost\u0119pu. Ten produkt posiada certyfikowany chip firmy NXP\u00ae, globalnej firmy technologicznej z siedzib\u0105 w Holandii. NXP\u00ae specjalizuje si\u0119 w RFID i NFC i oferuje szerok\u0105 gam\u0119 produkt\u00f3w z zakresu bezpiecze\u0144stwa, \u0142\u0105czno\u015bci i rozwi\u0105za\u0144 wbudowanych<\/p>","protected":false},"featured_media":133942,"template":"","meta":{"_acf_changed":false},"product_brand":[],"product_cat":[1349,4786],"product_tag":[2436,2074,4146,2958],"class_list":{"0":"post-41515","1":"product","2":"type-product","3":"status-publish","4":"has-post-thumbnail","6":"product_cat-rfid-tag-glasfiber","7":"product_cat-mifare1kem4200-tagg","8":"product_tag-250-moq-hd","9":"product_tag-ej-lagerfraga","10":"product_tag-nxp","11":"product_tag-stonehouse-produkt","12":"product_shipping_class-postnord-varubrev","13":"pa_brands-stonehouse-security","14":"pa_chip-teknik-kombi-em4200mifare1k","15":"pa_farg-svart","16":"pa_tagg-glasfiber-tagg-glasfiber-hd","17":"tm-no-options","19":"first","20":"instock","21":"sale","22":"featured","23":"taxable","24":"shipping-taxable","25":"purchasable","26":"product-type-simple"},"acf":[],"_links":{"self":[{"href":"https:\/\/secureus.se\/pl\/wp-json\/wp\/v2\/product\/41515","targetHints":{"allow":["GET"]}}],"collection":[{"href":"https:\/\/secureus.se\/pl\/wp-json\/wp\/v2\/product"}],"about":[{"href":"https:\/\/secureus.se\/pl\/wp-json\/wp\/v2\/types\/product"}],"wp:featuredmedia":[{"embeddable":true,"href":"https:\/\/secureus.se\/pl\/wp-json\/wp\/v2\/media\/133942"}],"wp:attachment":[{"href":"https:\/\/secureus.se\/pl\/wp-json\/wp\/v2\/media?parent=41515"}],"wp:term":[{"taxonomy":"product_brand","embeddable":true,"href":"https:\/\/secureus.se\/pl\/wp-json\/wp\/v2\/product_brand?post=41515"},{"taxonomy":"product_cat","embeddable":true,"href":"https:\/\/secureus.se\/pl\/wp-json\/wp\/v2\/product_cat?post=41515"},{"taxonomy":"product_tag","embeddable":true,"href":"https:\/\/secureus.se\/pl\/wp-json\/wp\/v2\/product_tag?post=41515"}],"curies":[{"name":"wp","href":"https:\/\/api.w.org\/{rel}","templated":true}]}}