{"id":41527,"date":"2022-07-12T11:19:09","date_gmt":"2022-07-12T09:19:09","guid":{"rendered":"https:\/\/secureus.se\/produkt\/tagg-nyckelbricka-abs-plus-mifare1k-std-nr-3\/"},"modified":"2026-03-31T13:27:02","modified_gmt":"2026-03-31T11:27:02","slug":"mifare1k-abs-plus-bla-fardiga-systemnummer","status":"publish","type":"product","link":"https:\/\/secureus.se\/pl\/mifare1k-abs-plus-bla-fardiga-systemnummer\/","title":{"rendered":"Mifare 1k ABS PLUS Niebieski \u2013 3,9 mm Gotowe numery systemowe (Mifare 13,56 MHz)"},"content":{"rendered":"<h1>Mifare 1k ABS PLUS Niebieski \u2013 3,9 mm Gotowe numery systemowe (Mifare 13,56 MHz)<\/h1>\n<p><strong>Najcz\u0119\u015bciej kupowany w Szwecji, wyj\u0105tkowo wytrzyma\u0142y tag Mifare z gotowymi numerami - wsp\u00f3\u0142pracuje bezpo\u015brednio z 99 % wszystkich szwedzkich system\u00f3w Mifare.<\/strong><br \/>\nJu\u017c z wygrawerowanymi numerami MFD, MFR i MFV, dzi\u0119ki czemu mo\u017cesz je wr\u0119czy\u0107 tego samego dnia, w kt\u00f3rym zostan\u0105 dostarczone. Nadal mo\u017cesz doda\u0107 w\u0142asne logo lub dodatkowy numer seryjny, je\u015bli chcesz.<\/p>\n<p><strong>Czy masz inny system Mifare, czy chcesz, aby na wszystkich tagach znalaz\u0142 si\u0119 dok\u0142adnie ten sam numer?<\/strong><br \/>\nNie ma problemu \u2013 tag dzia\u0142a <u>Wszystko<\/u> System Mifare 13,56 MHz (w takim przypadku nale\u017cy zignorowa\u0107 wygrawerowany numer).<br \/>\nWola\u0142by\u015b mie\u0107 <strong>ca\u0142kowicie puste tagi, gdzie sam wszystko kontrolujesz 100 %<\/strong>? Nast\u0119pnie wybierasz <a href=\"\/pl\/mifare1k-abs-plus-blank\/\">tutaj pusty ABS PLUS<\/a>.<\/p>\n<div style=\"background: #e8f5e8;border: 2px solid #2e7d32;border-radius: 12px;padding: 20px;margin: 30px 0;text-align: center\">\n<h3 style=\"margin: 0 0 12px 0;color: #1b5e20\">Rzeczywiste numery systemu Mifare<\/h3>\n<p style=\"margin: 8px 0;font-size: 1.1em;line-height: 1.5\">MFD = Aptus \u2219 MFR = RCO (9 cyfr) \u2219 MFV = Axema VAKA<br \/>\n\u2192 Numery s\u0105 odczytywane fizycznie i testowane w rzeczywistych obiektach \u2013 gwarantujemy natychmiastow\u0105 prac\u0119<\/p>\n<\/div>\n<div style=\"background: #fff3e0;border-left: 5px solid #ff9800;padding: 18px;margin: 30px 0\">\n<p style=\"margin: 0;font-size: 1.05em\"><strong>Czy chcesz je jeszcze bardziej upi\u0119kszy\u0107 lub uzyska\u0107 numery seryjne?<\/strong><br \/>\nKliknij \u201eDostosuj produkt\u201d wy\u017cej na stronie:<br \/>\n\u2713 Logo grawerowane laserowo<br \/>\n\u2713 Dodatkowy numer seryjny na g\u00f3rze numeru standardowego<br \/>\n\u2713 Nadruk logo w kolorze (min. 500 szt.)<br \/>\n\u2192 Zawsze wysy\u0142amy pr\u00f3bki przed produkcj\u0105<\/p>\n<\/div>\n<div style=\"background: #f4f9ff;border: 2px solid #0066cc;border-radius: 12px;padding: 20px;margin: 30px 0;text-align: center\">\n<h3 style=\"margin: 0 0 12px 0;color: #003366\">Nie jeste\u015b pewien co do EM lub Mifare?<\/h3>\n<p style=\"margin: 8px 0;font-size: 1.05em;color: #333\">Wypr\u00f3buj obie techniki w domu za jedyne <strong>69 SEK. Darmowa wysy\u0142ka<\/strong><br \/>\nZwrot pieni\u0119dzy przy zakupie 100 lub wi\u0119cej sztuk<\/p>\n<p><a style=\"display: inline-block;background: #0066cc;color: white;font-weight: bold;padding: 14px 32px;border-radius: 8px;text-decoration: none;margin: 15px 0;font-size: 1.1em\" href=\"\/pl\/testtagg-em-mifare\/\">Kup teraz etykiet\u0119 testow\u0105 \u2013 69 kr<\/a><\/p>\n<\/div>\n<h2>Kompatybilne systemy (ju\u017c gotowe)<\/h2>\n<ul>\n<li>Aptus (MFD)<\/li>\n<li>RCO Security (MFR)<\/li>\n<li>Axema VAKA (MFV)<\/li>\n<li>ASSA ARX \/ Vanderbilt \/ Bewator (MFD)<\/li>\n<li>Pacom, Tidomat itp. \u2013 i wszystkie inne systemy Mifare<\/li>\n<\/ul>\n<h2>Dlatego BRF-y, zarz\u0105dcy nieruchomo\u015bci i \u015blusarze wybieraj\u0105 ABS PLUS z gotowymi numerami<\/h2>\n<ul>\n<li>Bardzo wytrzyma\u0142y \u2013 <strong>3,9 mm<\/strong> twardy ABS, kt\u00f3ry wytrzymuje dziesi\u0119ciolecia<\/li>\n<li>Wi\u0119kszy obszar grawerowania \u2013 idealny do kolorowych logotyp\u00f3w<\/li>\n<li>Gotowe numery \u2013 bez programowania i kluczy, bez czekania<\/li>\n<li>Zawsze tysi\u0105ce sztuk w magazynie w 8 kolorach \u2013 dostawa 1\u20132 dni<\/li>\n<\/ul>\n<h2>Specyfikacja techniczna<\/h2>\n<table style=\"width: 100%;border-collapse: collapse;margin: 20px 0\">\n<tbody>\n<tr>\n<td><strong>Zabarwienie<\/strong><\/td>\n<td>Czarny \u2219 Bia\u0142y \u2219 Niebieski \u2219 Czerwony \u2219 Zielony \u2219 \u017b\u00f3\u0142ty \u2219 Pomara\u0144czowy \u2219 Szary<\/td>\n<\/tr>\n<tr>\n<td><strong>\u017beton<\/strong><\/td>\n<td>Mifare Classic 1k oryginalny (NXP)<\/td>\n<\/tr>\n<tr>\n<td><strong>Cz\u0119stotliwo\u015b\u0107<\/strong><\/td>\n<td>13,56 MHz<\/td>\n<\/tr>\n<tr>\n<td><strong>Pami\u0119\u0107<\/strong><\/td>\n<td>1 KB (16 sektor\u00f3w)<\/td>\n<\/tr>\n<tr>\n<td><strong>Tworzywo<\/strong><\/td>\n<td>Bardzo twardy plastik ABS<\/td>\n<\/tr>\n<tr>\n<td><strong>Grubo\u015b\u0107<\/strong><\/td>\n<td>3,9 mm<\/td>\n<\/tr>\n<tr>\n<td><strong>Numer standardowy<\/strong><\/td>\n<td>Grawerowane MFD\/MFR\/MFV (w zestawie)<\/td>\n<\/tr>\n<tr>\n<td><strong>Dodatkowy grawerunek\/logo<\/strong><\/td>\n<td>Mo\u017cliwe \u2013 wybierz opcj\u0119 powy\u017cej<\/td>\n<\/tr>\n<\/tbody>\n<\/table>\n<h2>Dostawa<\/h2>\n<ul>\n<li><strong>1\u20132 dni<\/strong> na produkcie magazynowym<\/li>\n<li>Z dodatkowym grawerunkiem\/logo: 2\u20134 dni + korekta<\/li>\n<li>Darmowa wysy\u0142ka powy\u017cej 1000 SEK<\/li>\n<\/ul>","protected":false},"excerpt":{"rendered":"<p><strong>Mifare 1k ABS PLUS - Ostateczne numery systemu (Mifare 13,56 MHz)<\/strong><br \/>\nBardzo wytrzyma\u0142y 3,9 mm \u2219 Wygrawerowane numery MFD\/MFR\/MFV<br \/>\nDzia\u0142a bezpo\u015brednio w Aptus, RCO, Axema VAKA itp. \u2219 Mo\u017ce doda\u0107 logo\/numer serii<\/p>","protected":false},"featured_media":163704,"template":"","meta":{"_acf_changed":false},"product_brand":[],"product_cat":[1337,4784,2354],"product_tag":[2074,4146,2958,2991],"class_list":{"0":"post-41527","1":"product","2":"type-product","3":"status-publish","4":"has-post-thumbnail","6":"product_cat-rfid-tagg-abs-plus","7":"product_cat-mifare1k","8":"product_cat-rfid-taggar","9":"product_tag-ej-lagerfraga","10":"product_tag-nxp","11":"product_tag-stonehouse-produkt","12":"product_tag-std-nr-taggar","13":"product_shipping_class-postnord-varubrev","14":"pa_brands-stonehouse-security","15":"pa_chip-teknik-mifare1k","16":"pa_color-bla","17":"pa_farg-bla","18":"tm-has-options","20":"first","21":"instock","22":"sale","23":"featured","24":"taxable","25":"shipping-taxable","26":"purchasable","27":"product-type-simple"},"acf":[],"_links":{"self":[{"href":"https:\/\/secureus.se\/pl\/wp-json\/wp\/v2\/product\/41527","targetHints":{"allow":["GET"]}}],"collection":[{"href":"https:\/\/secureus.se\/pl\/wp-json\/wp\/v2\/product"}],"about":[{"href":"https:\/\/secureus.se\/pl\/wp-json\/wp\/v2\/types\/product"}],"wp:featuredmedia":[{"embeddable":true,"href":"https:\/\/secureus.se\/pl\/wp-json\/wp\/v2\/media\/163704"}],"wp:attachment":[{"href":"https:\/\/secureus.se\/pl\/wp-json\/wp\/v2\/media?parent=41527"}],"wp:term":[{"taxonomy":"product_brand","embeddable":true,"href":"https:\/\/secureus.se\/pl\/wp-json\/wp\/v2\/product_brand?post=41527"},{"taxonomy":"product_cat","embeddable":true,"href":"https:\/\/secureus.se\/pl\/wp-json\/wp\/v2\/product_cat?post=41527"},{"taxonomy":"product_tag","embeddable":true,"href":"https:\/\/secureus.se\/pl\/wp-json\/wp\/v2\/product_tag?post=41527"}],"curies":[{"name":"wp","href":"https:\/\/api.w.org\/{rel}","templated":true}]}}