{"id":52105,"date":"2022-06-29T13:05:33","date_gmt":"2022-06-29T11:05:33","guid":{"rendered":"https:\/\/secureus.se\/produkt\/vaggdistans-q10x13mm-x4st\/"},"modified":"2026-04-08T16:59:22","modified_gmt":"2026-04-08T14:59:22","slug":"vaggdistans-q10x13mm-x4st","status":"publish","type":"product","link":"https:\/\/secureus.se\/pl\/vaggdistans-q10x13mm-x4st\/","title":{"rendered":"Odleg\u0142o\u015b\u0107 od \u015bciany Q10X13Mm X4St"},"content":{"rendered":"<p>Upraszcza prowadzenie kabli za skrzynk\u0105\/skrzynk\u0105. Mo\u017cna je uk\u0142ada\u0107 jeden na drugim i wsp\u00f3\u0142pracuje z 2581.06 o d\u0142ugo\u015bci 6 mm. \u015arednica wynosi 10,4 mm, wy\u015brodkowany otw\u00f3r na \u015brub\u0119 ma \u015brednic\u0119 3,8 mm. Opakowanie zawiera 4 elementy dystansowe ze \u015brub\u0105 i zatyczk\u0105.<\/p>","protected":false},"excerpt":{"rendered":"<p>Upraszcza prowadzenie kabli za skrzynk\u0105\/skrzynk\u0105. Mo\u017cna je uk\u0142ada\u0107 jeden na drugim i wsp\u00f3\u0142pracuje z 2581.06 o d\u0142ugo\u015bci 6 mm. \u015arednica wynosi 10,4 mm, wy\u015brodkowany otw\u00f3r na \u015brub\u0119 ma \u015brednic\u0119 3,8 mm. Opakowanie zawiera 4 przek\u0142adki<\/p>","protected":false},"featured_media":142149,"template":"","meta":{"_acf_changed":false},"product_brand":[],"product_cat":[1547],"product_tag":[2211],"class_list":{"0":"post-52105","1":"product","2":"type-product","3":"status-publish","4":"has-post-thumbnail","6":"product_cat-plint-larm-telebox","7":"product_tag-box-tillbehor","8":"product_shipping_class-postnord-varubrev","9":"pa_brands-alarmtech","10":"tm-no-options","12":"first","13":"instock","14":"sale","15":"taxable","16":"shipping-taxable","17":"purchasable","18":"product-type-simple"},"acf":[],"_links":{"self":[{"href":"https:\/\/secureus.se\/pl\/wp-json\/wp\/v2\/product\/52105","targetHints":{"allow":["GET"]}}],"collection":[{"href":"https:\/\/secureus.se\/pl\/wp-json\/wp\/v2\/product"}],"about":[{"href":"https:\/\/secureus.se\/pl\/wp-json\/wp\/v2\/types\/product"}],"wp:featuredmedia":[{"embeddable":true,"href":"https:\/\/secureus.se\/pl\/wp-json\/wp\/v2\/media\/142149"}],"wp:attachment":[{"href":"https:\/\/secureus.se\/pl\/wp-json\/wp\/v2\/media?parent=52105"}],"wp:term":[{"taxonomy":"product_brand","embeddable":true,"href":"https:\/\/secureus.se\/pl\/wp-json\/wp\/v2\/product_brand?post=52105"},{"taxonomy":"product_cat","embeddable":true,"href":"https:\/\/secureus.se\/pl\/wp-json\/wp\/v2\/product_cat?post=52105"},{"taxonomy":"product_tag","embeddable":true,"href":"https:\/\/secureus.se\/pl\/wp-json\/wp\/v2\/product_tag?post=52105"}],"curies":[{"name":"wp","href":"https:\/\/api.w.org\/{rel}","templated":true}]}}