{"id":52109,"date":"2022-06-29T13:02:53","date_gmt":"2022-06-29T11:02:53","guid":{"rendered":"https:\/\/secureus.se\/produkt\/skarvbox-mini-20-poler\/"},"modified":"2026-04-23T10:45:46","modified_gmt":"2026-04-23T08:45:46","slug":"skarvbox-mini-20-poler","status":"publish","type":"product","link":"https:\/\/secureus.se\/pl\/skarvbox-mini-20-poler\/","title":{"rendered":"Skrzynka przy\u0142\u0105czeniowa Mini 20 s\u0142up\u00f3w"},"content":{"rendered":"<p>Ma\u0142a puszka przy\u0142\u0105czeniowa alt skrzynka alarmowa, telebox mini. Puszka z tworzywa sztucznego V0, odpowiednia do instalacji przeciwpo\u017carowych. Zacisk przy\u0142\u0105czeniowy z tworzywa sztucznego V0 z zaciskami \u015brubowymi z funkcj\u0105 podnoszenia dla kabli 2,5 mm2. 20 biegun\u00f3w, w tym 2 zaciski do zabezpieczenia otwarcia.<\/p>","protected":false},"excerpt":{"rendered":"<p>Ma\u0142a puszka przy\u0142\u0105czeniowa alt skrzynka alarmowa, telebox mini. Puszka z tworzywa sztucznego V0, odpowiednia do instalacji przeciwpo\u017carowych. Zacisk przy\u0142\u0105czeniowy z tworzywa sztucznego V0 z zaciskami \u015brubowymi z funkcj\u0105 podnoszenia dla kabli 2,5 mm2. 20 biegun\u00f3w, w tym 2 zaciski do zabezpieczenia otwarcia.<\/p>","protected":false},"featured_media":142325,"template":"","meta":{"_acf_changed":false},"product_brand":[],"product_cat":[1545],"product_tag":[2217],"class_list":{"0":"post-52109","1":"product","2":"type-product","3":"status-publish","4":"has-post-thumbnail","6":"product_cat-kopplingsdosa-larmdosa","7":"product_tag-dosa-20-polig","8":"product_shipping_class-postnord-varubrev","9":"pa_brands-alarmtech","10":"pa_farg-ovrigt","11":"tm-no-options","13":"first","14":"outofstock","15":"sale","16":"taxable","17":"shipping-taxable","18":"purchasable","19":"product-type-simple"},"acf":[],"_links":{"self":[{"href":"https:\/\/secureus.se\/pl\/wp-json\/wp\/v2\/product\/52109","targetHints":{"allow":["GET"]}}],"collection":[{"href":"https:\/\/secureus.se\/pl\/wp-json\/wp\/v2\/product"}],"about":[{"href":"https:\/\/secureus.se\/pl\/wp-json\/wp\/v2\/types\/product"}],"wp:featuredmedia":[{"embeddable":true,"href":"https:\/\/secureus.se\/pl\/wp-json\/wp\/v2\/media\/142325"}],"wp:attachment":[{"href":"https:\/\/secureus.se\/pl\/wp-json\/wp\/v2\/media?parent=52109"}],"wp:term":[{"taxonomy":"product_brand","embeddable":true,"href":"https:\/\/secureus.se\/pl\/wp-json\/wp\/v2\/product_brand?post=52109"},{"taxonomy":"product_cat","embeddable":true,"href":"https:\/\/secureus.se\/pl\/wp-json\/wp\/v2\/product_cat?post=52109"},{"taxonomy":"product_tag","embeddable":true,"href":"https:\/\/secureus.se\/pl\/wp-json\/wp\/v2\/product_tag?post=52109"}],"curies":[{"name":"wp","href":"https:\/\/api.w.org\/{rel}","templated":true}]}}