{"id":52124,"date":"2022-06-29T12:51:28","date_gmt":"2022-06-29T10:51:28","guid":{"rendered":"https:\/\/secureus.se\/produkt\/relaplint-24vdc-2-rela-sk\/"},"modified":"2026-04-08T16:41:47","modified_gmt":"2026-04-08T14:41:47","slug":"relaplint-24vdc-2-rela-sk","status":"publish","type":"product","link":"https:\/\/secureus.se\/pl\/relaplint-24vdc-2-rela-sk\/","title":{"rendered":"Zacisk przeka\u017anika 24 Vdc 2 Relay Sk"},"content":{"rendered":"<p>Zacisk przeka\u017anikowy z 2 lub 4 przeka\u017anikami. Dioda LED r\u00f3wnolegle z cewk\u0105. Dioda zabezpieczaj\u0105ca. 2 szt. lub Na ka\u017cdym przeka\u017aniku 1 wolnostoj\u0105cy styk prze\u0142\u0105czaj\u0105cy. Oddzielny terminal przy\u0142\u0105czeniowy dla ekranu.<\/p>","protected":false},"excerpt":{"rendered":"<p>Zacisk przeka\u017anikowy z 2 lub 4 przeka\u017anikami. Dioda LED r\u00f3wnolegle z cewk\u0105. Dioda zabezpieczaj\u0105ca. 2 szt. lub Na ka\u017cdym przeka\u017aniku 1 wolnostoj\u0105cy styk prze\u0142\u0105czaj\u0105cy. Oddzielny terminal przy\u0142\u0105czeniowy dla ekranu.<\/p>","protected":false},"featured_media":142255,"template":"","meta":{"_acf_changed":false},"product_brand":[],"product_cat":[4152,1548],"product_tag":[2230],"class_list":{"0":"post-52124","1":"product","2":"type-product","3":"status-publish","4":"has-post-thumbnail","6":"product_cat-rela-24-volt","7":"product_cat-relaer-elektronik","8":"product_tag-rela-24v","9":"product_shipping_class-postnord-varubrev","10":"tm-no-options","12":"first","13":"instock","14":"sale","15":"taxable","16":"shipping-taxable","17":"purchasable","18":"product-type-simple"},"acf":[],"_links":{"self":[{"href":"https:\/\/secureus.se\/pl\/wp-json\/wp\/v2\/product\/52124","targetHints":{"allow":["GET"]}}],"collection":[{"href":"https:\/\/secureus.se\/pl\/wp-json\/wp\/v2\/product"}],"about":[{"href":"https:\/\/secureus.se\/pl\/wp-json\/wp\/v2\/types\/product"}],"wp:featuredmedia":[{"embeddable":true,"href":"https:\/\/secureus.se\/pl\/wp-json\/wp\/v2\/media\/142255"}],"wp:attachment":[{"href":"https:\/\/secureus.se\/pl\/wp-json\/wp\/v2\/media?parent=52124"}],"wp:term":[{"taxonomy":"product_brand","embeddable":true,"href":"https:\/\/secureus.se\/pl\/wp-json\/wp\/v2\/product_brand?post=52124"},{"taxonomy":"product_cat","embeddable":true,"href":"https:\/\/secureus.se\/pl\/wp-json\/wp\/v2\/product_cat?post=52124"},{"taxonomy":"product_tag","embeddable":true,"href":"https:\/\/secureus.se\/pl\/wp-json\/wp\/v2\/product_tag?post=52124"}],"curies":[{"name":"wp","href":"https:\/\/api.w.org\/{rel}","templated":true}]}}