{"id":52130,"date":"2022-06-29T12:49:00","date_gmt":"2022-06-29T10:49:00","guid":{"rendered":"https:\/\/secureus.se\/produkt\/karmoverforing-dl-6\/"},"modified":"2026-04-08T16:50:11","modified_gmt":"2026-04-08T14:50:11","slug":"karmoverforing-dl-6","status":"publish","type":"product","link":"https:\/\/secureus.se\/pl\/karmoverforing-dl-6\/","title":{"rendered":"Przek\u0142adnia ramowa Dl 6 ze spiral\u0105"},"content":{"rendered":"<p>Przek\u0142adnia ramowa ze spiralnym przewodem ze z\u0142\u0105czami modu\u0142owymi na obu ko\u0144cach przek\u0142adni u\u0142atwiaj\u0105cymi instalacj\u0119. Dostarczone puszki przy\u0142\u0105czeniowe posiadaj\u0105 prawdziwe zaciski \u015brubowe zapewniaj\u0105ce bezpieczn\u0105 i schludn\u0105 instalacj\u0119.<\/p>","protected":false},"excerpt":{"rendered":"<p>Przek\u0142adnia ramowa ze spiralnym przewodem ze z\u0142\u0105czami modu\u0142owymi na obu ko\u0144cach przek\u0142adni u\u0142atwiaj\u0105cymi instalacj\u0119. Dostarczone puszki przy\u0142\u0105czeniowe posiadaj\u0105 prawdziwe zaciski \u015brubowe zapewniaj\u0105ce bezpieczn\u0105 i schludn\u0105 instalacj\u0119.<\/p>","protected":false},"featured_media":142727,"template":"","meta":{"_acf_changed":false},"product_brand":[],"product_cat":[1546],"product_tag":[],"class_list":{"0":"post-52130","1":"product","2":"type-product","3":"status-publish","4":"has-post-thumbnail","6":"product_cat-kabeloverforing","7":"product_shipping_class-postnord-varubrev","8":"pa_farg-vit","9":"tm-no-options","11":"first","12":"instock","13":"sale","14":"taxable","15":"shipping-taxable","16":"purchasable","17":"product-type-simple"},"acf":[],"_links":{"self":[{"href":"https:\/\/secureus.se\/pl\/wp-json\/wp\/v2\/product\/52130","targetHints":{"allow":["GET"]}}],"collection":[{"href":"https:\/\/secureus.se\/pl\/wp-json\/wp\/v2\/product"}],"about":[{"href":"https:\/\/secureus.se\/pl\/wp-json\/wp\/v2\/types\/product"}],"wp:featuredmedia":[{"embeddable":true,"href":"https:\/\/secureus.se\/pl\/wp-json\/wp\/v2\/media\/142727"}],"wp:attachment":[{"href":"https:\/\/secureus.se\/pl\/wp-json\/wp\/v2\/media?parent=52130"}],"wp:term":[{"taxonomy":"product_brand","embeddable":true,"href":"https:\/\/secureus.se\/pl\/wp-json\/wp\/v2\/product_brand?post=52130"},{"taxonomy":"product_cat","embeddable":true,"href":"https:\/\/secureus.se\/pl\/wp-json\/wp\/v2\/product_cat?post=52130"},{"taxonomy":"product_tag","embeddable":true,"href":"https:\/\/secureus.se\/pl\/wp-json\/wp\/v2\/product_tag?post=52130"}],"curies":[{"name":"wp","href":"https:\/\/api.w.org\/{rel}","templated":true}]}}