{"id":52138,"date":"2022-06-29T13:12:19","date_gmt":"2022-06-29T11:12:19","guid":{"rendered":"https:\/\/secureus.se\/produkt\/kopplingsdosa-utomhus-i-metall\/"},"modified":"2026-04-08T16:49:59","modified_gmt":"2026-04-08T14:49:59","slug":"kopplingsdosa-utomhus-i-metall","status":"publish","type":"product","link":"https:\/\/secureus.se\/pl\/kopplingsdosa-utomhus-i-metall\/","title":{"rendered":"Metalowa skrzynka przy\u0142\u0105czeniowa zewn\u0119trzna"},"content":{"rendered":"<p>Metalowa skrzynka przy\u0142\u0105czeniowa z 24 zaciskami \u015brubowymi, funkcj\u0105 windy i wewn\u0119trznym ogrzewaniem do stosowania w zimnych \u015brodowiskach. Do system\u00f3w alarmowych, dost\u0119pu i kamer. Wej\u015bcie kabla z tworzywa sztucznego odpornego na promieniowanie UV dla \u015brednicy kabla 4,5-10 mm. Zabezpieczenie odci\u0105\u017caj\u0105ce kabel i w\u0142\u0105cznik antysabota\u017cowy. Metal lakierowany na bia\u0142o.<\/p>","protected":false},"excerpt":{"rendered":"<p>Metalowa skrzynka przy\u0142\u0105czeniowa z 24 zaciskami \u015brubowymi, funkcj\u0105 windy i wewn\u0119trznym ogrzewaniem do stosowania w zimnych \u015brodowiskach. Do system\u00f3w alarmowych, dost\u0119pu i kamer. Wej\u015bcie kabla z tworzywa sztucznego odpornego na promieniowanie UV dla \u015brednicy kabla 4,5-10 mm. Zabezpieczenie odci\u0105\u017caj\u0105ce kabel i styk sabota\u017cowy. Lakierowany na bia\u0142o<\/p>","protected":false},"featured_media":142879,"template":"","meta":{"_acf_changed":false},"product_brand":[],"product_cat":[1545],"product_tag":[2225],"class_list":{"0":"post-52138","1":"product","2":"type-product","3":"status-publish","4":"has-post-thumbnail","6":"product_cat-kopplingsdosa-larmdosa","7":"product_tag-sabplint-utomhus-ovr","8":"product_shipping_class-tunga-paket","9":"pa_brands-alarmtech","10":"pa_farg-vit","11":"tm-no-options","13":"first","14":"outofstock","15":"sale","16":"taxable","17":"shipping-taxable","18":"purchasable","19":"product-type-simple"},"acf":[],"_links":{"self":[{"href":"https:\/\/secureus.se\/pl\/wp-json\/wp\/v2\/product\/52138","targetHints":{"allow":["GET"]}}],"collection":[{"href":"https:\/\/secureus.se\/pl\/wp-json\/wp\/v2\/product"}],"about":[{"href":"https:\/\/secureus.se\/pl\/wp-json\/wp\/v2\/types\/product"}],"wp:featuredmedia":[{"embeddable":true,"href":"https:\/\/secureus.se\/pl\/wp-json\/wp\/v2\/media\/142879"}],"wp:attachment":[{"href":"https:\/\/secureus.se\/pl\/wp-json\/wp\/v2\/media?parent=52138"}],"wp:term":[{"taxonomy":"product_brand","embeddable":true,"href":"https:\/\/secureus.se\/pl\/wp-json\/wp\/v2\/product_brand?post=52138"},{"taxonomy":"product_cat","embeddable":true,"href":"https:\/\/secureus.se\/pl\/wp-json\/wp\/v2\/product_cat?post=52138"},{"taxonomy":"product_tag","embeddable":true,"href":"https:\/\/secureus.se\/pl\/wp-json\/wp\/v2\/product_tag?post=52138"}],"curies":[{"name":"wp","href":"https:\/\/api.w.org\/{rel}","templated":true}]}}