{"id":52149,"date":"2022-06-29T13:09:57","date_gmt":"2022-06-29T11:09:57","guid":{"rendered":"https:\/\/secureus.se\/produkt\/larmset-k-dosa-16pol-sl-sk\/"},"modified":"2026-03-26T11:40:16","modified_gmt":"2026-03-26T10:40:16","slug":"larmset-k-dosa-16pol-sl-sk","status":"publish","type":"product","link":"https:\/\/secureus.se\/pl\/larmset-k-dosa-16pol-sl-sk\/","title":{"rendered":"Zestaw alarmowy K-Dosa 16Pol Sl\/Sk"},"content":{"rendered":"<p>Zacisk przy\u0142\u0105czeniowy do monta\u017cu w puszce przy\u0142\u0105czeniowej (wymiary zewn\u0119trzne 82 mm) z rozstawem otwor\u00f3w na \u015brub\u0119 c\/c 67 mm. Listwa zaciskowa z 16 zaciskami szczelinowymi (LSA) dla przewodu przychodz\u0105cego (0,4-0,7mm, powierzchnia 0,14-0,4mm2) i 16 zaciskami \u015brubowymi z funkcj\u0105 windy dla kabla wychodz\u0105cego (dla przewodu wielo\u017cy\u0142owego o przekroju 0,14-1mm2). W zestawie kwadratowa pokrywa 92\u00d792 mm z bia\u0142ego tworzywa sztucznego UL94-V0.<\/p>","protected":false},"excerpt":{"rendered":"<p>Zacisk przy\u0142\u0105czeniowy do monta\u017cu w puszce przy\u0142\u0105czeniowej (wymiary zewn\u0119trzne 82 mm) z rozstawem otwor\u00f3w na \u015brub\u0119 c\/c 67 mm. Listwa zaciskowa z 16 zaciskami szczelinowymi (LSA) dla przewodu przychodz\u0105cego (0,4-0,7 mm, powierzchnia 0,14-0,4 mm2) i 16 zaciskami \u015brubowymi<\/p>","protected":false},"featured_media":142902,"template":"","meta":{"_acf_changed":false},"product_brand":[],"product_cat":[1545],"product_tag":[2216,2222],"class_list":{"0":"post-52149","1":"product","2":"type-product","3":"status-publish","4":"has-post-thumbnail","6":"product_cat-kopplingsdosa-larmdosa","7":"product_tag-dosa-16-polig","8":"product_tag-dosa-for-kopplingsdosa-k-dosa","9":"product_shipping_class-postnord-varubrev","10":"pa_brands-alarmtech","11":"pa_farg-ovrigt","12":"tm-no-options","14":"first","15":"outofstock","16":"sale","17":"taxable","18":"shipping-taxable","19":"purchasable","20":"product-type-simple"},"acf":[],"_links":{"self":[{"href":"https:\/\/secureus.se\/pl\/wp-json\/wp\/v2\/product\/52149","targetHints":{"allow":["GET"]}}],"collection":[{"href":"https:\/\/secureus.se\/pl\/wp-json\/wp\/v2\/product"}],"about":[{"href":"https:\/\/secureus.se\/pl\/wp-json\/wp\/v2\/types\/product"}],"wp:featuredmedia":[{"embeddable":true,"href":"https:\/\/secureus.se\/pl\/wp-json\/wp\/v2\/media\/142902"}],"wp:attachment":[{"href":"https:\/\/secureus.se\/pl\/wp-json\/wp\/v2\/media?parent=52149"}],"wp:term":[{"taxonomy":"product_brand","embeddable":true,"href":"https:\/\/secureus.se\/pl\/wp-json\/wp\/v2\/product_brand?post=52149"},{"taxonomy":"product_cat","embeddable":true,"href":"https:\/\/secureus.se\/pl\/wp-json\/wp\/v2\/product_cat?post=52149"},{"taxonomy":"product_tag","embeddable":true,"href":"https:\/\/secureus.se\/pl\/wp-json\/wp\/v2\/product_tag?post=52149"}],"curies":[{"name":"wp","href":"https:\/\/api.w.org\/{rel}","templated":true}]}}