{"id":52152,"date":"2022-06-29T13:09:19","date_gmt":"2022-06-29T11:09:19","guid":{"rendered":"https:\/\/secureus.se\/produkt\/aterstallningsbox-infalld\/"},"modified":"2026-03-26T11:40:02","modified_gmt":"2026-03-26T10:40:02","slug":"aterstallningsbox-infalld","status":"publish","type":"product","link":"https:\/\/secureus.se\/pl\/aterstallningsbox-infalld\/","title":{"rendered":"Skrzynka odzyskiwania Wpuszczana"},"content":{"rendered":"<p>Prze\u0142\u0105cznik po naci\u015bni\u0119ciu przerywa \u015bcie\u017ck\u0119 pomi\u0119dzy przy\u0142\u0105czami 02 i 12, np. resetuj\u0105c szklane czujki przeka\u017anikowe. Z diod\u0105 LED i brz\u0119czykiem. Zacisk \u015brubowy do pod\u0142\u0105czenia biegunowego z funkcj\u0105 podnoszenia dla przewodu 0,14-1mm2. Dost\u0119pna tak\u017ce w wersji natynkowej, patrz art. nr 28319.03 (E. nr 5015207). W zestawie pokrywa bia\u0142a 86x86mm.<\/p>","protected":false},"excerpt":{"rendered":"<p>Prze\u0142\u0105cznik po naci\u015bni\u0119ciu przerywa \u015bcie\u017ck\u0119 pomi\u0119dzy przy\u0142\u0105czami 02 i 12, np. resetuj\u0105c szklane czujki przeka\u017anikowe. Z diod\u0105 LED i brz\u0119czykiem. Zacisk \u015brubowy do pod\u0142\u0105czenia biegunowego z funkcj\u0105 podnoszenia dla przewodu 0,14-1mm2. Dost\u0119pne r\u00f3wnie\u017c w wersji do monta\u017cu powierzchniowego<\/p>","protected":false},"featured_media":142507,"template":"","meta":{"_acf_changed":false},"product_brand":[],"product_cat":[1545],"product_tag":[2218],"class_list":{"0":"post-52152","1":"product","2":"type-product","3":"status-publish","4":"has-post-thumbnail","6":"product_cat-kopplingsdosa-larmdosa","7":"product_tag-dosa-glaskross","8":"product_shipping_class-postnord-varubrev","9":"pa_brands-alarmtech","10":"pa_farg-vit","11":"tm-no-options","13":"first","14":"outofstock","15":"sale","16":"taxable","17":"shipping-taxable","18":"purchasable","19":"product-type-simple"},"acf":[],"_links":{"self":[{"href":"https:\/\/secureus.se\/pl\/wp-json\/wp\/v2\/product\/52152","targetHints":{"allow":["GET"]}}],"collection":[{"href":"https:\/\/secureus.se\/pl\/wp-json\/wp\/v2\/product"}],"about":[{"href":"https:\/\/secureus.se\/pl\/wp-json\/wp\/v2\/types\/product"}],"wp:featuredmedia":[{"embeddable":true,"href":"https:\/\/secureus.se\/pl\/wp-json\/wp\/v2\/media\/142507"}],"wp:attachment":[{"href":"https:\/\/secureus.se\/pl\/wp-json\/wp\/v2\/media?parent=52152"}],"wp:term":[{"taxonomy":"product_brand","embeddable":true,"href":"https:\/\/secureus.se\/pl\/wp-json\/wp\/v2\/product_brand?post=52152"},{"taxonomy":"product_cat","embeddable":true,"href":"https:\/\/secureus.se\/pl\/wp-json\/wp\/v2\/product_cat?post=52152"},{"taxonomy":"product_tag","embeddable":true,"href":"https:\/\/secureus.se\/pl\/wp-json\/wp\/v2\/product_tag?post=52152"}],"curies":[{"name":"wp","href":"https:\/\/api.w.org\/{rel}","templated":true}]}}