{"id":52159,"date":"2022-06-29T13:06:55","date_gmt":"2022-06-29T11:06:55","guid":{"rendered":"https:\/\/secureus.se\/produkt\/bussplint-2x-1-3-par-avsak\/"},"modified":"2026-03-26T11:40:23","modified_gmt":"2026-03-26T10:40:23","slug":"bussplint-2x-1-3-par-avsak","status":"publish","type":"product","link":"https:\/\/secureus.se\/pl\/bussplint-2x-1-3-par-avsak\/","title":{"rendered":"Terminal autobusowy 2X 1-3 pary Dep"},"content":{"rendered":"<p>Zacisk magistralny 6-biegunowy: 3\u00d71 para kabla przychodz\u0105cego rozdzielona na 3 x 3 pary. Trzecia para jest zabezpieczona w dw\u00f3ch miejscach, w kt\u00f3rych zabezpieczone s\u0105 dwie ostatnie pary wychodz\u0105ce (08+09). Zaciski \u015brubowe z funkcj\u0105 windy dla przewodu 0,14-1mm2. Oddzielny terminal do pod\u0142\u0105czenia ekranu. W komplecie z terminalem do podpisu 3131.01 (nr 5015386). Cok\u00f3\u0142 pasuje do programu tworzyw sztucznych i blachy Fatum.<\/p>","protected":false},"excerpt":{"rendered":"<p>Zacisk magistrali 6-pinowy: 3\u00d71 para kabla przychodz\u0105cego rozdzielona na 3 x 3 pary. Trzecia para jest zabezpieczona w dw\u00f3ch miejscach, gdzie znajduj\u0105 si\u0119 dwie ostatnie pary wychodz\u0105ce (08+09)<\/p>","protected":false},"featured_media":142144,"template":"","meta":{"_acf_changed":false},"product_brand":[],"product_cat":[1547],"product_tag":[2212],"class_list":{"0":"post-52159","1":"product","2":"type-product","3":"status-publish","4":"has-post-thumbnail","6":"product_cat-plint-larm-telebox","7":"product_tag-box-bygling-buss","8":"product_shipping_class-postnord-varubrev","9":"pa_brands-alarmtech","10":"tm-no-options","12":"first","13":"outofstock","14":"sale","15":"taxable","16":"shipping-taxable","17":"purchasable","18":"product-type-simple"},"acf":[],"_links":{"self":[{"href":"https:\/\/secureus.se\/pl\/wp-json\/wp\/v2\/product\/52159","targetHints":{"allow":["GET"]}}],"collection":[{"href":"https:\/\/secureus.se\/pl\/wp-json\/wp\/v2\/product"}],"about":[{"href":"https:\/\/secureus.se\/pl\/wp-json\/wp\/v2\/types\/product"}],"wp:featuredmedia":[{"embeddable":true,"href":"https:\/\/secureus.se\/pl\/wp-json\/wp\/v2\/media\/142144"}],"wp:attachment":[{"href":"https:\/\/secureus.se\/pl\/wp-json\/wp\/v2\/media?parent=52159"}],"wp:term":[{"taxonomy":"product_brand","embeddable":true,"href":"https:\/\/secureus.se\/pl\/wp-json\/wp\/v2\/product_brand?post=52159"},{"taxonomy":"product_cat","embeddable":true,"href":"https:\/\/secureus.se\/pl\/wp-json\/wp\/v2\/product_cat?post=52159"},{"taxonomy":"product_tag","embeddable":true,"href":"https:\/\/secureus.se\/pl\/wp-json\/wp\/v2\/product_tag?post=52159"}],"curies":[{"name":"wp","href":"https:\/\/api.w.org\/{rel}","templated":true}]}}