{"id":52164,"date":"2022-06-29T13:04:51","date_gmt":"2022-06-29T11:04:51","guid":{"rendered":"https:\/\/secureus.se\/produkt\/minibox-tom-1-plint-2\/"},"modified":"2026-03-26T11:40:36","modified_gmt":"2026-03-26T10:40:36","slug":"minibox-tom-1-plint-2","status":"publish","type":"product","link":"https:\/\/secureus.se\/pl\/minibox-tom-1-plint-2\/","title":{"rendered":"Minibox pusty 1 terminal"},"content":{"rendered":"<p>Puste pude\u0142ko z pe\u0142n\u0105 pokryw\u0105 z czerwonego plastiku, zgodne z UL94-V0. Zawiera \u015brub\u0119 do pokrywy i \u015brub\u0119 do terminala. Otwory na kabel znajduj\u0105 si\u0119 z ty\u0142u pude\u0142ka. Nale\u017cy uzupe\u0142ni\u0107 elementami dystansowymi do uk\u0142adania w stosy: 6 mm 2581.06 (5015236) lub 13 mm 2581.13 (5015238) i tabliczk\u0105 na\u015bcienn\u0105 3132.01 (5015560).<\/p>","protected":false},"excerpt":{"rendered":"<p>Puste pude\u0142ko z pe\u0142n\u0105 pokryw\u0105 z czerwonego plastiku, zgodne z UL94-V0. Zawiera \u015brub\u0119 do pokrywy i \u015brub\u0119 do terminala. Otwory na kabel znajduj\u0105 si\u0119 z ty\u0142u pude\u0142ka. Kompletny<\/p>","protected":false},"featured_media":142314,"template":"","meta":{"_acf_changed":false},"product_brand":[],"product_cat":[1545],"product_tag":[],"class_list":{"0":"post-52164","1":"product","2":"type-product","3":"status-publish","4":"has-post-thumbnail","6":"product_cat-kopplingsdosa-larmdosa","7":"product_shipping_class-postnord-varubrev","8":"pa_brands-alarmtech","9":"tm-no-options","11":"first","12":"outofstock","13":"sale","14":"taxable","15":"shipping-taxable","16":"purchasable","17":"product-type-simple"},"acf":[],"_links":{"self":[{"href":"https:\/\/secureus.se\/pl\/wp-json\/wp\/v2\/product\/52164","targetHints":{"allow":["GET"]}}],"collection":[{"href":"https:\/\/secureus.se\/pl\/wp-json\/wp\/v2\/product"}],"about":[{"href":"https:\/\/secureus.se\/pl\/wp-json\/wp\/v2\/types\/product"}],"wp:featuredmedia":[{"embeddable":true,"href":"https:\/\/secureus.se\/pl\/wp-json\/wp\/v2\/media\/142314"}],"wp:attachment":[{"href":"https:\/\/secureus.se\/pl\/wp-json\/wp\/v2\/media?parent=52164"}],"wp:term":[{"taxonomy":"product_brand","embeddable":true,"href":"https:\/\/secureus.se\/pl\/wp-json\/wp\/v2\/product_brand?post=52164"},{"taxonomy":"product_cat","embeddable":true,"href":"https:\/\/secureus.se\/pl\/wp-json\/wp\/v2\/product_cat?post=52164"},{"taxonomy":"product_tag","embeddable":true,"href":"https:\/\/secureus.se\/pl\/wp-json\/wp\/v2\/product_tag?post=52164"}],"curies":[{"name":"wp","href":"https:\/\/api.w.org\/{rel}","templated":true}]}}