{"id":52165,"date":"2022-06-29T13:04:42","date_gmt":"2022-06-29T11:04:42","guid":{"rendered":"https:\/\/secureus.se\/produkt\/minibox-tom-1-plint\/"},"modified":"2026-03-26T11:40:46","modified_gmt":"2026-03-26T10:40:46","slug":"minibox-tom-1-plint","status":"publish","type":"product","link":"https:\/\/secureus.se\/pl\/minibox-tom-1-plint\/","title":{"rendered":"Minibox pusty 1 terminal"},"content":{"rendered":"<p>Puste pude\u0142ko z pe\u0142n\u0105 pokryw\u0105 z bia\u0142ego plastiku, zgodne z UL94-V0. Zawiera \u015brub\u0119 do pokrywy i \u015brub\u0119 do listwy zaciskowej. Otwory na kabel znajduj\u0105 si\u0119 z ty\u0142u pude\u0142ka. Mo\u017cesz uzupe\u0142ni\u0107 o elementy dystansowe, kt\u00f3re mo\u017cna uk\u0142ada\u0107 jeden na drugim: 6 mm 2581.06 (5015236) lub 13 mm 2581.13 (5015238) i tabliczk\u0119 na\u015bcienn\u0105 3132.01 (5015560).<\/p>","protected":false},"excerpt":{"rendered":"<p>Puste pude\u0142ko z pe\u0142n\u0105 pokryw\u0105 z bia\u0142ego plastiku, zgodne z UL94-V0. Zawiera \u015brub\u0119 do pokrywy i \u015brub\u0119 do terminala. Otwory na kabel znajduj\u0105 si\u0119 z ty\u0142u pude\u0142ka. Kompletny<\/p>","protected":false},"featured_media":142909,"template":"","meta":{"_acf_changed":false},"product_brand":[],"product_cat":[1545],"product_tag":[],"class_list":{"0":"post-52165","1":"product","2":"type-product","3":"status-publish","4":"has-post-thumbnail","6":"product_cat-kopplingsdosa-larmdosa","7":"product_shipping_class-postnord-varubrev","8":"pa_brands-alarmtech","9":"tm-no-options","11":"first","12":"outofstock","13":"sale","14":"taxable","15":"shipping-taxable","16":"purchasable","17":"product-type-simple"},"acf":[],"_links":{"self":[{"href":"https:\/\/secureus.se\/pl\/wp-json\/wp\/v2\/product\/52165","targetHints":{"allow":["GET"]}}],"collection":[{"href":"https:\/\/secureus.se\/pl\/wp-json\/wp\/v2\/product"}],"about":[{"href":"https:\/\/secureus.se\/pl\/wp-json\/wp\/v2\/types\/product"}],"wp:featuredmedia":[{"embeddable":true,"href":"https:\/\/secureus.se\/pl\/wp-json\/wp\/v2\/media\/142909"}],"wp:attachment":[{"href":"https:\/\/secureus.se\/pl\/wp-json\/wp\/v2\/media?parent=52165"}],"wp:term":[{"taxonomy":"product_brand","embeddable":true,"href":"https:\/\/secureus.se\/pl\/wp-json\/wp\/v2\/product_brand?post=52165"},{"taxonomy":"product_cat","embeddable":true,"href":"https:\/\/secureus.se\/pl\/wp-json\/wp\/v2\/product_cat?post=52165"},{"taxonomy":"product_tag","embeddable":true,"href":"https:\/\/secureus.se\/pl\/wp-json\/wp\/v2\/product_tag?post=52165"}],"curies":[{"name":"wp","href":"https:\/\/api.w.org\/{rel}","templated":true}]}}