{"id":52180,"date":"2022-06-29T13:00:43","date_gmt":"2022-06-29T11:00:43","guid":{"rendered":"https:\/\/secureus.se\/produkt\/kk-lada-for-20-plint\/"},"modified":"2026-03-26T11:40:48","modified_gmt":"2026-03-26T10:40:48","slug":"kk-lada-for-20-plint","status":"publish","type":"product","link":"https:\/\/secureus.se\/pl\/kk-lada-for-20-plint\/","title":{"rendered":"Kk Box na 20 zacisk\u00f3w"},"content":{"rendered":"<p>Solidna skrzynka z blachy ocynkowanej z bia\u0142\u0105, lakierowan\u0105 pokryw\u0105 i wst\u0119pnie dziurkowanymi wyj\u015bciami kablowymi zakrytymi plastikowymi wtyczkami. Wymiary 422x528x38mm. Pasuje do wszystkich zacisk\u00f3w modu\u0142owych programu Fatum i jest przygotowany na 20 modu\u0142\u00f3w. Do uzupe\u0142nienia tabliczk\u0105 do znakowania na \u015bcian\u0119 3132.01 (5015560), dodatkow\u0105 zatyczk\u0105 0905.18 (5015540) i elementami dystansowymi do \u015bciany 2590.04 (5015360) lub terminalem do znakowania nr art. 3131.01 (5015386) dla modu\u0142\u00f3w na zam\u00f3wienie.<\/p>","protected":false},"excerpt":{"rendered":"<p>Solidna skrzynka z blachy ocynkowanej z bia\u0142\u0105, lakierowan\u0105 pokryw\u0105 i wst\u0119pnie dziurkowanymi wyj\u015bciami kablowymi zakrytymi plastikowymi wtyczkami. Wymiary 422x528x38mm. Pasuje do wszystkich zacisk\u00f3w modu\u0142owych programu Fatum i jest przygotowany na 20 modu\u0142\u00f3w. W komplecie tabliczka z podpisem<\/p>","protected":false},"featured_media":142934,"template":"","meta":{"_acf_changed":false},"product_brand":[],"product_cat":[1547],"product_tag":[],"class_list":{"0":"post-52180","1":"product","2":"type-product","3":"status-publish","4":"has-post-thumbnail","6":"product_cat-plint-larm-telebox","7":"product_shipping_class-postnord-varubrev","8":"pa_brands-alarmtech","9":"tm-no-options","11":"first","12":"outofstock","13":"sale","14":"taxable","15":"shipping-taxable","16":"purchasable","17":"product-type-simple"},"acf":[],"_links":{"self":[{"href":"https:\/\/secureus.se\/pl\/wp-json\/wp\/v2\/product\/52180","targetHints":{"allow":["GET"]}}],"collection":[{"href":"https:\/\/secureus.se\/pl\/wp-json\/wp\/v2\/product"}],"about":[{"href":"https:\/\/secureus.se\/pl\/wp-json\/wp\/v2\/types\/product"}],"wp:featuredmedia":[{"embeddable":true,"href":"https:\/\/secureus.se\/pl\/wp-json\/wp\/v2\/media\/142934"}],"wp:attachment":[{"href":"https:\/\/secureus.se\/pl\/wp-json\/wp\/v2\/media?parent=52180"}],"wp:term":[{"taxonomy":"product_brand","embeddable":true,"href":"https:\/\/secureus.se\/pl\/wp-json\/wp\/v2\/product_brand?post=52180"},{"taxonomy":"product_cat","embeddable":true,"href":"https:\/\/secureus.se\/pl\/wp-json\/wp\/v2\/product_cat?post=52180"},{"taxonomy":"product_tag","embeddable":true,"href":"https:\/\/secureus.se\/pl\/wp-json\/wp\/v2\/product_tag?post=52180"}],"curies":[{"name":"wp","href":"https:\/\/api.w.org\/{rel}","templated":true}]}}