{"id":52183,"date":"2022-06-29T12:59:36","date_gmt":"2022-06-29T10:59:36","guid":{"rendered":"https:\/\/secureus.se\/produkt\/kopplingsbox-plat-4-plint\/"},"modified":"2026-04-08T16:54:05","modified_gmt":"2026-04-08T14:54:05","slug":"kopplingsbox-plat-4-plint","status":"publish","type":"product","link":"https:\/\/secureus.se\/pl\/kopplingsbox-plat-4-plint\/","title":{"rendered":"Skrzynka przy\u0142\u0105czeniowa P\u0142yta 4 Zacisk"},"content":{"rendered":"<p>Solidna skrzynka z blachy ocynkowanej z lakierowan\u0105 bia\u0142\u0105 pokryw\u0105 i wst\u0119pnie dziurkowanymi wyj\u015bciami kablowymi zakrytymi plastikowymi wtyczkami. Wymiary 128x207x38mm. Pasuje do wszystkich zacisk\u00f3w modu\u0142owych programu Fatum i jest przygotowany na 4 modu\u0142y. Pude\u0142ko jest r\u00f3wnie\u017c dost\u0119pne w tym samym rozmiarze, ale z charakterystycznym otworem, patrz 3204.03 (5015261). Do uzupe\u0142nienia tabliczk\u0105 znamionow\u0105 do artyku\u0142u \u015bciennego nr 3132.01 (5015560), dodatkow\u0105 zatyczk\u0105 0905.18 (5015540) i elementami dystansowymi do \u015bciany 2590.04 (5015360)<\/p>","protected":false},"excerpt":{"rendered":"<p>Solidna skrzynka z blachy ocynkowanej z lakierowan\u0105 bia\u0142\u0105 pokryw\u0105 i wst\u0119pnie dziurkowanymi wyj\u015bciami kablowymi zakrytymi plastikowymi wtyczkami. Wymiary 128x207x38mm. Pasuje do wszystkich zacisk\u00f3w modu\u0142owych programu Fatum i jest przygotowany na 4 modu\u0142y. Dost\u0119pne jest r\u00f3wnie\u017c pude\u0142ko<\/p>","protected":false},"featured_media":142371,"template":"","meta":{"_acf_changed":false},"product_brand":[],"product_cat":[1547],"product_tag":[2210],"class_list":{"0":"post-52183","1":"product","2":"type-product","3":"status-publish","4":"has-post-thumbnail","6":"product_cat-plint-larm-telebox","7":"product_tag-box-plat","8":"product_shipping_class-postnord-varubrev","9":"pa_brands-alarmtech","10":"tm-no-options","12":"first","13":"outofstock","14":"sale","15":"taxable","16":"shipping-taxable","17":"purchasable","18":"product-type-simple"},"acf":[],"_links":{"self":[{"href":"https:\/\/secureus.se\/pl\/wp-json\/wp\/v2\/product\/52183","targetHints":{"allow":["GET"]}}],"collection":[{"href":"https:\/\/secureus.se\/pl\/wp-json\/wp\/v2\/product"}],"about":[{"href":"https:\/\/secureus.se\/pl\/wp-json\/wp\/v2\/types\/product"}],"wp:featuredmedia":[{"embeddable":true,"href":"https:\/\/secureus.se\/pl\/wp-json\/wp\/v2\/media\/142371"}],"wp:attachment":[{"href":"https:\/\/secureus.se\/pl\/wp-json\/wp\/v2\/media?parent=52183"}],"wp:term":[{"taxonomy":"product_brand","embeddable":true,"href":"https:\/\/secureus.se\/pl\/wp-json\/wp\/v2\/product_brand?post=52183"},{"taxonomy":"product_cat","embeddable":true,"href":"https:\/\/secureus.se\/pl\/wp-json\/wp\/v2\/product_cat?post=52183"},{"taxonomy":"product_tag","embeddable":true,"href":"https:\/\/secureus.se\/pl\/wp-json\/wp\/v2\/product_tag?post=52183"}],"curies":[{"name":"wp","href":"https:\/\/api.w.org\/{rel}","templated":true}]}}