{"id":52184,"date":"2022-06-29T12:59:25","date_gmt":"2022-06-29T10:59:25","guid":{"rendered":"https:\/\/secureus.se\/produkt\/aterstallningsbox-sab\/"},"modified":"2026-03-26T11:40:57","modified_gmt":"2026-03-26T10:40:57","slug":"aterstallningsbox-sab","status":"publish","type":"product","link":"https:\/\/secureus.se\/pl\/aterstallningsbox-sab\/","title":{"rendered":"Resetuj skrzynk\u0119 Sob"},"content":{"rendered":"<p>Korzystnie stosowany do resetowania r\u00f3\u017cnego rodzaju czujek 12V (np. czujnik\u00f3w zbicia szyby) lub linii niskopr\u0105dowych, kt\u00f3re chcesz od\u0142\u0105czy\u0107 w spos\u00f3b kontrolowany. Kompletny produkt w ma\u0142ym pude\u0142ku z tworzywa sztucznego UL94-V0 (ognioszczelnego, niezawieraj\u0105cego halogen\u00f3w), kt\u00f3ry mo\u017cna uzupe\u0142ni\u0107 o elementy dystansowe \u015bcienne 6 mm (2581.06, Enr 5015236) lub 13 mm (2581.13, Enr 5015238) lub tabliczk\u0119 na\u015bcienn\u0105 (3132.01, Nr 5015560). Dost\u0119pne r\u00f3wnie\u017c w wersji do wbudowania (6139.03, Enr 5015501).<\/p>","protected":false},"excerpt":{"rendered":"<p>Korzystnie stosowany do resetowania r\u00f3\u017cnego rodzaju czujek 12V (np. czujnik\u00f3w zbicia szyby) lub linii niskopr\u0105dowych, kt\u00f3re chcesz od\u0142\u0105czy\u0107 w spos\u00f3b kontrolowany. Kompletny produkt w ma\u0142ym pude\u0142ku z tworzywa sztucznego UL94-V0 (ognioszczelnego, bezhalogenowego).<\/p>","protected":false},"featured_media":142379,"template":"","meta":{"_acf_changed":false},"product_brand":[],"product_cat":[1545],"product_tag":[2218],"class_list":{"0":"post-52184","1":"product","2":"type-product","3":"status-publish","4":"has-post-thumbnail","6":"product_cat-kopplingsdosa-larmdosa","7":"product_tag-dosa-glaskross","8":"product_shipping_class-postnord-varubrev","9":"pa_brands-alarmtech","10":"pa_farg-vit","11":"tm-no-options","13":"first","14":"outofstock","15":"sale","16":"taxable","17":"shipping-taxable","18":"purchasable","19":"product-type-simple"},"acf":[],"_links":{"self":[{"href":"https:\/\/secureus.se\/pl\/wp-json\/wp\/v2\/product\/52184","targetHints":{"allow":["GET"]}}],"collection":[{"href":"https:\/\/secureus.se\/pl\/wp-json\/wp\/v2\/product"}],"about":[{"href":"https:\/\/secureus.se\/pl\/wp-json\/wp\/v2\/types\/product"}],"wp:featuredmedia":[{"embeddable":true,"href":"https:\/\/secureus.se\/pl\/wp-json\/wp\/v2\/media\/142379"}],"wp:attachment":[{"href":"https:\/\/secureus.se\/pl\/wp-json\/wp\/v2\/media?parent=52184"}],"wp:term":[{"taxonomy":"product_brand","embeddable":true,"href":"https:\/\/secureus.se\/pl\/wp-json\/wp\/v2\/product_brand?post=52184"},{"taxonomy":"product_cat","embeddable":true,"href":"https:\/\/secureus.se\/pl\/wp-json\/wp\/v2\/product_cat?post=52184"},{"taxonomy":"product_tag","embeddable":true,"href":"https:\/\/secureus.se\/pl\/wp-json\/wp\/v2\/product_tag?post=52184"}],"curies":[{"name":"wp","href":"https:\/\/api.w.org\/{rel}","templated":true}]}}